{"id":121831,"date":"2023-10-04T00:00:00","date_gmt":"2023-10-04T05:00:00","guid":{"rendered":"https:\/\/gpl-love.com\/es\/producto\/yith-desktop-notifications-para-woocommerce-premium\/"},"modified":"2026-03-13T17:34:14","modified_gmt":"2026-03-13T22:34:14","slug":"yith-desktop-notifications-para-woocommerce-premium","status":"publish","type":"product","link":"https:\/\/gpl-love.com\/es\/producto\/yith-desktop-notifications-para-woocommerce-premium\/","title":{"rendered":"YITH Desktop Notifications para WooCommerce Premium 1.27.0"},"content":{"rendered":"<h3>YITH Desktop Notifications para WooCommerce Premium Caracteristicas<\/h3>\n<p>Y Notificaciones de escritorio para WooCommerce Premium, una herramienta incre\u00edblemente robusta meticulosamente elaborada para aumentar la experiencia de compra general para los clientes que frecuentan su tienda virtual, posee la capacidad de transmitir notificaciones de escritorio individualizadas a su estimada clientela, manteni\u00e9ndolos efectivamente informados de las \u00faltimas ofertas de productos, Ventas lucrativas y promociones atractivas en tiempo real. Estas notificaciones atractivas pueden personalizarse sin problemas para alinearse con el estilo distintivo de su marca y transmitir su mensaje deseado, asegurando as\u00ed que sus valiosos clientes reciban un encuentro integrado y armonioso en todas las plataformas. Adem\u00e1s, este complemento excepcional tambi\u00e9n le otorga una gran cantidad de opciones de orientaci\u00f3n avanzada, lo que lo permite a adaptar meticulosamente sus notificaciones para adaptarse a segmentos espec\u00edficos de los clientes, basado en su historial de compras matizado, ubicaci\u00f3n geogr\u00e1fica y patrones de comportamiento exhibidos en su sitio estimado. Al aprovechar las notables capacidades de sus notificaciones de escritorio para WooCommerce Premium, usted est\u00e1 listo para vigorizar la participaci\u00f3n del cliente, aumentar las cifras de ventas y forjar relaciones indelebles y duraderas con sus atesorados patrocinadores.<\/p>\n<ul>\n<li>Notificaciones instant\u00e1neas para los propietarios de tiendas de WooCommerce<\/li>\n<li>Capacidad para notificar a los clientes nuevos productos, ofertas y promociones<\/li>\n<li>Configuraci\u00f3n de notificaci\u00f3n personalizable para la frecuencia y la apariencia<\/li>\n<li>Compatible con navegadores web populares que incluyen Chrome, Firefox y Safari<\/li>\n<li>Instalaci\u00f3n f\u00e1cil y proceso de configuraci\u00f3n<\/li>\n<li>Aumenta la participaci\u00f3n y las ventas del cliente manteni\u00e9ndolos informados y actualizados<\/li>\n<li>Alternativa eficiente y rentable a las campa\u00f1as tradicionales de marketing por correo electr\u00f3nico<\/li>\n<li>Atenci\u00f3n al cliente 24\/7 del equipo t\u00e9cnico<\/li>\n<\/ul>\n","protected":false},"excerpt":{"rendered":"<p>Su notificaciones de escritorio para WooCommerce Premium es un complemento incre\u00edblemente robusto y rico en funciones que le otorga la capacidad de proporcionar a sus valiosos clientes notificaciones oportunas e instant\u00e1neas con respecto al advenimiento de productos novedosos, descuentos, promociones y una variedad de otras ofertas atractivas. Este complemento excepcional sirve como un activo indispensable para elevar y aumentar la experiencia de compra general de su estimada clientela, cortes\u00eda de su capacidad para proporcionarles las \u00faltimas actualizaciones y desarrollos directamente en su escritorio o dispositivos m\u00f3viles. En virtud de sus notificaciones de escritorio, se le otorga la notable capacidad de adaptar y personalizar intrincadamente estas notificaciones para alinearse con precisi\u00f3n con sus distintas preferencias y requisitos. Adem\u00e1s, esta ingeniosa herramienta le capacita a planificar y estrategias meticulosamente los horarios de visualizaci\u00f3n de estas notificaciones, lo que le permite optimizar eficazmente su impacto. Adem\u00e1s, sus notificaciones de escritorio facilitan la promoci\u00f3n perfecta y perfecta de los productos relacionados, por lo tanto, la venta cruzada y ventilada de varios art\u00edculos a sus clientes exigentes. Quiz\u00e1s la ventaja m\u00e1s convincente de incorporar este complemento revolucionario en su tienda en l\u00ednea es su capacidad incomparable para motivar y atraer a sus clientes a regresar a su plataforma, mejorando dram\u00e1ticamente la retenci\u00f3n de los clientes. Al colaborar sin esfuerzo con esta herramienta excepcional, puede reforzar sus cifras de ventas sin esfuerzo y sustancial, asegurando as\u00ed un flujo de ingresos constante y consistente. Adem\u00e1s, el profundo impacto que tiene este complemento para mejorar la lealtad y la satisfacci\u00f3n del cliente no puede ser subestimado, por lo que es un componente absolutamente indispensable de cualquier empresa exitosa de comercio electr\u00f3nico.<\/p>\n","protected":false},"featured_media":168613,"comment_status":"open","ping_status":"open","template":"","meta":[],"product_brand":[2391],"product_cat":[1207,1225,1206],"product_tag":[1462],"class_list":{"0":"post-121831","1":"product","2":"type-product","3":"status-publish","4":"has-post-thumbnail","6":"product_brand-yith","7":"product_cat-comercio-electronico-plugins","8":"product_cat-marketing","9":"product_cat-plugins","10":"product_tag-yith","11":"member-discount","12":"discount-restricted","14":"first","15":"instock","16":"sale","17":"downloadable","18":"virtual","19":"sold-individually","20":"purchasable","21":"product-type-simple"},"_links":{"self":[{"href":"https:\/\/gpl-love.com\/es\/wp-json\/wp\/v2\/product\/121831","targetHints":{"allow":["GET"]}}],"collection":[{"href":"https:\/\/gpl-love.com\/es\/wp-json\/wp\/v2\/product"}],"about":[{"href":"https:\/\/gpl-love.com\/es\/wp-json\/wp\/v2\/types\/product"}],"replies":[{"embeddable":true,"href":"https:\/\/gpl-love.com\/es\/wp-json\/wp\/v2\/comments?post=121831"}],"wp:featuredmedia":[{"embeddable":true,"href":"https:\/\/gpl-love.com\/es\/wp-json\/wp\/v2\/media\/168613"}],"wp:attachment":[{"href":"https:\/\/gpl-love.com\/es\/wp-json\/wp\/v2\/media?parent=121831"}],"wp:term":[{"taxonomy":"product_brand","embeddable":true,"href":"https:\/\/gpl-love.com\/es\/wp-json\/wp\/v2\/product_brand?post=121831"},{"taxonomy":"product_cat","embeddable":true,"href":"https:\/\/gpl-love.com\/es\/wp-json\/wp\/v2\/product_cat?post=121831"},{"taxonomy":"product_tag","embeddable":true,"href":"https:\/\/gpl-love.com\/es\/wp-json\/wp\/v2\/product_tag?post=121831"}],"curies":[{"name":"wp","href":"https:\/\/api.w.org\/{rel}","templated":true}]}}