{"id":121829,"date":"2023-10-04T00:00:00","date_gmt":"2023-10-04T05:00:00","guid":{"rendered":"https:\/\/gpl-love.com\/es\/producto\/yith-deposits-y-down-payments-premium\/"},"modified":"2026-03-13T17:34:13","modified_gmt":"2026-03-13T22:34:13","slug":"yith-deposits-y-down-payments-premium","status":"publish","type":"product","link":"https:\/\/gpl-love.com\/es\/producto\/yith-deposits-y-down-payments-premium\/","title":{"rendered":"YITH Deposits y Down Payments Premium 2.9.0"},"content":{"rendered":"<h3>YITH Deposits y Down Payments Premium Caracteristicas<\/h3>\n<p>Su prima de pagos y pagos bajos es una pasarela de pago excepcional que otorga a los propietarios de tiendas en l\u00ednea la capacidad de aceptar dep\u00f3sitos y pagos parciales por su diversa gama de productos. Este ingenioso complemento brinda a los clientes una experiencia sin problemas y sin problemas, lo que les permite remitir sin esfuerzo un dep\u00f3sito o pago inicial por cualquier producto deseado que tengan la intenci\u00f3n de obtener, al tiempo que empodera a los propietarios de las tiendas con la capacidad de administrar y regular de manera efectiva el proceso de pago y Condiciones de venta. Este complemento notable ha demostrado ser especialmente ventajoso para las empresas que se especializan en ofrecer productos o servicios personalizados de alto valor o personalizados, ya que les brinda la oportunidad de salvaguardar un pago parcial por adelantado, en consecuencia, mitigando los riesgos potenciales asociados con el no pagos u pedidos cancelaciones. Adem\u00e1s, su prima de pagos y dep\u00f3sitos bajos tambi\u00e9n cuenta con una variedad de regulaciones de pago altamente personalizables, alternativas de reserva y funcionalidades automatizadas por correo electr\u00f3nico, lo que le hace una herramienta extremadamente conveniente y notablemente eficiente para los proveedores en l\u00ednea.<\/p>\n<ul>\n<li>Permite a los clientes realizar pagos o dep\u00f3sitos parciales en productos o servicios.<\/li>\n<li>Ayuda a aumentar las ventas y la satisfacci\u00f3n del cliente ofreciendo opciones de pago m\u00e1s flexibles<\/li>\n<li>Incluye configuraciones de dep\u00f3sito y pago personalizables para adaptarse a necesidades comerciales espec\u00edficas<\/li>\n<li>Se integra a la perfecci\u00f3n con las pasarelas de pago populares como PayPal y Stripe<\/li>\n<li>Proporciona un seguimiento f\u00e1cil del historial de dep\u00f3sitos y de pago tanto para clientes como para empresas.<\/li>\n<li>Ofrece la capacidad de establecer planes de pago y plazos para los clientes<\/li>\n<li>Proporciona notificaciones de correo electr\u00f3nico automatizadas para recordatorios de pago y actualizaciones<\/li>\n<li>Incluye una interfaz f\u00e1cil de usar para que los clientes administren su informaci\u00f3n de dep\u00f3sito y pago<\/li>\n<li>Ofrece soporte multiling\u00fce para empresas con clientes internacionales.<\/li>\n<\/ul>\n","protected":false},"excerpt":{"rendered":"<p>El complemento de Premium de dep\u00f3sitos y pagos bajos es una soluci\u00f3n excepcional y de alta calidad dise\u00f1ada espec\u00edficamente para empresas que dependen en gran medida de la conveniencia de la reserva y las ventas en l\u00ednea. Le otorga la invaluable oportunidad de ofrecer a sus estimados clientes la opci\u00f3n de hacer un dep\u00f3sito o un pago parcial en el momento preciso de reserva, al tiempo que tiene la comodidad de pagar el saldo restante en una fecha posterior acordada. Esta caracter\u00edstica innovadora no solo sirve para reforzar los ingresos generales de su negocio, sino que tambi\u00e9n mitiga considerablemente los riesgos potenciales asociados con las cancelaciones. Con una interfaz de usuario sin esfuerzo y una experiencia de pago incre\u00edblemente suave, los dep\u00f3sitos y el complemento premium de pagos bajos son sin duda un cambio de juego. Con sus notables plazos de pago personalizables y la capacidad \u00fanica de asignar dep\u00f3sitos a productos o categor\u00edas espec\u00edficos, este complemento indispensable permite que las empresas est\u00e9n optimizando y optimizar sus intrincados procesos de reserva y ventas.<\/p>\n","protected":false},"featured_media":168612,"comment_status":"open","ping_status":"open","template":"","meta":[],"product_brand":[2391],"product_cat":[1207,1426,1206],"product_tag":[1462],"class_list":{"0":"post-121829","1":"product","2":"type-product","3":"status-publish","4":"has-post-thumbnail","6":"product_brand-yith","7":"product_cat-comercio-electronico-plugins","8":"product_cat-pago-comercio-electronico-plugins","9":"product_cat-plugins","10":"product_tag-yith","11":"member-discount","12":"discount-restricted","14":"first","15":"instock","16":"sale","17":"downloadable","18":"virtual","19":"sold-individually","20":"purchasable","21":"product-type-simple"},"_links":{"self":[{"href":"https:\/\/gpl-love.com\/es\/wp-json\/wp\/v2\/product\/121829","targetHints":{"allow":["GET"]}}],"collection":[{"href":"https:\/\/gpl-love.com\/es\/wp-json\/wp\/v2\/product"}],"about":[{"href":"https:\/\/gpl-love.com\/es\/wp-json\/wp\/v2\/types\/product"}],"replies":[{"embeddable":true,"href":"https:\/\/gpl-love.com\/es\/wp-json\/wp\/v2\/comments?post=121829"}],"wp:featuredmedia":[{"embeddable":true,"href":"https:\/\/gpl-love.com\/es\/wp-json\/wp\/v2\/media\/168612"}],"wp:attachment":[{"href":"https:\/\/gpl-love.com\/es\/wp-json\/wp\/v2\/media?parent=121829"}],"wp:term":[{"taxonomy":"product_brand","embeddable":true,"href":"https:\/\/gpl-love.com\/es\/wp-json\/wp\/v2\/product_brand?post=121829"},{"taxonomy":"product_cat","embeddable":true,"href":"https:\/\/gpl-love.com\/es\/wp-json\/wp\/v2\/product_cat?post=121829"},{"taxonomy":"product_tag","embeddable":true,"href":"https:\/\/gpl-love.com\/es\/wp-json\/wp\/v2\/product_tag?post=121829"}],"curies":[{"name":"wp","href":"https:\/\/api.w.org\/{rel}","templated":true}]}}