{"id":121827,"date":"2024-03-11T00:00:00","date_gmt":"2024-03-11T05:00:00","guid":{"rendered":"https:\/\/gpl-love.com\/es\/producto\/yith-delivery-date-premium\/"},"modified":"2026-03-13T17:34:12","modified_gmt":"2026-03-13T22:34:12","slug":"yith-delivery-date-premium","status":"publish","type":"product","link":"https:\/\/gpl-love.com\/es\/producto\/yith-delivery-date-premium\/","title":{"rendered":"YITH Delivery Date Premium 2.30.0"},"content":{"rendered":"<h3>YITH Delivery Date Premium Caracteristicas<\/h3>\n<p>Su fecha de entrega Premium es una extensi\u00f3n incre\u00edblemente robusta y potente espec\u00edficamente dise\u00f1ada para WooCommerce, una plataforma de comercio electr\u00f3nico, que permite a las empresas en l\u00ednea integrar a la perfecci\u00f3n las opciones de fecha de entrega en su sitio web. Esta soluci\u00f3n de vanguardia otorga a los clientes la extraordinaria capacidad de seleccionar cuidadosamente su fecha y hora de entrega preferidas, d\u00e1ndoles as\u00ed un nivel de autonom\u00eda sin precedentes. Simult\u00e1neamente, la extensi\u00f3n confiere a los propietarios de tiendas un grado de control sin precedentes, ya que pueden administrar de manera efectiva y eficiente sus intrincados horarios de entrega, establecer e implementar restricciones de entrega, e incluso personalizar y adaptar los mensajes de entrega para satisfacer sus necesidades comerciales \u00fanicas. Al aprovechar esta herramienta excepcional, las empresas pueden revolucionar y mejorar de manera efectiva la experiencia general del cliente, ya que a los clientes tienen un nivel incomparable de control y flexibilidad con respecto a sus compras y entregas, culminando as\u00ed en un mayor sentido de satisfacci\u00f3n y lealtad del cliente. Adem\u00e1s, las empresas pueden optimizar y racionalizar sustancialmente sus operaciones administrando juiciosamente y astutamente sus horarios de entrega, lo que a su vez ayuda a mitigar y minimizar la aparici\u00f3n de entregas perdidas o retrasadas. En consecuencia, se hace muy evidente que su prima de la fecha de entrega es inequ\u00edvocamente una herramienta indispensable e indispensable para cualquier negocio en l\u00ednea astuto y exigente que aspira a ofrecer y proporcionar una experiencia de entrega absolutamente excepcional e incomparable para sus estimados y queridos clientes.<\/p>\n<ul>\n<li>Complemento de fecha de entrega potente y rico en funciones para WooCommerce<\/li>\n<li>Permite a los clientes especificar las fechas de entrega preferidas y las ranuras de tiempo durante el pago<\/li>\n<li>Las ranuras de fecha y hora pueden ser configuradas por el propietario de la tienda<\/li>\n<li>Opciones flexibles y personalizables, incluidas las fechas de apag\u00f3n y los tiempos de corte de pedido<\/li>\n<li>Compatible con una variedad de m\u00e9todos de env\u00edo, incluida la recolecci\u00f3n y entrega locales<\/li>\n<li>F\u00e1cil de instalar y configurar con documentaci\u00f3n y soporte claros<\/li>\n<li>Mejora la experiencia del cliente y garantiza entregas oportunas y convenientes<\/li>\n<li>Aumenta las tasas de conversi\u00f3n y disminuye los carros abandonados<\/li>\n<li>Admite m\u00faltiples idiomas para ventas y comunicaci\u00f3n globales<\/li>\n<\/ul>\n","protected":false},"excerpt":{"rendered":"<p>Su fecha de entrega Premium sirve como una soluci\u00f3n indispensable e influyente para las empresas en l\u00ednea que buscan mejorar sus servicios de entrega y env\u00edo. Al integrar este complemento, puede incorporar sin esfuerzo una opci\u00f3n de fecha de entrega en su proceso de pago, lo que brinda a los clientes la oportunidad de seleccionar su fecha y hora de entrega preferidas. Esta caracter\u00edstica invaluable no solo ayuda a mitigar las tasas de abandono del carrito, sino que tambi\u00e9n tiene el potencial de aumentar los niveles de satisfacci\u00f3n del cliente y fomentar la lealtad duradera del cliente. Adem\u00e1s, la versatilidad de este complemento le permite establecer limitaciones de entrega contingentes en su inventario, asignar entregas exclusivamente a los d\u00edas especificados de la semana y mucho m\u00e1s. En consecuencia, si aspira a elevar su empresa de comercio electr\u00f3nico a alturas sin precedentes, es imperativo que adquiera la fecha de entrega de la prima.<\/p>\n","protected":false},"featured_media":168611,"comment_status":"open","ping_status":"open","template":"","meta":[],"product_brand":[2391],"product_cat":[1208,1207,1206],"product_tag":[1462],"class_list":{"0":"post-121827","1":"product","2":"type-product","3":"status-publish","4":"has-post-thumbnail","6":"product_brand-yith","7":"product_cat-administracion","8":"product_cat-comercio-electronico-plugins","9":"product_cat-plugins","10":"product_tag-yith","11":"member-discount","12":"discount-restricted","14":"first","15":"instock","16":"sale","17":"downloadable","18":"virtual","19":"sold-individually","20":"purchasable","21":"product-type-simple"},"_links":{"self":[{"href":"https:\/\/gpl-love.com\/es\/wp-json\/wp\/v2\/product\/121827","targetHints":{"allow":["GET"]}}],"collection":[{"href":"https:\/\/gpl-love.com\/es\/wp-json\/wp\/v2\/product"}],"about":[{"href":"https:\/\/gpl-love.com\/es\/wp-json\/wp\/v2\/types\/product"}],"replies":[{"embeddable":true,"href":"https:\/\/gpl-love.com\/es\/wp-json\/wp\/v2\/comments?post=121827"}],"wp:featuredmedia":[{"embeddable":true,"href":"https:\/\/gpl-love.com\/es\/wp-json\/wp\/v2\/media\/168611"}],"wp:attachment":[{"href":"https:\/\/gpl-love.com\/es\/wp-json\/wp\/v2\/media?parent=121827"}],"wp:term":[{"taxonomy":"product_brand","embeddable":true,"href":"https:\/\/gpl-love.com\/es\/wp-json\/wp\/v2\/product_brand?post=121827"},{"taxonomy":"product_cat","embeddable":true,"href":"https:\/\/gpl-love.com\/es\/wp-json\/wp\/v2\/product_cat?post=121827"},{"taxonomy":"product_tag","embeddable":true,"href":"https:\/\/gpl-love.com\/es\/wp-json\/wp\/v2\/product_tag?post=121827"}],"curies":[{"name":"wp","href":"https:\/\/api.w.org\/{rel}","templated":true}]}}