{"id":121825,"date":"2022-01-09T00:00:00","date_gmt":"2022-01-09T05:00:00","guid":{"rendered":"https:\/\/gpl-love.com\/es\/producto\/yith-deals-para-woocommerce-premium\/"},"modified":"2026-03-13T17:34:11","modified_gmt":"2026-03-13T22:34:11","slug":"yith-deals-para-woocommerce-premium","status":"publish","type":"product","link":"https:\/\/gpl-love.com\/es\/producto\/yith-deals-para-woocommerce-premium\/","title":{"rendered":"YITH Deals para WooCommerce Premium 1.0.22"},"content":{"rendered":"<h3>YITH Deals para WooCommerce Premium Caracteristicas<\/h3>\n<p>Su acuerdos para WooCommerce Premium, un complemento muy robusto, sirve como una herramienta invaluable para los propietarios de tiendas en l\u00ednea que buscan establecer y supervisar ofertas y promociones especiales. Este complemento faculta a los propietarios de tiendas para presentar incentivos tales como descuentos, productos de cortes\u00eda y otras ofertas ventajosas a sus estimados clientes, aumentando en \u00faltima instancia las cifras de ventas y la lealtad de los clientes. La interfaz f\u00e1cil de usar proporcionada por el complemento facilita la configuraci\u00f3n r\u00e1pida y sin esfuerzo de ofertas, al tiempo que otorga la opci\u00f3n de programar dichos acuerdos para plazos y fechas espec\u00edficas. Adem\u00e1s, vale la pena se\u00f1alar que sus acuerdos para WooCommerce Premium cuenta con capacidades de personalizaci\u00f3n completas, lo que permite a los usuarios adaptar tanto la presentaci\u00f3n visual como la funcionalidad operativa del complemento para satisfacer sus requisitos \u00fanicos. A fin de cuentas, si est\u00e1 buscando una soluci\u00f3n conveniente e impactante para difundir acuerdos y promociones atractivas a su valiosa clientela, no busque m\u00e1s que acuerdos para WooCommerce Premium, una elecci\u00f3n excepcional.<\/p>\n<ul>\n<li>Aumente las ventas: aliente a los clientes a comprar m\u00e1s productos ofreci\u00e9ndoles ofertas y descuentos disponibles.<\/li>\n<li>F\u00e1cil de usar: Configurar y personalizar ofertas y descuentos con solo unos pocos clics, sin requerido ning\u00fan conocimiento de codificaci\u00f3n.<\/li>\n<li>Personalizar ofertas: le d\u00e9 a cada descuento un nombre personalizado, establezca un porcentaje o una cantidad fija del precio y elija a qu\u00e9 productos o categor\u00edas se aplica.<\/li>\n<li>Profectores de programaci\u00f3n: cree cuenta regresiva basada en el tiempo para acuerdos para aumentar un sentido de urgencia y alentar a los clientes a comprar antes de que expire la oferta.<\/li>\n<li>Soporte de monedas m\u00faltiples: Convierta los descuentos en diferentes monedas, lo que facilita atraer clientes internacionales.<\/li>\n<li>Soporte de la pasarela de pago m\u00faltiple: use cualquier pasarela de pago que WooCommerce admita para que el procesamiento de pagos sea su elecci\u00f3n.<\/li>\n<li>Hermosos dise\u00f1os: elija entre atractivas plantillas prefabricadas para insignias de descuento y anuncios de ofertas, o personalizarlas para que coincidan con la marca de su tienda.<\/li>\n<li>Boost Marketing por correo electr\u00f3nico: acuerdos de sincronizaci\u00f3n con campa\u00f1as de correo electr\u00f3nico automatizadas para notificar a los clientes sobre los descuentos disponibles y las ventas de impulso.<\/li>\n<li>Informes perspicaces: Analice datos para conocer cu\u00e1ntas ofertas se aplicaron, cu\u00e1ntos ingresos se generaron a trav\u00e9s de las ofertas y qu\u00e9 productos o categor\u00edas recibieron la mayor cantidad de descuentos.<\/li>\n<\/ul>\n","protected":false},"excerpt":{"rendered":"<p>Sus acuerdos para WooCommerce Premium sirven como un instrumento incre\u00edblemente potente comisariado exclusivamente para los propietarios de tiendas en l\u00ednea que aspiran a inventar acuerdos y promociones irresistibles, capaces de lanzar un hechizo sobre sus clientes. Este maravilloso complemento le permite configurar sin esfuerzo descuentos de naturaleza temporal, extender productos agrupados, inventar reglas de precios personalizadas y mucho m\u00e1s. La interfaz notablemente f\u00e1cil de usar le otorga la capacidad de administrar sin problemas sus promociones, mientras que el an\u00e1lisis integrado le otorga la capacidad de monitorear y evaluar su desempe\u00f1o. Armarse con ofertas para WooCommerce Premium y aseg\u00farese de que sus clientes siempre tengan un motivo convincente para devolver una y otra vez.<\/p>\n","protected":false},"featured_media":168610,"comment_status":"open","ping_status":"open","template":"","meta":[],"product_brand":[2391],"product_cat":[1207,1225,1206],"product_tag":[1462],"class_list":{"0":"post-121825","1":"product","2":"type-product","3":"status-publish","4":"has-post-thumbnail","6":"product_brand-yith","7":"product_cat-comercio-electronico-plugins","8":"product_cat-marketing","9":"product_cat-plugins","10":"product_tag-yith","11":"member-discount","12":"discount-restricted","14":"first","15":"instock","16":"sale","17":"downloadable","18":"virtual","19":"sold-individually","20":"purchasable","21":"product-type-simple"},"_links":{"self":[{"href":"https:\/\/gpl-love.com\/es\/wp-json\/wp\/v2\/product\/121825","targetHints":{"allow":["GET"]}}],"collection":[{"href":"https:\/\/gpl-love.com\/es\/wp-json\/wp\/v2\/product"}],"about":[{"href":"https:\/\/gpl-love.com\/es\/wp-json\/wp\/v2\/types\/product"}],"replies":[{"embeddable":true,"href":"https:\/\/gpl-love.com\/es\/wp-json\/wp\/v2\/comments?post=121825"}],"wp:featuredmedia":[{"embeddable":true,"href":"https:\/\/gpl-love.com\/es\/wp-json\/wp\/v2\/media\/168610"}],"wp:attachment":[{"href":"https:\/\/gpl-love.com\/es\/wp-json\/wp\/v2\/media?parent=121825"}],"wp:term":[{"taxonomy":"product_brand","embeddable":true,"href":"https:\/\/gpl-love.com\/es\/wp-json\/wp\/v2\/product_brand?post=121825"},{"taxonomy":"product_cat","embeddable":true,"href":"https:\/\/gpl-love.com\/es\/wp-json\/wp\/v2\/product_cat?post=121825"},{"taxonomy":"product_tag","embeddable":true,"href":"https:\/\/gpl-love.com\/es\/wp-json\/wp\/v2\/product_tag?post=121825"}],"curies":[{"name":"wp","href":"https:\/\/api.w.org\/{rel}","templated":true}]}}