{"id":121823,"date":"2025-09-09T00:00:00","date_gmt":"2025-09-09T05:00:00","guid":{"rendered":"https:\/\/gpl-love.com\/es\/producto\/yith-customize-my-account-page-premium\/"},"modified":"2026-03-13T17:34:11","modified_gmt":"2026-03-13T22:34:11","slug":"yith-customize-my-account-page-premium","status":"publish","type":"product","link":"https:\/\/gpl-love.com\/es\/producto\/yith-customize-my-account-page-premium\/","title":{"rendered":"YITH Customize My Account Page Premium 4.23.0"},"content":{"rendered":"<h3>YITH Customize My Account Page Premium Caracteristicas<\/h3>\n<p>Personaliza mi p\u00e1gina de cuenta, los arneses premium de un arsenal formidable de caracter\u00edsticas que permiten a los usuarios fabricar una p\u00e1gina de cuenta hecha a medida en su sitio web de comercio electr\u00f3nico. Este ingenioso complemento cuenta con una interfaz f\u00e1cil de usar que facilita sin problemas la modificaci\u00f3n tanto del contenido como del dise\u00f1o de dicha p\u00e1gina de cuentas. Armados con este complemento, los usuarios no solo pueden introducir campos novedosos sin esfuerzo en la p\u00e1gina de su cuenta, sino que tambi\u00e9n pueden alterar h\u00e1bilmente la disposici\u00f3n de los campos existentes y otorgarles nuevas apelaciones. Adem\u00e1s, el complemento ofrece un amplio espectro de plantillas y dise\u00f1os llamativos para examinar, asegurando as\u00ed que los usuarios puedan seleccionar ingeniosamente una p\u00e1gina de cuentas que no solo detenga la atenci\u00f3n de los visitantes, sino que tambi\u00e9n irradia la esencia misma de su identidad de marca distintiva. Para amplificar a\u00fan m\u00e1s su atractivo, este complemento est\u00e1 dotado de plena capacidad de respuesta, lo que le confiere la capacidad de acceder desde cualquier dispositivo, otorgando as\u00ed a las empresas de comercio electr\u00f3nico una herramienta invaluable para aumentar la experiencia general de sus clientes. En resumen, personalice mi p\u00e1gina de cuenta Premium Examen un nivel encomiable de adaptabilidad e intuitividad, ofreciendo efectivamente una soluci\u00f3n f\u00e1cil de usar para dise\u00f1ar una p\u00e1gina de cuentas altamente personalizada que enriquece de manera inequ\u00edvoca la experiencia del usuario y mejora la identidad de la marca.<\/p>\n<ul>\n<li>Permite a los usuarios personalizar el dise\u00f1o y el dise\u00f1o de su p\u00e1gina de cuenta para que se ajusten a su marca<\/li>\n<li>Incluye m\u00e1s de 100 plantillas predise\u00f1adas para seleccionar desde<\/li>\n<li>Interfaz de arrastrar y soltar f\u00e1cil de usar para la personalizaci\u00f3n<\/li>\n<li>Habilita la adici\u00f3n de campos y texto personalizados a la p\u00e1gina de la cuenta<\/li>\n<li>Admite la compatibilidad de varios idiomas para las empresas globales<\/li>\n<li>Proporciona opciones de personalizaci\u00f3n avanzada para desarrolladores experimentados<\/li>\n<li>Se integra a la perfecci\u00f3n con WooCommerce para una experiencia de cliente perfecta<\/li>\n<li>Ofrece actualizaciones y soporte gratuitos por un a\u00f1o despu\u00e9s de la compra<\/li>\n<li>Ayuda a mejorar la participaci\u00f3n del cliente y la lealtad a la marca a trav\u00e9s de una p\u00e1gina de cuenta personalizada.<\/li>\n<\/ul>\n","protected":false},"excerpt":{"rendered":"<p>El complemento premium de la p\u00e1gina de mi cuenta, que est\u00e1 espec\u00edficamente dise\u00f1ado para empresas con el objetivo de elevar la experiencia del sitio web de sus clientes, sirve como una herramienta extremadamente robusta. Al ofrecer una variedad de opciones como campos personalizados, pesta\u00f1as personalizadas y m\u00e1s, este complemento le permite adaptar la p\u00e1gina \u00abMi cuenta\u00bb de su sitio web de acuerdo con sus preferencias. En consecuencia, al utilizar la prima de la p\u00e1gina de mi cuenta personalice mi cuenta, posee la capacidad de crear un tablero de clientes que sea exclusivamente personalizado, fomentando as\u00ed un sentido de confianza y lealtad entre su clientela, mientras que mejora la funcionalidad general y el atractivo visual de su sitio web.<\/p>\n","protected":false},"featured_media":168609,"comment_status":"open","ping_status":"open","template":"","meta":[],"product_brand":[2391],"product_cat":[1207,1248,1206],"product_tag":[1462],"class_list":{"0":"post-121823","1":"product","2":"type-product","3":"status-publish","4":"has-post-thumbnail","6":"product_brand-yith","7":"product_cat-comercio-electronico-plugins","8":"product_cat-personalizacion-comercio-electronico-plugins","9":"product_cat-plugins","10":"product_tag-yith","11":"member-discount","12":"discount-restricted","14":"first","15":"instock","16":"sale","17":"downloadable","18":"virtual","19":"sold-individually","20":"purchasable","21":"product-type-simple"},"_links":{"self":[{"href":"https:\/\/gpl-love.com\/es\/wp-json\/wp\/v2\/product\/121823","targetHints":{"allow":["GET"]}}],"collection":[{"href":"https:\/\/gpl-love.com\/es\/wp-json\/wp\/v2\/product"}],"about":[{"href":"https:\/\/gpl-love.com\/es\/wp-json\/wp\/v2\/types\/product"}],"replies":[{"embeddable":true,"href":"https:\/\/gpl-love.com\/es\/wp-json\/wp\/v2\/comments?post=121823"}],"wp:featuredmedia":[{"embeddable":true,"href":"https:\/\/gpl-love.com\/es\/wp-json\/wp\/v2\/media\/168609"}],"wp:attachment":[{"href":"https:\/\/gpl-love.com\/es\/wp-json\/wp\/v2\/media?parent=121823"}],"wp:term":[{"taxonomy":"product_brand","embeddable":true,"href":"https:\/\/gpl-love.com\/es\/wp-json\/wp\/v2\/product_brand?post=121823"},{"taxonomy":"product_cat","embeddable":true,"href":"https:\/\/gpl-love.com\/es\/wp-json\/wp\/v2\/product_cat?post=121823"},{"taxonomy":"product_tag","embeddable":true,"href":"https:\/\/gpl-love.com\/es\/wp-json\/wp\/v2\/product_tag?post=121823"}],"curies":[{"name":"wp","href":"https:\/\/api.w.org\/{rel}","templated":true}]}}