{"id":121821,"date":"2024-03-11T00:00:00","date_gmt":"2024-03-11T05:00:00","guid":{"rendered":"https:\/\/gpl-love.com\/es\/producto\/yith-customer-history-premium\/"},"modified":"2026-03-13T17:34:10","modified_gmt":"2026-03-13T22:34:10","slug":"yith-customer-history-premium","status":"publish","type":"product","link":"https:\/\/gpl-love.com\/es\/producto\/yith-customer-history-premium\/","title":{"rendered":"YITH Customer History Premium 1.23.0"},"content":{"rendered":"<h3>YITH Customer History Premium Caracteristicas<\/h3>\n<p>Su prima de historia del cliente, un complemento excepcionalmente poderoso, le ofrece la notable capacidad de monitorear y documentar meticulosamente las innumerables actividades de sus clientes en su estimada tienda de WooCommerce. Al aprovechar sus caracter\u00edsticas altamente avanzadas, incluida la capacidad de rastrear meticulosamente los pedidos de los clientes, documentar productos meticulosamente vistos y registrar meticulosamente las b\u00fasquedas realizadas, puede examinar efectivamente los valiosos comportamientos de sus clientes con precisi\u00f3n incomparable y posteriormente obtener informaci\u00f3n invaluable en sus preferencias intrincadas y necesidades en constante evoluci\u00f3n. Adem\u00e1s, este complemento extraordinario le brinda la notable oportunidad de examinar sin esfuerzo los extensos historiales de compra de sus clientes y, armado con esta informaci\u00f3n invaluable, las campa\u00f1as de marketing altamente personalizadas de moda adaptadas a sus proplividades y predilecciones \u00fanicas. Adem\u00e1s, le otorga una extensa gama de filtros y opciones de clasificaci\u00f3n, facilitando enormemente su capacidad de buscar y administrar h\u00e1bilmente los tocadores en constante expansi\u00f3n de los datos del cliente a su disposici\u00f3n. En general, es inequ\u00edvocamente evidente que el indispensable su prima del historial del cliente representa un activo completamente indispensable para cualquier propietario de la tienda en l\u00ednea exigente y emprendedor que valga la pena, ya que constituye un instrumento indudablemente vital con un compromiso de cliente eficazmente mejorado y, por extensi\u00f3n, aumentando, aumentando. Cifras de ventas a alturas sin precedentes.<\/p>\n<ul>\n<li>Una herramienta poderosa que le permite realizar un seguimiento del historial de compras y las interacciones de los clientes con su tienda.<\/li>\n<li>Proporciona informaci\u00f3n valiosa sobre las preferencias y el comportamiento de compra de los clientes, lo que le permite adaptar sus campa\u00f1as de marketing y ofertas de productos a sus necesidades.<\/li>\n<li>Ofrece informes y an\u00e1lisis detallados sobre la actividad del cliente, incluidos pedidos, reembolsos, carros abandonados y m\u00e1s<\/li>\n<li>Facilita la creaci\u00f3n de campa\u00f1as de correo electr\u00f3nico y promociones de correo electr\u00f3nico basadas en las compras anteriores y la actividad del sitio de los clientes.<\/li>\n<li>La integraci\u00f3n con servicios populares de marketing por correo electr\u00f3nico como MailChimp y Constant Contact permite una f\u00e1cil gesti\u00f3n de la comunicaci\u00f3n por correo electr\u00f3nico y las campa\u00f1as<\/li>\n<li>Proporciona una visi\u00f3n integral de las interacciones de atenci\u00f3n al cliente, incluidos el historial de entradas, los mensajes y los comentarios, lo que le permite proporcionar un mejor servicio al cliente y soporte.<\/li>\n<li>Le ayuda a identificar y retener clientes valiosos proporcionando una imagen completa de su viaje con su tienda, desde la visita inicial hasta las compras repetidas.<\/li>\n<\/ul>\n","protected":false},"excerpt":{"rendered":"<p>Su prima de historia del cliente, un complemento incre\u00edblemente potente, tiene como objetivo elevar la experiencia del cliente en su tienda WooCommerce al proporcionarles un registro integral de sus pedidos, vistas de p\u00e1gina y art\u00edculos que han agregado a su lista de deseos. Al aprovechar este atributo premium excepcional, sus valiosos clientes estar\u00e1n facultados para leer y vigilar sin esfuerzo en su historial de compras, lo que les permite replicar sin esfuerzo y adquirir sus amados productos. Adem\u00e1s, este complemento tambi\u00e9n ofrece informaci\u00f3n invaluable sobre la conducta del cliente y las tendencias de compra, lo que le brinda la oportunidad de adaptar expertos sus estrategias de marketing en consonancia con estos patrones discernibles. Por lo tanto, es indiscutible que su prima de historia del cliente, con sus innumerables ventajas, sin duda engendre la satisfacci\u00f3n amplificada del cliente y la lealtad inquebrantable al cliente, culminando en un aumento sustancial en las ventas y la prosperidad comercial general.<\/p>\n","protected":false},"featured_media":168608,"comment_status":"open","ping_status":"open","template":"","meta":[],"product_brand":[2391],"product_cat":[1208,1207,1206],"product_tag":[1462],"class_list":{"0":"post-121821","1":"product","2":"type-product","3":"status-publish","4":"has-post-thumbnail","6":"product_brand-yith","7":"product_cat-administracion","8":"product_cat-comercio-electronico-plugins","9":"product_cat-plugins","10":"product_tag-yith","11":"member-discount","12":"discount-restricted","14":"first","15":"instock","16":"sale","17":"downloadable","18":"virtual","19":"sold-individually","20":"purchasable","21":"product-type-simple"},"_links":{"self":[{"href":"https:\/\/gpl-love.com\/es\/wp-json\/wp\/v2\/product\/121821","targetHints":{"allow":["GET"]}}],"collection":[{"href":"https:\/\/gpl-love.com\/es\/wp-json\/wp\/v2\/product"}],"about":[{"href":"https:\/\/gpl-love.com\/es\/wp-json\/wp\/v2\/types\/product"}],"replies":[{"embeddable":true,"href":"https:\/\/gpl-love.com\/es\/wp-json\/wp\/v2\/comments?post=121821"}],"wp:featuredmedia":[{"embeddable":true,"href":"https:\/\/gpl-love.com\/es\/wp-json\/wp\/v2\/media\/168608"}],"wp:attachment":[{"href":"https:\/\/gpl-love.com\/es\/wp-json\/wp\/v2\/media?parent=121821"}],"wp:term":[{"taxonomy":"product_brand","embeddable":true,"href":"https:\/\/gpl-love.com\/es\/wp-json\/wp\/v2\/product_brand?post=121821"},{"taxonomy":"product_cat","embeddable":true,"href":"https:\/\/gpl-love.com\/es\/wp-json\/wp\/v2\/product_cat?post=121821"},{"taxonomy":"product_tag","embeddable":true,"href":"https:\/\/gpl-love.com\/es\/wp-json\/wp\/v2\/product_tag?post=121821"}],"curies":[{"name":"wp","href":"https:\/\/api.w.org\/{rel}","templated":true}]}}