{"id":121819,"date":"2025-08-12T00:00:00","date_gmt":"2025-08-12T05:00:00","guid":{"rendered":"https:\/\/gpl-love.com\/es\/producto\/yith-custom-thank-you-page-para-woocommerce-premium\/"},"modified":"2026-03-13T17:34:09","modified_gmt":"2026-03-13T22:34:09","slug":"yith-custom-thank-you-page-para-woocommerce-premium","status":"publish","type":"product","link":"https:\/\/gpl-love.com\/es\/producto\/yith-custom-thank-you-page-para-woocommerce-premium\/","title":{"rendered":"YITH Custom Thank you Page para WooCommerce Premium 3.23.0"},"content":{"rendered":"<h3>YITH Custom Thank you Page para WooCommerce Premium Caracteristicas<\/h3>\n<p>La p\u00e1gina de agradecimiento personalizada para WooCommerce Premium es un complemento extraordinario que ha sido meticulosamente dise\u00f1ado para elevar la experiencia del cliente de su tienda en l\u00ednea a nuevas alturas. Al utilizar este complemento, tiene la capacidad de construir p\u00e1ginas de agradecimiento hechas a medida que dejar\u00e1n un impacto duradero en sus estimados clientes. El complemento lo equipa sin esfuerzo con una interfaz f\u00e1cil de usar, lo que a su vez le permite personalizar sus p\u00e1ginas de agradecimiento incorporando im\u00e1genes pertinentes, texto y otros elementos distintivos que est\u00e1n en sinton\u00eda con su marca. Adem\u00e1s, tambi\u00e9n se le da la opci\u00f3n de incorporar funciones adicionales y de venta cruzada en su p\u00e1gina de agradecimiento, lo que finalmente resulta en un impulso sustancial en los ingresos para su tienda. Con la implementaci\u00f3n de la p\u00e1gina de agradecimiento personalizada para WooCommerce Premium, mejorar\u00e1 sin lugar a dudas la experiencia general del cliente en su tienda en l\u00ednea, estableciendo as\u00ed una relaci\u00f3n firme con sus clientes leales, asegurando su retorno continuo para futuras compras.<\/p>\n<ul>\n<li>Cree p\u00e1ginas de agradecimiento personalizadas para su tienda WooCommerce<\/li>\n<li>Adaptar el contenido de la p\u00e1gina para que coincida con su marca o producto<\/li>\n<li>Agregue texto personalizado, im\u00e1genes, videos u otros medios a la p\u00e1gina<\/li>\n<li>Mostrar productos o productos recomendados en la p\u00e1gina<\/li>\n<li>Elija entre m\u00faltiples dise\u00f1os y dise\u00f1os para que coincida con su tema<\/li>\n<li>Personalizar la p\u00e1gina para productos o categor\u00edas de productos espec\u00edficos<\/li>\n<li>Use c\u00f3digos cortos para agregar contenido din\u00e1mico a la p\u00e1gina<\/li>\n<li>Aumentar la participaci\u00f3n del cliente y la lealtad con p\u00e1ginas de agradecimiento personalizadas<\/li>\n<li>Mejorar la experiencia posterior a la compra y la satisfacci\u00f3n del cliente<\/li>\n<li>Compatible con la \u00faltima versi\u00f3n de WooCommerce y WordPress<\/li>\n<\/ul>\n","protected":false},"excerpt":{"rendered":"<p>La p\u00e1gina de agradecimiento personalizada para WooCommerce Premium es una herramienta excepcional que ofrece una variedad de caracter\u00edsticas para la creaci\u00f3n de p\u00e1ginas de agradecimiento altamente personalizadas y notablemente profesionales, atendiendo las necesidades de su tienda en l\u00ednea. Con su interfaz f\u00e1cil de usar, este complemento le brinda la capacidad de personalizar perfectamente su p\u00e1gina de agradecimiento, incorporando elementos como el logotipo distintivo de su tienda, los \u00edconos de las redes sociales cautivadores, un mensaje personalizado e incluso la oportunidad de ventilar productos adicionales a su Clientela estimada. Al proporcionar a sus clientes una p\u00e1gina de agradecimiento a medida exclusivamente, tiene el poder de mejorar significativamente tanto la lealtad de la marca como los niveles de satisfacci\u00f3n del cliente. \u00a1Abrace hoy la p\u00e1gina de agradecimiento personalizada para WooCommerce Premium y embarque en un emocionante viaje hacia la elevaci\u00f3n de su tienda en l\u00ednea a alturas sin precedentes!<\/p>\n","protected":false},"featured_media":168607,"comment_status":"open","ping_status":"open","template":"","meta":[],"product_brand":[2391],"product_cat":[1207,1248,1206],"product_tag":[1462],"class_list":{"0":"post-121819","1":"product","2":"type-product","3":"status-publish","4":"has-post-thumbnail","6":"product_brand-yith","7":"product_cat-comercio-electronico-plugins","8":"product_cat-personalizacion-comercio-electronico-plugins","9":"product_cat-plugins","10":"product_tag-yith","11":"member-discount","12":"discount-restricted","14":"first","15":"instock","16":"sale","17":"downloadable","18":"virtual","19":"sold-individually","20":"purchasable","21":"product-type-simple"},"_links":{"self":[{"href":"https:\/\/gpl-love.com\/es\/wp-json\/wp\/v2\/product\/121819","targetHints":{"allow":["GET"]}}],"collection":[{"href":"https:\/\/gpl-love.com\/es\/wp-json\/wp\/v2\/product"}],"about":[{"href":"https:\/\/gpl-love.com\/es\/wp-json\/wp\/v2\/types\/product"}],"replies":[{"embeddable":true,"href":"https:\/\/gpl-love.com\/es\/wp-json\/wp\/v2\/comments?post=121819"}],"wp:featuredmedia":[{"embeddable":true,"href":"https:\/\/gpl-love.com\/es\/wp-json\/wp\/v2\/media\/168607"}],"wp:attachment":[{"href":"https:\/\/gpl-love.com\/es\/wp-json\/wp\/v2\/media?parent=121819"}],"wp:term":[{"taxonomy":"product_brand","embeddable":true,"href":"https:\/\/gpl-love.com\/es\/wp-json\/wp\/v2\/product_brand?post=121819"},{"taxonomy":"product_cat","embeddable":true,"href":"https:\/\/gpl-love.com\/es\/wp-json\/wp\/v2\/product_cat?post=121819"},{"taxonomy":"product_tag","embeddable":true,"href":"https:\/\/gpl-love.com\/es\/wp-json\/wp\/v2\/product_tag?post=121819"}],"curies":[{"name":"wp","href":"https:\/\/api.w.org\/{rel}","templated":true}]}}