{"id":121817,"date":"2025-08-12T00:00:00","date_gmt":"2025-08-12T05:00:00","guid":{"rendered":"https:\/\/gpl-love.com\/es\/producto\/yith-custom-order-status-premium\/"},"modified":"2026-03-13T17:34:08","modified_gmt":"2026-03-13T22:34:08","slug":"yith-custom-order-status-premium","status":"publish","type":"product","link":"https:\/\/gpl-love.com\/es\/producto\/yith-custom-order-status-premium\/","title":{"rendered":"YITH Custom Order Status Premium 2.13.0"},"content":{"rendered":"<h3>YITH Custom Order Status Premium Caracteristicas<\/h3>\n<p>Su estado personalizado, Premium, es un complemento altamente vers\u00e1til y multifac\u00e9tico que ofrece una amplia gama de caracter\u00edsticas y funcionalidades, lo que le permite administrar de manera efectiva y eficiente los estados de pedido personalizados dentro de su tienda WooCommerce. Al utilizar este complemento excepcional, se le otorga la capacidad de crear y asignar estados personalizados a sus pedidos, lo que le brinda la oportunidad de adaptar y personalizar la progresi\u00f3n del pedido de acuerdo con los requisitos y demandas \u00fanicas de sus operaciones comerciales espec\u00edficas. Estos estados personalizados pueden abarcar una multitud de etapas diferentes, incluidos, entre otros, \u00abprocesamiento\u00bb, \u00abenviado\u00bb y \u00abentregado\u00bb, imbuyendo su sistema de gesti\u00f3n de pedidos con un nivel elevado de adaptabilidad y flexibilidad. Para mejorar a\u00fan m\u00e1s la experiencia del usuario y mejorar los canales de comunicaci\u00f3n, el estado de pedido personalizado Premium tambi\u00e9n lo equipa con la capacidad de configurar las notificaciones autom\u00e1ticas de correo electr\u00f3nico que se enviar\u00e1n a sus clientes en etapas fundamentales en el viaje de su pedido, asegurando que est\u00e9n constantemente y confiablemente informadas sobre El progreso y el estado actual de su compra. Al proporcionar a sus clientes esta valiosa informaci\u00f3n y transparencia, puede infundir una sensaci\u00f3n de confianza y satisfacci\u00f3n, lo que finalmente eleva su experiencia general de compra. Adem\u00e1s, este complemento excepcional permite una variedad de opciones de personalizaci\u00f3n, lo que le brinda la capacidad de integrar sin problemas los estados y sus etiquetas correspondientes en el dise\u00f1o y la est\u00e9tica existentes de su tienda. Esta apariencia cohesiva y unificada sirve para mejorar el atractivo visual general y la cohesi\u00f3n de su sitio web, lo que le da un aire de profesionalismo y refinamiento. Adoptar las funcionalidades y caracter\u00edsticas integrales ofrecidas por su estado de pedido personalizado, Premium, le permite racionalizar y optimizar todo su proceso de gesti\u00f3n de pedidos, lo que resulta en una mayor eficiencia y productividad, as\u00ed como un nivel elevado de satisfacci\u00f3n y participaci\u00f3n del cliente.<\/p>\n<ul>\n<li>Le permite crear y personalizar los estados de pedido para su tienda WooCommerce.<\/li>\n<li>Le permite optimizar su proceso de gesti\u00f3n de pedidos con estados de pedido \u00fanicos que se adapten a su negocio.<\/li>\n<li>Le permite comunicarse mejor con sus clientes notific\u00e1ndoles los cambios en el estado de su pedido.<\/li>\n<li>Ofrece una interfaz intuitiva y f\u00e1cil de usar que le permite administrar y actualizar los estados de pedido con facilidad.<\/li>\n<li>Le brinda un control completo sobre el flujo de trabajo de estado del pedido permiti\u00e9ndole establecer reglas y cambios de estado autom\u00e1tico en funci\u00f3n de las acciones de pedido.<\/li>\n<li>Proporciona una funcionalidad completa de informes y an\u00e1lisis, lo que le permite realizar un seguimiento del rendimiento de su tienda y tomar decisiones basadas en datos.<\/li>\n<li>Ofrece una integraci\u00f3n perfecta con otros complementos para extender a\u00fan m\u00e1s las capacidades de su tienda.<\/li>\n<\/ul>\n","protected":false},"excerpt":{"rendered":"<p>El estado de pedido personalizado Premium es una herramienta incre\u00edblemente robusta y rica en funciones que le brinda la capacidad de crear y administrar sin esfuerzo los estados de pedido personalizados para su estimada tienda de WooCommerce. Este complemento excepcional le permite mantener meticulosamente las pesta\u00f1as en todos y cada uno de sus pedidos, desde la etapa de procesamiento inicial hasta la entrega muy esperada. Lo que realmente distingue a este complemento de la competencia es su capacidad incomparable para permitirle personalizar y adaptar las etiquetas de estado de su pedido de manera que se alinee perfectamente con sus requisitos comerciales \u00fanicos. Adem\u00e1s, tambi\u00e9n le permite enviar correos electr\u00f3nicos altamente informativos autom\u00e1ticamente a sus valiosos clientes, que contienen detalles pertinentes espec\u00edficamente relacionados con sus \u00f3rdenes individuales, todos basados \u200b\u200ben los distintos estados personalizados que han seleccionado personalmente. Adem\u00e1s, la interfaz de usuario exquisitamente dise\u00f1ada y notablemente intuitiva de su estado de estado personalizado, la prima le brinda la magn\u00edfica oportunidad de personalizar la paleta de colores y el estilo est\u00e9tico de sus etiquetas de estado personalizadas, lo que le permite cultivar una historia de orden de pedido visual y consistente que rastrean visualmente y consistentemente coherente. sistema. En consecuencia, ya sea que se encuentre con una soluci\u00f3n integral para administrar y optimizar de manera efectiva su flujo de trabajo de pedido o est\u00e1 dedicado fervientemente a mejorar y optimizar la experiencia general del cliente dentro de su estimado negocio en l\u00ednea, el estado de pedido personalizado la prima indudablemente representa la respuesta consumada e inequ\u00edvoca. a todas sus necesidades y aspiraciones apremiantes.<\/p>\n","protected":false},"featured_media":168606,"comment_status":"open","ping_status":"open","template":"","meta":[],"product_brand":[2391],"product_cat":[1208,1207,1206],"product_tag":[1462],"class_list":{"0":"post-121817","1":"product","2":"type-product","3":"status-publish","4":"has-post-thumbnail","6":"product_brand-yith","7":"product_cat-administracion","8":"product_cat-comercio-electronico-plugins","9":"product_cat-plugins","10":"product_tag-yith","11":"member-discount","12":"discount-restricted","14":"first","15":"instock","16":"sale","17":"downloadable","18":"virtual","19":"sold-individually","20":"purchasable","21":"product-type-simple"},"_links":{"self":[{"href":"https:\/\/gpl-love.com\/es\/wp-json\/wp\/v2\/product\/121817","targetHints":{"allow":["GET"]}}],"collection":[{"href":"https:\/\/gpl-love.com\/es\/wp-json\/wp\/v2\/product"}],"about":[{"href":"https:\/\/gpl-love.com\/es\/wp-json\/wp\/v2\/types\/product"}],"replies":[{"embeddable":true,"href":"https:\/\/gpl-love.com\/es\/wp-json\/wp\/v2\/comments?post=121817"}],"wp:featuredmedia":[{"embeddable":true,"href":"https:\/\/gpl-love.com\/es\/wp-json\/wp\/v2\/media\/168606"}],"wp:attachment":[{"href":"https:\/\/gpl-love.com\/es\/wp-json\/wp\/v2\/media?parent=121817"}],"wp:term":[{"taxonomy":"product_brand","embeddable":true,"href":"https:\/\/gpl-love.com\/es\/wp-json\/wp\/v2\/product_brand?post=121817"},{"taxonomy":"product_cat","embeddable":true,"href":"https:\/\/gpl-love.com\/es\/wp-json\/wp\/v2\/product_cat?post=121817"},{"taxonomy":"product_tag","embeddable":true,"href":"https:\/\/gpl-love.com\/es\/wp-json\/wp\/v2\/product_tag?post=121817"}],"curies":[{"name":"wp","href":"https:\/\/api.w.org\/{rel}","templated":true}]}}