{"id":121815,"date":"2024-03-29T00:00:00","date_gmt":"2024-03-29T05:00:00","guid":{"rendered":"https:\/\/gpl-love.com\/es\/producto\/yith-coupon-email-system-premium\/"},"modified":"2026-03-13T17:34:07","modified_gmt":"2026-03-13T22:34:07","slug":"yith-coupon-email-system-premium","status":"publish","type":"product","link":"https:\/\/gpl-love.com\/es\/producto\/yith-coupon-email-system-premium\/","title":{"rendered":"YITH Coupon Email System Premium 1.37.0"},"content":{"rendered":"<h3>YITH Coupon Email System Premium Caracteristicas<\/h3>\n<p>El sistema de correo electr\u00f3nico de cup\u00f3n Premium, una herramienta extremadamente potente meticulosamente dise\u00f1ada para ayudar a las empresas a dise\u00f1ar y difundir campa\u00f1as de correo electr\u00f3nico de cup\u00f3n automatizadas a sus estimados clientes, es un activo instrumental. Adoptar una mir\u00edada de plantillas adaptables y una amplia gama de opciones, este notable sistema garantiza un proceso perfecto para otorgar descuentos e incentivos personalizados en su clientela, lo que genera un ciclo perpetuo de patrocinio. Adem\u00e1s, este sistema ofrece informes integrales y capacidades anal\u00edticas que le permiten monitorear meticulosamente el triunfo de sus campa\u00f1as y efectuar las modificaciones necesarias. A fin de cuentas, la prima del sistema de correo electr\u00f3nico de cup\u00f3n es un instrumento indispensable para cualquier empresa que aspire a aumentar la lealtad de los clientes y impulsar las ventas a trav\u00e9s del empleo de esfuerzos de marketing espec\u00edficamente espec\u00edficos.<\/p>\n<ul>\n<li>Automatizar el proceso de enviar c\u00f3digos de cup\u00f3n personalizados por correo electr\u00f3nico a los clientes<\/li>\n<li>Permite crear una plantilla de correo electr\u00f3nico personalizable<\/li>\n<li>Interfaz de usuario intuitiva para administrar los c\u00f3digos de cup\u00f3n y las campa\u00f1as de correo electr\u00f3nico<\/li>\n<li>Se integra con los populares servicios de marketing por correo electr\u00f3nico<\/li>\n<li>Proporciona informes detallados sobre el uso del cup\u00f3n y la efectividad de la campa\u00f1a<\/li>\n<li>Permite establecer fechas de vencimiento y l\u00edmites de uso en c\u00f3digos de cup\u00f3n<\/li>\n<li>Ofrece una variedad de opciones para atacar segmentos espec\u00edficos de clientes con c\u00f3digos de cup\u00f3n \u00fanicos<\/li>\n<li>Ayuda a aumentar el compromiso y la lealtad del cliente a trav\u00e9s de ofertas y promociones personalizadas.<\/li>\n<\/ul>\n","protected":false},"excerpt":{"rendered":"<p>El sistema de correo electr\u00f3nico de cup\u00f3n Premium, una herramienta robusta y din\u00e1mica, ha sido meticulosamente dise\u00f1ada para ayudarlo en la creaci\u00f3n de campa\u00f1as de correo electr\u00f3nico altamente impactantes, lo que finalmente resulta en una elevaci\u00f3n significativa en las ventas para su estimada tienda en l\u00ednea. Las caracter\u00edsticas incomparables de este complemento premium excepcional le permiten enviar c\u00f3digos de cup\u00f3n meticulosamente dirigidos a su clientela valorada, establecer un sistema simplificado de recordatorios de correo electr\u00f3nico automatizados y monitorear meticulosamente la eficacia y el \u00e9xito general de sus campa\u00f1as meticulosamente elaboradas con la ayuda de la comprensi\u00f3n comprensiva y Informes muy detallados. Adem\u00e1s, este complemento, debido a su naturaleza inherente f\u00e1cil de usar, es notablemente f\u00e1cil de navegar, asegurando as\u00ed una experiencia perfecta y sin problemas para sus usuarios. Adem\u00e1s, tambi\u00e9n ofrece una amplia gama de plantillas personalizables, lo que le permite construir correos electr\u00f3nicos visualmente impresionantes y est\u00e9ticamente atractivos que cautivan e involucran a su audiencia exigente, persuadi\u00e9ndolas efectivamente para que realicen una compra deseable. Independientemente de si es un propietario de una peque\u00f1a empresa incipiente o un vendedor astuto y experimentado, es innegable que la prima indispensable del sistema de correo electr\u00f3nico de cup\u00f3n indudablemente demostrar\u00e1 ser un activo invaluable para cualquier persona que busque aumentar sus cifras de ventas y fomentar el crecimiento exponencial de su floreciente empresa.<\/p>\n","protected":false},"featured_media":168605,"comment_status":"open","ping_status":"open","template":"","meta":[],"product_brand":[2391],"product_cat":[1207,1225,1206],"product_tag":[1462],"class_list":{"0":"post-121815","1":"product","2":"type-product","3":"status-publish","4":"has-post-thumbnail","6":"product_brand-yith","7":"product_cat-comercio-electronico-plugins","8":"product_cat-marketing","9":"product_cat-plugins","10":"product_tag-yith","11":"member-discount","12":"discount-restricted","14":"first","15":"instock","16":"sale","17":"downloadable","18":"virtual","19":"sold-individually","20":"purchasable","21":"product-type-simple"},"_links":{"self":[{"href":"https:\/\/gpl-love.com\/es\/wp-json\/wp\/v2\/product\/121815","targetHints":{"allow":["GET"]}}],"collection":[{"href":"https:\/\/gpl-love.com\/es\/wp-json\/wp\/v2\/product"}],"about":[{"href":"https:\/\/gpl-love.com\/es\/wp-json\/wp\/v2\/types\/product"}],"replies":[{"embeddable":true,"href":"https:\/\/gpl-love.com\/es\/wp-json\/wp\/v2\/comments?post=121815"}],"wp:featuredmedia":[{"embeddable":true,"href":"https:\/\/gpl-love.com\/es\/wp-json\/wp\/v2\/media\/168605"}],"wp:attachment":[{"href":"https:\/\/gpl-love.com\/es\/wp-json\/wp\/v2\/media?parent=121815"}],"wp:term":[{"taxonomy":"product_brand","embeddable":true,"href":"https:\/\/gpl-love.com\/es\/wp-json\/wp\/v2\/product_brand?post=121815"},{"taxonomy":"product_cat","embeddable":true,"href":"https:\/\/gpl-love.com\/es\/wp-json\/wp\/v2\/product_cat?post=121815"},{"taxonomy":"product_tag","embeddable":true,"href":"https:\/\/gpl-love.com\/es\/wp-json\/wp\/v2\/product_tag?post=121815"}],"curies":[{"name":"wp","href":"https:\/\/api.w.org\/{rel}","templated":true}]}}