{"id":121813,"date":"2025-08-04T00:00:00","date_gmt":"2025-08-04T05:00:00","guid":{"rendered":"https:\/\/gpl-love.com\/es\/producto\/yith-cost-of-goods-para-woocommerce-premium\/"},"modified":"2026-03-13T17:34:06","modified_gmt":"2026-03-13T22:34:06","slug":"yith-cost-of-goods-para-woocommerce-premium","status":"publish","type":"product","link":"https:\/\/gpl-love.com\/es\/producto\/yith-cost-of-goods-para-woocommerce-premium\/","title":{"rendered":"YITH Cost of Goods para WooCommerce Premium 2.19.0"},"content":{"rendered":"<h3>YITH Cost of Goods para WooCommerce Premium Caracteristicas<\/h3>\n<p>El costo de los bienes para WooCommerce Premium es un complemento muy robusto y potente que brinda asistencia invaluable a los propietarios de las tiendas de WooCommerce para calcular y administrar de manera efectiva el costo de los bienes vendidos. Le faculta monitorear meticulosamente y realizar un seguimiento de los gastos asociados con cada producto individual, que abarca los costos de las materias primas, la mano de obra y el env\u00edo. Este notable complemento le ofrece la flexibilidad de establecer manualmente el costo de los bienes para cada producto o, alternativamente, opta por un enfoque de c\u00e1lculo automatizado basado en los elementos constituyentes utilizados. La riqueza de informaci\u00f3n obtenida a trav\u00e9s de este sistema se utiliza posteriormente para generar informes integrales, lo que le permite tomar decisiones comerciales bien informadas y astutas. Adem\u00e1s, el inmenso atractivo de este complemento radica en su variedad de caracter\u00edsticas adicionales, como el seguimiento del margen de ganancias, la valoraci\u00f3n de las acciones y la notable capacidad para la edici\u00f3n a granel, todo lo cual lo transforma colectivamente en una herramienta indispensable para cualquier tienda en l\u00ednea que se esfuerce por mejorar y optimizar su rentabilidad. En esencia, el costo de los bienes para WooCommerce Premium se destaca como una soluci\u00f3n excepcionalmente f\u00e1cil de usar y altamente confiable que agiliza efectivamente su proceso de gesti\u00f3n de costos al tiempo que maximiza sus ganancias.<\/p>\n<ul>\n<li>Calcula y muestra el costo de los bienes para cada producto en WooCommerce<\/li>\n<li>Proporciona datos valiosos para que las empresas calculen sus ganancias y tomen decisiones de precios informadas<\/li>\n<li>Permite la f\u00e1cil importaci\u00f3n y exportaci\u00f3n de datos de costos de bienes<\/li>\n<li>Habilita el establecimiento del costo global de bienes para m\u00faltiples productos a la vez<\/li>\n<li>Proporciona la capacidad de ver el costo de los bienes en m\u00faltiples monedas<\/li>\n<li>Se integra a la perfecci\u00f3n con otros complementos de WooCommerce para una soluci\u00f3n integral<\/li>\n<li>Incluye documentaci\u00f3n detallada y apoyo del equipo yith.<\/li>\n<\/ul>\n","protected":false},"excerpt":{"rendered":"<p>El costo de los bienes para WooCommerce Premium es un complemento incre\u00edblemente sofisticado y avanzado que ha sido meticulosamente dise\u00f1ado para brindarle una asistencia incomparable para calcular y administrar efectivamente el costo de los bienes vendidos dentro de su tienda WooCommerce. Esta notable herramienta ofrece una gran cantidad de capacidades impresionantes, que incluyen, entre otros, la capacidad de monitorear y realizar un seguimiento de sus costos de inventario, analizar y analizar meticulosamente sus m\u00e1rgenes de ganancias, y optimizar h\u00e1bilmente su estrategia de precios para amplificar sustancialmente sus ventas y sus ventas y sus ventas y sus ventas y sus ventas sustancialmente Ingresos generales. Adem\u00e1s, este complemento excepcional viene equipado con una impresionante variedad de caracter\u00edsticas invaluables, como edici\u00f3n a granel, informes integrales y herramientas de an\u00e1lisis meticulosas que indudablemente lo capacitar\u00e1n para tomar decisiones excepcionalmente bien informadas y muy ventajosas con respecto a la gesti\u00f3n de su estimada tienda en l\u00ednea. Independientemente de si usted es un emprendedor a peque\u00f1a escala o un gigante prominente y floreciente de comercio electr\u00f3nico, es innegable que el costo de los bienes para la prima de WooCommerce es indiscutiblemente la soluci\u00f3n por excelencia que optimizar\u00e1 sin problemas sus procesos de gesti\u00f3n de inventario y que finalmente contribuir\u00e1 a un notable. Aumento de su resultado final.<\/p>\n","protected":false},"featured_media":168604,"comment_status":"open","ping_status":"open","template":"","meta":[],"product_brand":[2391],"product_cat":[1208,1207,1206],"product_tag":[1462],"class_list":{"0":"post-121813","1":"product","2":"type-product","3":"status-publish","4":"has-post-thumbnail","6":"product_brand-yith","7":"product_cat-administracion","8":"product_cat-comercio-electronico-plugins","9":"product_cat-plugins","10":"product_tag-yith","11":"member-discount","12":"discount-restricted","14":"first","15":"instock","16":"sale","17":"downloadable","18":"virtual","19":"sold-individually","20":"purchasable","21":"product-type-simple"},"_links":{"self":[{"href":"https:\/\/gpl-love.com\/es\/wp-json\/wp\/v2\/product\/121813","targetHints":{"allow":["GET"]}}],"collection":[{"href":"https:\/\/gpl-love.com\/es\/wp-json\/wp\/v2\/product"}],"about":[{"href":"https:\/\/gpl-love.com\/es\/wp-json\/wp\/v2\/types\/product"}],"replies":[{"embeddable":true,"href":"https:\/\/gpl-love.com\/es\/wp-json\/wp\/v2\/comments?post=121813"}],"wp:featuredmedia":[{"embeddable":true,"href":"https:\/\/gpl-love.com\/es\/wp-json\/wp\/v2\/media\/168604"}],"wp:attachment":[{"href":"https:\/\/gpl-love.com\/es\/wp-json\/wp\/v2\/media?parent=121813"}],"wp:term":[{"taxonomy":"product_brand","embeddable":true,"href":"https:\/\/gpl-love.com\/es\/wp-json\/wp\/v2\/product_brand?post=121813"},{"taxonomy":"product_cat","embeddable":true,"href":"https:\/\/gpl-love.com\/es\/wp-json\/wp\/v2\/product_cat?post=121813"},{"taxonomy":"product_tag","embeddable":true,"href":"https:\/\/gpl-love.com\/es\/wp-json\/wp\/v2\/product_tag?post=121813"}],"curies":[{"name":"wp","href":"https:\/\/api.w.org\/{rel}","templated":true}]}}