{"id":121811,"date":"2023-07-10T00:00:00","date_gmt":"2023-07-10T05:00:00","guid":{"rendered":"https:\/\/gpl-love.com\/es\/producto\/yith-composite-products-para-woocommerce-premium\/"},"modified":"2026-03-13T17:34:05","modified_gmt":"2026-03-13T22:34:05","slug":"yith-composite-products-para-woocommerce","status":"publish","type":"product","link":"https:\/\/gpl-love.com\/es\/producto\/yith-composite-products-para-woocommerce\/","title":{"rendered":"YITH Composite Products para WooCommerce Premium 1.24.0"},"content":{"rendered":"<h3>YITH Composite Products para WooCommerce Premium Caracteristicas<\/h3>\n<p>Su productos compuestos para WooCommerce Premium es una herramienta excepcionalmente poderosa y rica en caracter\u00edsticas que le permite crear paquetes de productos cautivadores y atractivos al agrupar ingeniosamente una variedad diversa de elementos distintos en un solo paquete de todo, lo que abarca. Este notable complemento le otorga la incre\u00edble capacidad de elaborar meticulosamente los kits de productos totalmente personalizables, intrincadamente compuesto por una gran cantidad de diferentes art\u00edculos, cada uno con sus propias cantidades, precios y atributos \u00fanicos. Al integrar a la perfecci\u00f3n sus productos compuestos para WooCommerce Premium en su plataforma de comercio electr\u00f3nico, podr\u00e1 elevar las escapadas de compras de sus clientes a alturas desconocidas, atendiendo sin esfuerzo a sus deseos idiosincr\u00e1ticos y necesidades espec\u00edficas. El complemento cuenta con una interfaz de usuario notablemente intuitiva, que agiliza maravillosamente todo el proceso de creaci\u00f3n de productos compuestos de fascinantes, y le presenta a la perfecci\u00f3n un repertorio extenso de opciones flexibles y personalizables, lo que le permite adaptar los bundeos de su producto para adaptarse impecablemente a las preferencias de sus clientes de sus clientes. y necesidades individualistas. Adem\u00e1s, este complemento extraordinario le otorga la capacidad incomparable de configurar h\u00e1bilmente las reglas de fijaci\u00f3n de precios de su kit de productos, lo que le permite ofrecer con astucia descuentos, recargos y redacciones en los productos compuestos, aumentando a\u00fan m\u00e1s el encanto de sus ofertas y fortificando sus perspectivas de sus perspectivas de sus perspectivas de sus perspectivas de sus perspectivas de sus perspectivas de sus perspectivas de sus perspectivas de asegurando m\u00e1s ventas. Sin lugar a dudas, su producto compuesto para WooCommerce Premium es un activo indispensable e invaluable que es inequ\u00edvocamente imprescindible para cualquier propietario de la tienda de WooCommerce que anhele maximizar sus ingresos y que se esfuerza fervientemente para otorgar a sus clientes apreciados con una experiencia de compra sin paralelo y meticulosamente personalizada que est\u00e1 destinado a dejar una y anota una una y una y para dejar una una y una y anota una una y una y anota una y anota una una y una y anota una una y una y anota una una y una y anota una y un y anhela una una y una y anota una y una y anota una y una y anota una y una y anota una y una de las cosas que est\u00e1n destinadas a una y anota una y una deja y una deja y est\u00e1 destinado a un y a sus clientes. impresi\u00f3n indeleble en sus corazones y mentes.<\/p>\n<ul>\n<li>Crear productos compuestos personalizables con facilidad<\/li>\n<li>Incorporar m\u00faltiples productos en una oferta de paquete<\/li>\n<li>Personalizar las opciones de productos individuales para cada oferta compuesta<\/li>\n<li>Agregar im\u00e1genes de productos y descripciones para una mejor claridad<\/li>\n<li>Mostrar precio e informaci\u00f3n de inventario para cada oferta compuesta<\/li>\n<li>Habilitar precios definidos por el usuario para productos compuestos<\/li>\n<li>Compatible con la plataforma WooCommerce para una integraci\u00f3n perfecta<\/li>\n<li>Reducci\u00f3n de inventario autom\u00e1tico al la venta de productos compuestos<\/li>\n<li>Documentaci\u00f3n detallada y soporte disponible para la resoluci\u00f3n de problemas y optimizaci\u00f3n<\/li>\n<\/ul>\n","protected":false},"excerpt":{"rendered":"<p>Productos compuestos para WooCommerce Premium, un complemento inmensamente robusto, le presenta la incre\u00edble oportunidad de generar paquetes de productos personalizados para su escaparate virtual. Al utilizar este complemento, posee la capacidad perfecta para amalgamar una multitud de productos distintos y construir sin problemas un paquete solitario que los clientes potenciales puedan obtener sin esfuerzo, proporcion\u00e1ndoles un grado incomparable de libertad y elecci\u00f3n mientras examinan su sitio web estimado. La iteraci\u00f3n premium de este complemento cuenta con una variedad de caracter\u00edsticas suplementarias, sobre todo la capacidad de incorporar opciones a medida en cada componente constituyente del paquete compuesto, as\u00ed como la capacidad de monitorear meticulosamente el inventario de los productos agrupados. Sumerja a sus valiosos clientes dentro de una prueba minorista incomparable y exclusiva a trav\u00e9s de la utilizaci\u00f3n de productos compuestos para WooCommerce Premium.<\/p>\n","protected":false},"featured_media":168603,"comment_status":"open","ping_status":"closed","template":"","meta":[],"product_brand":[2391],"product_cat":[1207,1248,1206],"product_tag":[1462],"class_list":{"0":"post-121811","1":"product","2":"type-product","3":"status-publish","4":"has-post-thumbnail","6":"product_brand-yith","7":"product_cat-comercio-electronico-plugins","8":"product_cat-personalizacion-comercio-electronico-plugins","9":"product_cat-plugins","10":"product_tag-yith","11":"member-discount","12":"discount-restricted","14":"first","15":"instock","16":"sale","17":"downloadable","18":"virtual","19":"sold-individually","20":"purchasable","21":"product-type-simple"},"_links":{"self":[{"href":"https:\/\/gpl-love.com\/es\/wp-json\/wp\/v2\/product\/121811","targetHints":{"allow":["GET"]}}],"collection":[{"href":"https:\/\/gpl-love.com\/es\/wp-json\/wp\/v2\/product"}],"about":[{"href":"https:\/\/gpl-love.com\/es\/wp-json\/wp\/v2\/types\/product"}],"replies":[{"embeddable":true,"href":"https:\/\/gpl-love.com\/es\/wp-json\/wp\/v2\/comments?post=121811"}],"wp:featuredmedia":[{"embeddable":true,"href":"https:\/\/gpl-love.com\/es\/wp-json\/wp\/v2\/media\/168603"}],"wp:attachment":[{"href":"https:\/\/gpl-love.com\/es\/wp-json\/wp\/v2\/media?parent=121811"}],"wp:term":[{"taxonomy":"product_brand","embeddable":true,"href":"https:\/\/gpl-love.com\/es\/wp-json\/wp\/v2\/product_brand?post=121811"},{"taxonomy":"product_cat","embeddable":true,"href":"https:\/\/gpl-love.com\/es\/wp-json\/wp\/v2\/product_cat?post=121811"},{"taxonomy":"product_tag","embeddable":true,"href":"https:\/\/gpl-love.com\/es\/wp-json\/wp\/v2\/product_tag?post=121811"}],"curies":[{"name":"wp","href":"https:\/\/api.w.org\/{rel}","templated":true}]}}