{"id":121809,"date":"2026-04-08T00:00:00","date_gmt":"2026-04-08T05:00:00","guid":{"rendered":"https:\/\/gpl-love.com\/es\/producto\/yith-compare-premium\/"},"modified":"2026-04-08T11:16:32","modified_gmt":"2026-04-08T16:16:32","slug":"yith-compare-premium","status":"publish","type":"product","link":"https:\/\/gpl-love.com\/es\/producto\/yith-compare-premium\/","title":{"rendered":"YITH Compare Premium 3.9.0"},"content":{"rendered":"<h3>YITH Compare Premium Caracteristicas<\/h3>\n<p>El complemento Premium de Compare para WordPress ofrece a los clientes una herramienta muy robusta y eficiente para comparar varios productos disponibles en una tienda en l\u00ednea. Al aprovechar este poderoso complemento, los clientes pueden acceder y analizar sin esfuerzo las caracter\u00edsticas, los precios y otras especificaciones de diferentes productos, todo en una ubicaci\u00f3n conveniente. Esta funcionalidad ayuda enormemente a los clientes a tomar decisiones bien informadas con respecto a sus compras. Adem\u00e1s, el complemento Premium de Compare proporciona una variedad de opciones de personalizaci\u00f3n, lo que permite a los propietarios de tiendas adaptar efectivamente la tabla de comparaci\u00f3n para satisfacer sus requisitos espec\u00edficos. La naturaleza f\u00e1cil de usar de este complemento garantiza que los clientes puedan navegar sin problemas y utilizar sus caracter\u00edsticas en cualquier dispositivo o plataforma. Adem\u00e1s, la compatibilidad de comparar premium con una amplia gama de temas de WordPress y complementos subvenciona a los propietarios de tiendas la flexibilidad y versatilidad incomparables para optimizar su tienda en l\u00ednea de acuerdo con sus preferencias y necesidades \u00fanicas.<\/p>\n<ul>\n<li>Permite a los clientes comparar productos lado a lado en su sitio web<\/li>\n<li>Ofrece una interfaz f\u00e1cil de usar para una f\u00e1cil comparaci\u00f3n<\/li>\n<li>Opciones personalizables para el dise\u00f1o y dise\u00f1o de la tabla de comparaci\u00f3n<\/li>\n<li>Permite la comparaci\u00f3n de productos ilimitados<\/li>\n<li>Permite a los clientes guardar sus comparaciones para referencia futura<\/li>\n<li>Opci\u00f3n para agregar un bot\u00f3n &#8216;Comparar&#8217; a las p\u00e1ginas de productos para un acceso r\u00e1pido a la funci\u00f3n de comparaci\u00f3n<\/li>\n<li>Admite varios tipos de productos, incluidos productos simples y variables.<\/li>\n<li>Proporciona datos de comparaci\u00f3n detallados, como precios, calificaciones y especificaciones de productos.<\/li>\n<li>Mejora la experiencia y la satisfacci\u00f3n del cliente ayudando a tomar decisiones de compra informadas<\/li>\n<li>Compatible con WooCommerce y otras plataformas de comercio electr\u00f3nico populares.<\/li>\n<\/ul>\n","protected":false},"excerpt":{"rendered":"<p>Compare Premium, una herramienta incre\u00edblemente robusta y potente, es un activo indispensable para las tiendas en l\u00ednea con el objetivo de acelerar el proceso de toma de decisiones de sus clientes, al tiempo que refuerza el compromiso y finalmente impulsando las ventas. Al permitir a la perfecci\u00f3n comparar sin esfuerzo numerosos productos de una manera de lado a lado, acentuando las disparidades cruciales y los puntos en com\u00fan entre ellos, este complemento realmente sobresale. Adem\u00e1s, la naturaleza personalizable de esta herramienta rica en caracter\u00edsticas faculta a los usuarios para aumentar, eliminar o reorganizar los atributos que se desee, adem\u00e1s de mostrar estas comparaciones a trav\u00e9s de tablas visualmente atractivas e informativas. Adem\u00e1s, este complemento excepcional otorga a los usuarios la capacidad de guardar sus comparaciones para referencia futura, agregando otra capa de conveniencia y satisfacci\u00f3n a su experiencia de compra. Abrace el inmenso potencial de comparar premium y elevar los viajes de compras de sus clientes a alturas sin precedentes de iluminaci\u00f3n y satisfacci\u00f3n.<\/p>\n","protected":false},"featured_media":168602,"comment_status":"open","ping_status":"open","template":"","meta":[],"product_brand":[2391],"product_cat":[1208,1207,1206],"product_tag":[1462],"class_list":{"0":"post-121809","1":"product","2":"type-product","3":"status-publish","4":"has-post-thumbnail","6":"product_brand-yith","7":"product_cat-administracion","8":"product_cat-comercio-electronico-plugins","9":"product_cat-plugins","10":"product_tag-yith","11":"member-discount","12":"discount-restricted","14":"first","15":"instock","16":"sale","17":"downloadable","18":"virtual","19":"sold-individually","20":"purchasable","21":"product-type-simple"},"_links":{"self":[{"href":"https:\/\/gpl-love.com\/es\/wp-json\/wp\/v2\/product\/121809","targetHints":{"allow":["GET"]}}],"collection":[{"href":"https:\/\/gpl-love.com\/es\/wp-json\/wp\/v2\/product"}],"about":[{"href":"https:\/\/gpl-love.com\/es\/wp-json\/wp\/v2\/types\/product"}],"replies":[{"embeddable":true,"href":"https:\/\/gpl-love.com\/es\/wp-json\/wp\/v2\/comments?post=121809"}],"wp:featuredmedia":[{"embeddable":true,"href":"https:\/\/gpl-love.com\/es\/wp-json\/wp\/v2\/media\/168602"}],"wp:attachment":[{"href":"https:\/\/gpl-love.com\/es\/wp-json\/wp\/v2\/media?parent=121809"}],"wp:term":[{"taxonomy":"product_brand","embeddable":true,"href":"https:\/\/gpl-love.com\/es\/wp-json\/wp\/v2\/product_brand?post=121809"},{"taxonomy":"product_cat","embeddable":true,"href":"https:\/\/gpl-love.com\/es\/wp-json\/wp\/v2\/product_cat?post=121809"},{"taxonomy":"product_tag","embeddable":true,"href":"https:\/\/gpl-love.com\/es\/wp-json\/wp\/v2\/product_tag?post=121809"}],"curies":[{"name":"wp","href":"https:\/\/api.w.org\/{rel}","templated":true}]}}