{"id":121807,"date":"2026-04-08T00:00:00","date_gmt":"2026-04-08T05:00:00","guid":{"rendered":"https:\/\/gpl-love.com\/es\/producto\/yith-color-y-label-variations-premium\/"},"modified":"2026-04-08T11:16:31","modified_gmt":"2026-04-08T16:16:31","slug":"yith-color-y-label-variations-premium","status":"publish","type":"product","link":"https:\/\/gpl-love.com\/es\/producto\/yith-color-y-label-variations-premium\/","title":{"rendered":"YITH Color y Label Variations Premium 3.18.0"},"content":{"rendered":"<h3>YITH Color y Label Variations Premium Caracteristicas<\/h3>\n<p>El complemento premium de variaciones de color y etiqueta ofrece una soluci\u00f3n robusta e integral para las tiendas en l\u00ednea que buscan mostrar eficazmente su gama de productos incorporando variaciones de color y etiqueta. Este complemento que lo abarca todo lo que permite a los propietarios de tiendas generar variaciones sin esfuerzo de sus productos a trav\u00e9s de la asignaci\u00f3n de colores y etiquetas distintas. En consecuencia, estas variaciones se pueden exhibir de manera prominente en la p\u00e1gina del producto, facilitando a los clientes a percibir y deliberar sin esfuerzo sobre la gran cantidad de opciones disponibles. Adem\u00e1s, el complemento cuenta con una innovadora herramienta de selecci\u00f3n de color, lo que permite a los propietarios de tiendas dise\u00f1ar colores a medida para sus productos. Dadas estas caracter\u00edsticas ventajosas, este complemento surge como el ep\u00edtome de la perfecci\u00f3n para las tiendas en l\u00ednea que proporcionan mercanc\u00edas en colores y variaciones m\u00faltiples, ya que agiliza significativamente la b\u00fasqueda del cliente de su producto deseado.<\/p>\n<ul>\n<li>Proporciona una interfaz f\u00e1cil de usar para administrar variaciones de color y etiqueta de productos en su tienda en l\u00ednea<\/li>\n<li>Le permite asignar f\u00e1cilmente diferentes colores y etiquetas a las variaciones de productos para que los clientes seleccionen<\/li>\n<li>Le permite exhibir las variaciones de su producto de manera organizada y visualmente atractiva<\/li>\n<li>Ahorra tiempo y esfuerzo al permitir la edici\u00f3n a granel y la carga de variaciones<\/li>\n<li>Aumenta la satisfacci\u00f3n del cliente al proporcionar una experiencia de compra m\u00e1s personalizada y personalizable<\/li>\n<li>Admite m\u00faltiples idiomas y es compatible con todos los temas de WordPress y extensiones de WooCommerce<\/li>\n<li>Ofrece caracter\u00edsticas premium como muestras de im\u00e1genes, soporte de informaci\u00f3n sobre herramientas y la capacidad de ocultar variaciones no disponibles<\/li>\n<li>Mejora la optimizaci\u00f3n del motor de b\u00fasqueda mediante la creaci\u00f3n de URL \u00fanicas para cada p\u00e1gina de variaci\u00f3n del producto.<\/li>\n<\/ul>\n","protected":false},"excerpt":{"rendered":"<p>Su color y variaciones de etiquetas Premium es una herramienta excepcional para los propietarios de tiendas de comercio electr\u00f3nico que buscan mejorar las variaciones de sus productos. Combinando una interfaz f\u00e1cil de usar y caracter\u00edsticas f\u00e1ciles de navegar, este complemento le permite incorporar numerosas opciones de color y etiqueta en sus productos, simplificando as\u00ed el proceso de toma de decisiones para sus estimados clientes. Adem\u00e1s, el complemento es totalmente personalizable, lo que le brinda la oportunidad de configurar sus variaciones de acuerdo con sus requisitos comerciales \u00fanicos. Independientemente de si se especializa en la venta de ropa, art\u00edculos para el hogar o electr\u00f3nica, variaciones de color y etiqueta Premium sirve como un activo valioso para facilitar un esfuerzo de compras m\u00e1s racionalizado y gratificante para su clientela.<\/p>\n","protected":false},"featured_media":168601,"comment_status":"open","ping_status":"open","template":"","meta":[],"product_brand":[2391],"product_cat":[1207,1248,1206],"product_tag":[1462],"class_list":{"0":"post-121807","1":"product","2":"type-product","3":"status-publish","4":"has-post-thumbnail","6":"product_brand-yith","7":"product_cat-comercio-electronico-plugins","8":"product_cat-personalizacion-comercio-electronico-plugins","9":"product_cat-plugins","10":"product_tag-yith","11":"member-discount","12":"discount-restricted","14":"first","15":"instock","16":"sale","17":"downloadable","18":"virtual","19":"sold-individually","20":"purchasable","21":"product-type-simple"},"_links":{"self":[{"href":"https:\/\/gpl-love.com\/es\/wp-json\/wp\/v2\/product\/121807","targetHints":{"allow":["GET"]}}],"collection":[{"href":"https:\/\/gpl-love.com\/es\/wp-json\/wp\/v2\/product"}],"about":[{"href":"https:\/\/gpl-love.com\/es\/wp-json\/wp\/v2\/types\/product"}],"replies":[{"embeddable":true,"href":"https:\/\/gpl-love.com\/es\/wp-json\/wp\/v2\/comments?post=121807"}],"wp:featuredmedia":[{"embeddable":true,"href":"https:\/\/gpl-love.com\/es\/wp-json\/wp\/v2\/media\/168601"}],"wp:attachment":[{"href":"https:\/\/gpl-love.com\/es\/wp-json\/wp\/v2\/media?parent=121807"}],"wp:term":[{"taxonomy":"product_brand","embeddable":true,"href":"https:\/\/gpl-love.com\/es\/wp-json\/wp\/v2\/product_brand?post=121807"},{"taxonomy":"product_cat","embeddable":true,"href":"https:\/\/gpl-love.com\/es\/wp-json\/wp\/v2\/product_cat?post=121807"},{"taxonomy":"product_tag","embeddable":true,"href":"https:\/\/gpl-love.com\/es\/wp-json\/wp\/v2\/product_tag?post=121807"}],"curies":[{"name":"wp","href":"https:\/\/api.w.org\/{rel}","templated":true}]}}