{"id":121805,"date":"2025-09-29T00:00:00","date_gmt":"2025-09-29T05:00:00","guid":{"rendered":"https:\/\/gpl-love.com\/es\/producto\/yith-checkout-manager-premium\/"},"modified":"2026-03-13T17:34:03","modified_gmt":"2026-03-13T22:34:03","slug":"yith-checkout-manager-premium","status":"publish","type":"product","link":"https:\/\/gpl-love.com\/es\/producto\/yith-checkout-manager-premium\/","title":{"rendered":"YITH Checkout Manager Premium 1.50.0"},"content":{"rendered":"<h3>YITH Checkout Manager Premium Caracteristicas<\/h3>\n<p>El complemento Premium Manager Premium es una herramienta incre\u00edblemente robusta que otorga a los propietarios de tiendas en l\u00ednea la capacidad de adaptar y personalizar el proceso de pago de su sitio web a su gusto. En esencia, este complemento faculta a los usuarios incorporar, eliminar o modificar los campos presentes en la p\u00e1gina de pago, lo que les brinda un control total sobre toda la experiencia de pago. Adem\u00e1s, presenta la opci\u00f3n de permitir o prohibir el pago de invitados, dando a los propietarios de las tiendas total libertad para decidir c\u00f3mo quieren que sus clientes contin\u00faen a trav\u00e9s del proceso de pago. Adem\u00e1s, su Premium del gerente de pago brinda la oportunidad \u00fanica de establecer y establecer campos de pago personalizados, lo que permite a los propietarios de tiendas recopilar informaci\u00f3n espec\u00edfica de sus clientes que es esencial para sus operaciones comerciales. El complemento ofrece adem\u00e1s la capacidad de configurar reglas de validaci\u00f3n, asegurando que los datos proporcionados por los clientes sean precisos y v\u00e1lidos, eliminando as\u00ed cualquier posible error o inexactitud. Adem\u00e1s, este complemento excepcional cuenta con una interfaz notablemente f\u00e1cil de usar que es intuitiva y f\u00e1cil de navegar, lo que significa que tanto los propietarios como los clientes pueden utilizar sus caracter\u00edsticas y funcionalidad con facilidad. Adem\u00e1s, vale la pena se\u00f1alar que su primer administrador de comprobaci\u00f3n admite m\u00faltiples idiomas, una caracter\u00edstica que mejora significativamente su accesibilidad y usabilidad para una amplia gama de usuarios. Al emplear este complemento incomparable, los propietarios de tiendas en l\u00ednea pueden mejorar significativamente la experiencia de pago para sus clientes, lo que lleva a una mayor satisfacci\u00f3n y, en \u00faltima instancia, un aumento en las tasas de conversi\u00f3n.<\/p>\n<ul>\n<li>Campos de pago personalizados: agregue, elimine o edite campos para crear una experiencia de pago \u00fanica y personalizada para sus clientes.<\/li>\n<li>Campos condicionales: Muestre u oculte campos de pago en funci\u00f3n de condiciones espec\u00edficas como el destino de env\u00edo, el tipo de producto o el rol de usuario.<\/li>\n<li>Pasos de pago personalizado: agregue pasos adicionales al proceso de pago y personalice el pedido de los pasos de pago de acuerdo con sus preferencias.<\/li>\n<li>Correcto de m\u00faltiples pasos: facilite el proceso de pago descomponi\u00e9ndolo en m\u00faltiples pasos y mostrando indicadores de progreso.<\/li>\n<li>Campos de IVA\/Aduanas: recopile informaci\u00f3n de IVA o aduana de los clientes al finalizar la compra.<\/li>\n<li>Campos de llenado autom\u00e1ticos: ahorre tiempo a los clientes llenando autom\u00e1ticamente informaci\u00f3n como su direcci\u00f3n o n\u00famero de tel\u00e9fono utilizando geolocalizaci\u00f3n o datos ingresados \u200b\u200bpreviamente.<\/li>\n<li>Detalles de pedido editable: permita a los clientes realizar cambios de \u00faltimo minuto en sus pedidos, como cantidades de productos, opciones de envoltura de regalos o fechas de entrega.<\/li>\n<li>Notificaciones de correo electr\u00f3nico personalizadas: env\u00ede correos electr\u00f3nicos personalizados a clientes con detalles espec\u00edficos de pedidos o oportunidades de venta adicional.<\/li>\n<\/ul>\n","protected":false},"excerpt":{"rendered":"<p>Su gerente de pago, Premium, es un complemento de comercio electr\u00f3nico muy robusto e influyente que se ha creado meticulosamente con la intenci\u00f3n de mejorar y optimizar el proceso de pago general de su tienda en l\u00ednea. Esta herramienta excepcional le permite la capacidad de adaptar y personalizar sin esfuerzo su p\u00e1gina de pago y sus campos asociados, proporcion\u00e1ndole as\u00ed los medios para optimizar todo el proceso y posteriormente aumentar sus cifras de ventas. En particular, este complemento est\u00e1 equipado con una variedad de opciones intuitivas y plantillas preexistentes, lo que lo hace incre\u00edblemente f\u00e1cil de usar y accesible para personas con diversos grados de experiencia t\u00e9cnica. En consecuencia, se despide de los d\u00edas de navegar laboriosamente a trav\u00e9s de p\u00e1ginas de pago engorrosas y dif\u00edciles de ver, ya que su primer gerente de pago, Premium garantiza una experiencia del cliente excepcional y sin problemas que seguramente dejar\u00e1 una impresi\u00f3n positiva duradera.<\/p>\n","protected":false},"featured_media":168600,"comment_status":"open","ping_status":"open","template":"","meta":[],"product_brand":[2391],"product_cat":[1208,1207,1206],"product_tag":[1462],"class_list":{"0":"post-121805","1":"product","2":"type-product","3":"status-publish","4":"has-post-thumbnail","6":"product_brand-yith","7":"product_cat-administracion","8":"product_cat-comercio-electronico-plugins","9":"product_cat-plugins","10":"product_tag-yith","11":"member-discount","12":"discount-restricted","14":"first","15":"instock","16":"sale","17":"downloadable","18":"virtual","19":"sold-individually","20":"purchasable","21":"product-type-simple"},"_links":{"self":[{"href":"https:\/\/gpl-love.com\/es\/wp-json\/wp\/v2\/product\/121805","targetHints":{"allow":["GET"]}}],"collection":[{"href":"https:\/\/gpl-love.com\/es\/wp-json\/wp\/v2\/product"}],"about":[{"href":"https:\/\/gpl-love.com\/es\/wp-json\/wp\/v2\/types\/product"}],"replies":[{"embeddable":true,"href":"https:\/\/gpl-love.com\/es\/wp-json\/wp\/v2\/comments?post=121805"}],"wp:featuredmedia":[{"embeddable":true,"href":"https:\/\/gpl-love.com\/es\/wp-json\/wp\/v2\/media\/168600"}],"wp:attachment":[{"href":"https:\/\/gpl-love.com\/es\/wp-json\/wp\/v2\/media?parent=121805"}],"wp:term":[{"taxonomy":"product_brand","embeddable":true,"href":"https:\/\/gpl-love.com\/es\/wp-json\/wp\/v2\/product_brand?post=121805"},{"taxonomy":"product_cat","embeddable":true,"href":"https:\/\/gpl-love.com\/es\/wp-json\/wp\/v2\/product_cat?post=121805"},{"taxonomy":"product_tag","embeddable":true,"href":"https:\/\/gpl-love.com\/es\/wp-json\/wp\/v2\/product_tag?post=121805"}],"curies":[{"name":"wp","href":"https:\/\/api.w.org\/{rel}","templated":true}]}}