{"id":121803,"date":"2025-09-06T00:00:00","date_gmt":"2025-09-06T05:00:00","guid":{"rendered":"https:\/\/gpl-love.com\/es\/producto\/yith-category-accordion-premium\/"},"modified":"2026-03-13T17:34:02","modified_gmt":"2026-03-13T22:34:02","slug":"yith-category-accordion-premium","status":"publish","type":"product","link":"https:\/\/gpl-love.com\/es\/producto\/yith-category-accordion-premium\/","title":{"rendered":"YITH Category Accordion Premium 2.23.0"},"content":{"rendered":"<h3>YITH Category Accordion Premium Caracteristicas<\/h3>\n<p>La categor\u00eda de Categor\u00eda de Acorkion Premium es un complemento de WordPress ejemplar y f\u00e1cil de usar meticulosamente elaborado para optimizar y mejorar la experiencia de navegaci\u00f3n de sus valiosos clientes. Su interfaz elegante e intuitiva combina armoniosamente la funcionalidad y la est\u00e9tica, lo que resulta en un men\u00fa de navegaci\u00f3n de estilo acorde\u00f3n que facilita sin esfuerzo el proceso de navegaci\u00f3n y filtrado a trav\u00e9s de su amplia gama de productos notables. Este notable complemento cuenta con una gran cantidad de opciones personalizables, lo que le permite adaptar el dise\u00f1o y el esquema de color para alinearse perfectamente con la identidad de su marca. Adem\u00e1s, puede incorporar sin esfuerzo \u00edconos personalizados y ajustar el comportamiento del acorde\u00f3n para satisfacer las preferencias \u00fanicas de su estimada clientela. La guinda del pastel es su capacidad de respuesta impecable, que garantiza que el acorde\u00f3n se adaptar\u00e1 y conservar\u00e1 perfectamente su atractivo visual en cada dispositivo concebible, ya sea un escritorio sofisticado o un servicio m\u00f3vil pr\u00e1ctico. Sin lugar a dudas, la Categor\u00eda de Categor\u00eda Acorde\u00f3n Premium es una herramienta indispensable y multifac\u00e9tica que ninguna tienda en l\u00ednea exigente puede permitirse pasar por alto si aspiran a elevar y enriquecer la experiencia de navegaci\u00f3n de sus clientes a alturas sin precedentes.<\/p>\n<ul>\n<li>Un complemento premium de WordPress dise\u00f1ado para mejorar la experiencia del usuario de los sitios web de comercio electr\u00f3nico.<\/li>\n<li>Crea un men\u00fa de estilo de acorde\u00f3n personalizable para categor\u00edas de productos, haciendo que la navegaci\u00f3n sea m\u00e1s f\u00e1cil de usar.<\/li>\n<li>Permite a los usuarios expandir y colapsar categor\u00edas, proporcionando acceso r\u00e1pido a los productos y reduciendo el desorden en la p\u00e1gina.<\/li>\n<li>Admite categor\u00edas y subcategor\u00edas ilimitadas, asegurando que todos los productos puedan ser f\u00e1cilmente organizados y accesibles.<\/li>\n<li>Incluye opciones incorporadas para el estilo y el dise\u00f1o, lo que permite a los usuarios integrar sin problemas el men\u00fa de acorde\u00f3n con el tema de su sitio web.<\/li>\n<li>Compatible con plataformas populares de comercio electr\u00f3nico, que incluyen WooCommerce y descargas digitales f\u00e1ciles.<\/li>\n<li>Ayuda a mejorar el SEO creando una jerarqu\u00eda clara de las categor\u00edas de productos y mejorando la estructura del sitio.<\/li>\n<li>Admite m\u00faltiples idiomas para sitios web globales de comercio electr\u00f3nico.<\/li>\n<li>Ofrece documentaci\u00f3n integral y atenci\u00f3n al cliente para una f\u00e1cil instalaci\u00f3n y resoluci\u00f3n de problemas.<\/li>\n<li>Proporciona una garant\u00eda de devoluci\u00f3n de dinero de 30 d\u00edas para la satisfacci\u00f3n del cliente.<\/li>\n<\/ul>\n","protected":false},"excerpt":{"rendered":"<p>Su categor\u00eda Corcess Premium es un complemento excepcionalmente potente y f\u00e1cil de usar que le proporciona la capacidad de manejar y exhibir categor\u00edas de manera efectiva en su sitio web. Este complemento le permite generar y organizar men\u00fas de acorde\u00f3n sin esfuerzo con la intenci\u00f3n de presentar sus productos o servicios de manera organizada basada en sus respectivas categor\u00edas. La interfaz es notablemente intuitiva y la multitud de opciones de personalizaci\u00f3n avanzadas disponibles facilita una experiencia de navegaci\u00f3n perfecta para los usuarios a medida que examinan a trav\u00e9s de las diversas categor\u00edas de su sitio, lo que les permite localizar sin esfuerzo lo que buscan de manera inmediata. Independientemente de si est\u00e1 operando una tienda de comercio electr\u00f3nico o un sitio web basado en el contenido, su categor\u00eda de acorde\u00f3n Premium sirve como una soluci\u00f3n ejemplar para aumentar la experiencia general del usuario de su sitio y estimular un aumento en el tr\u00e1fico web.<\/p>\n","protected":false},"featured_media":168599,"comment_status":"open","ping_status":"open","template":"","meta":[],"product_brand":[2391],"product_cat":[1208,1207,1206],"product_tag":[1462],"class_list":{"0":"post-121803","1":"product","2":"type-product","3":"status-publish","4":"has-post-thumbnail","6":"product_brand-yith","7":"product_cat-administracion","8":"product_cat-comercio-electronico-plugins","9":"product_cat-plugins","10":"product_tag-yith","11":"member-discount","12":"discount-restricted","14":"first","15":"instock","16":"sale","17":"downloadable","18":"virtual","19":"sold-individually","20":"purchasable","21":"product-type-simple"},"_links":{"self":[{"href":"https:\/\/gpl-love.com\/es\/wp-json\/wp\/v2\/product\/121803","targetHints":{"allow":["GET"]}}],"collection":[{"href":"https:\/\/gpl-love.com\/es\/wp-json\/wp\/v2\/product"}],"about":[{"href":"https:\/\/gpl-love.com\/es\/wp-json\/wp\/v2\/types\/product"}],"replies":[{"embeddable":true,"href":"https:\/\/gpl-love.com\/es\/wp-json\/wp\/v2\/comments?post=121803"}],"wp:featuredmedia":[{"embeddable":true,"href":"https:\/\/gpl-love.com\/es\/wp-json\/wp\/v2\/media\/168599"}],"wp:attachment":[{"href":"https:\/\/gpl-love.com\/es\/wp-json\/wp\/v2\/media?parent=121803"}],"wp:term":[{"taxonomy":"product_brand","embeddable":true,"href":"https:\/\/gpl-love.com\/es\/wp-json\/wp\/v2\/product_brand?post=121803"},{"taxonomy":"product_cat","embeddable":true,"href":"https:\/\/gpl-love.com\/es\/wp-json\/wp\/v2\/product_cat?post=121803"},{"taxonomy":"product_tag","embeddable":true,"href":"https:\/\/gpl-love.com\/es\/wp-json\/wp\/v2\/product_tag?post=121803"}],"curies":[{"name":"wp","href":"https:\/\/api.w.org\/{rel}","templated":true}]}}