{"id":121801,"date":"2026-04-07T00:00:00","date_gmt":"2026-04-07T05:00:00","guid":{"rendered":"https:\/\/gpl-love.com\/es\/producto\/yith-catalog-mode-premium\/"},"modified":"2026-04-07T17:16:26","modified_gmt":"2026-04-07T22:16:26","slug":"yith-catalog-mode-premium","status":"publish","type":"product","link":"https:\/\/gpl-love.com\/es\/producto\/yith-catalog-mode-premium\/","title":{"rendered":"YITH Catalog Mode Premium 2.54.0"},"content":{"rendered":"<h3>YITH Catalog Mode Premium Caracteristicas<\/h3>\n<p>Su Modo Cat\u00e1loga Premium es un complemento de comercio electr\u00f3nico notablemente potente que otorga a los propietarios de tiendas en l\u00ednea la capacidad de ocultar los precios de manera efectiva, agregar a los botones del carrito o cualquier otro elemento funcional, y exhibir exclusivamente sus productos con el prop\u00f3sito expreso de exhibici\u00f3n. Este complemento otorga una experiencia de navegaci\u00f3n verdaderamente distintiva a los clientes a trav\u00e9s de la creaci\u00f3n de un dise\u00f1o de estilo cat\u00e1logo que impecablemente muestra productos de una manera visualmente impresionante. Adem\u00e1s, ofrece una naturaleza altamente personalizable, lo que permite a los usuarios seleccionar qu\u00e9 elementos espec\u00edficos desean mostrar o ocultar en sus respectivas p\u00e1ginas de productos. Sin duda, su prima del modo de cat\u00e1logo representa la soluci\u00f3n por excelencia para las empresas que buscan construir un cat\u00e1logo en l\u00ednea pulido y profesional que facilita sin esfuerzo la navegaci\u00f3n y la comprensi\u00f3n. Adem\u00e1s, cuenta con una variedad de caracter\u00edsticas avanzadas, que abarca la opci\u00f3n de incorporar un formulario de consulta, la capacidad de adaptar el texto del bot\u00f3n \u00abAgregar al carrito\u00bb y mucho m\u00e1s. Ergo, para aquellos que desean respaldar su mercanc\u00eda desprovista de la pesada presi\u00f3n para vender, este complemento se erige como la m\u00e1xima panacea.<\/p>\n<ul>\n<li>Habilita el modo de cat\u00e1logo para la tienda en l\u00ednea de WooCommerce<\/li>\n<li>Permite a los clientes ver productos sin la opci\u00f3n de comprar<\/li>\n<li>Permite a los propietarios de tiendas ocultar los precios y agregar a los botones del carrito<\/li>\n<li>Capacidad para personalizar mensajes a los precios ocultos y agregar a los botones del carrito<\/li>\n<li>Opci\u00f3n para ocultar categor\u00edas de productos espec\u00edficas o productos individuales<\/li>\n<li>Admite variaciones de productos y atributos personalizados<\/li>\n<li>Compatible con todos los temas y complementos de WordPress<\/li>\n<li>F\u00e1cil de instalar y configurar con interfaz f\u00e1cil de usar<\/li>\n<li>Ayuda a aumentar la participaci\u00f3n del cliente y reducir el abandono del carrito<\/li>\n<li>Versiones gratuitas y premium disponibles con caracter\u00edsticas adicionales en la versi\u00f3n premium.<\/li>\n<\/ul>\n","protected":false},"excerpt":{"rendered":"<p>La prima del modo cat\u00e1logo es una herramienta asombrosamente robusta y potente que sirve como un activo invaluable para las empresas en l\u00ednea que anhelan ocultar precios e implementar un modo de cat\u00e1logo en su sitio web. Al incorporar este complemento notable, adquiere la capacidad excepcional para mostrar su gran parte de los productos sin la presencia de un bot\u00f3n Agregar al carrito, lo que le convierte en una soluci\u00f3n ideal para las empresas que solo procesan los pedidos a trav\u00e9s de la emisi\u00f3n de citas. Con sus alternativas de personalizaci\u00f3n sin esfuerzo y la notable caracter\u00edstica de agregar un mensaje a medida en su estimado modo de cat\u00e1logo, puede garantizar sin esfuerzo que su estimada clientela disfruta de una experiencia de navegaci\u00f3n incomparable y armoniosa. No pierda el tiempo y adquiere su modo de cat\u00e1logo de cat\u00e1logo instant\u00e1neamente para racionalizar y optimizar su estimado emporio en l\u00ednea sin un momento de retraso.<\/p>\n","protected":false},"featured_media":168598,"comment_status":"open","ping_status":"open","template":"","meta":[],"product_brand":[2391],"product_cat":[1207,1248,1206],"product_tag":[1462],"class_list":{"0":"post-121801","1":"product","2":"type-product","3":"status-publish","4":"has-post-thumbnail","6":"product_brand-yith","7":"product_cat-comercio-electronico-plugins","8":"product_cat-personalizacion-comercio-electronico-plugins","9":"product_cat-plugins","10":"product_tag-yith","11":"member-discount","12":"discount-restricted","14":"first","15":"instock","16":"sale","17":"downloadable","18":"virtual","19":"sold-individually","20":"purchasable","21":"product-type-simple"},"_links":{"self":[{"href":"https:\/\/gpl-love.com\/es\/wp-json\/wp\/v2\/product\/121801","targetHints":{"allow":["GET"]}}],"collection":[{"href":"https:\/\/gpl-love.com\/es\/wp-json\/wp\/v2\/product"}],"about":[{"href":"https:\/\/gpl-love.com\/es\/wp-json\/wp\/v2\/types\/product"}],"replies":[{"embeddable":true,"href":"https:\/\/gpl-love.com\/es\/wp-json\/wp\/v2\/comments?post=121801"}],"wp:featuredmedia":[{"embeddable":true,"href":"https:\/\/gpl-love.com\/es\/wp-json\/wp\/v2\/media\/168598"}],"wp:attachment":[{"href":"https:\/\/gpl-love.com\/es\/wp-json\/wp\/v2\/media?parent=121801"}],"wp:term":[{"taxonomy":"product_brand","embeddable":true,"href":"https:\/\/gpl-love.com\/es\/wp-json\/wp\/v2\/product_brand?post=121801"},{"taxonomy":"product_cat","embeddable":true,"href":"https:\/\/gpl-love.com\/es\/wp-json\/wp\/v2\/product_cat?post=121801"},{"taxonomy":"product_tag","embeddable":true,"href":"https:\/\/gpl-love.com\/es\/wp-json\/wp\/v2\/product_tag?post=121801"}],"curies":[{"name":"wp","href":"https:\/\/api.w.org\/{rel}","templated":true}]}}