{"id":121799,"date":"2026-04-07T00:00:00","date_gmt":"2026-04-07T05:00:00","guid":{"rendered":"https:\/\/gpl-love.com\/es\/producto\/yith-cart-messages-premium\/"},"modified":"2026-04-07T17:16:25","modified_gmt":"2026-04-07T22:16:25","slug":"yith-cart-messages-premium","status":"publish","type":"product","link":"https:\/\/gpl-love.com\/es\/producto\/yith-cart-messages-premium\/","title":{"rendered":"YITH Cart Messages Premium 1.61.0"},"content":{"rendered":"<h3>YITH Cart Messages Premium Caracteristicas<\/h3>\n<p>Yith Cart Messages Premium es una herramienta notablemente potente que permite a los propietarios de la tienda en l\u00ednea generar mensajes a medida para su clientela durante todo el proceso de pago. Mediante este complemento excepcional, posee la capacidad de dise\u00f1ar mensajes personalizados sin esfuerzo que presenten a los clientes de promociones lucrativas, alternativas de env\u00edo viables, modos de pago aceptados y cualquier otra informaci\u00f3n pertinente que garantice su atenci\u00f3n. El complemento ofrece una amplia gama de opciones de personalizaci\u00f3n, que atiende a una multitud de preferencias, y ofrece una amplia gama de plantillas predise\u00f1adas de las cuales recoger a cereza, facilitando as\u00ed la creaci\u00f3n f\u00e1cil de mensajes que armonizan sin problemas con el estilo y el tono distintivos. de su estimada marca. Adem\u00e1s, el complemento proporciona an\u00e1lisis exhaustivos, que a su vez facilitan el monitoreo astuto del rendimiento de cada mensaje, lo que le permite ajustar de manera \u00f3ptima su proceso de pago como se considera apropiado. Gracias a las invaluables contribuciones de la prima de los mensajes de Cart, puede elevar la calidad de las experiencias de sus clientes, aumentar las tasas de conversi\u00f3n y, en \u00faltima instancia, impulsar su negocio a alturas de prosperidad sin precedentes.<\/p>\n<ul>\n<li>Habilita que se muestren mensajes personalizados en el carrito o la p\u00e1gina de pago<\/li>\n<li>Opci\u00f3n para seleccionar qu\u00e9 tipo de mensaje se muestra (\u00e9xito, error o aviso)<\/li>\n<li>Capacidad para mostrar mensajes basados \u200b\u200ben productos espec\u00edficos, categor\u00eda o valor del carrito<\/li>\n<li>Permite la adici\u00f3n de enlaces o botones en el mensaje para una mayor personalizaci\u00f3n<\/li>\n<li>Opci\u00f3n para mostrar mensajes en diferentes idiomas seg\u00fan la ubicaci\u00f3n del cliente<\/li>\n<li>Proporciona la opci\u00f3n de crear diferentes mensajes para diferentes grupos de clientes.<\/li>\n<li>F\u00e1cil de instalar y personalizar<\/li>\n<li>Compatible con plataformas populares de comercio electr\u00f3nico de WordPress como WooCommerce<\/li>\n<li>Proporciona una mejor experiencia de compra para los clientes mediante la comunicaci\u00f3n de detalles importantes.<\/li>\n<\/ul>\n","protected":false},"excerpt":{"rendered":"<p>Yith Cart Message Premium es un instrumento excepcionalmente potente y eficaz que permite a los propietarios de las tiendas basadas en la web para fabricar y mostrar mensajes a medida para sus estimados clientes. Esta herramienta notable le permite informar a los clientes de promociones en curso o ofertas exclusivas, recomendaciones para productos complementarios y servir como un recordatorio suave con respecto a los detalles vitales relacionados con su pedido. Estos mensajes se manifiestan en una ventana emergente est\u00e9ticamente agradable, que puede adaptarse adecuadamente para alinearse sin problemas y reflejar la esencia \u00fanica de su marca. Su mensajes de carrito Premium est\u00e1 cuidadosamente comisariado con el objetivo general de aumentar la interactividad del cliente y aumentar sus tasas de conversi\u00f3n, lo que lo hace indispensable para cualquier propietario de la tienda en l\u00ednea exigente y comprometido.<\/p>\n","protected":false},"featured_media":168597,"comment_status":"open","ping_status":"open","template":"","meta":[],"product_brand":[2391],"product_cat":[1207,1225,1206],"product_tag":[1462],"class_list":{"0":"post-121799","1":"product","2":"type-product","3":"status-publish","4":"has-post-thumbnail","6":"product_brand-yith","7":"product_cat-comercio-electronico-plugins","8":"product_cat-marketing","9":"product_cat-plugins","10":"product_tag-yith","11":"member-discount","12":"discount-restricted","14":"first","15":"instock","16":"sale","17":"downloadable","18":"virtual","19":"sold-individually","20":"purchasable","21":"product-type-simple"},"_links":{"self":[{"href":"https:\/\/gpl-love.com\/es\/wp-json\/wp\/v2\/product\/121799","targetHints":{"allow":["GET"]}}],"collection":[{"href":"https:\/\/gpl-love.com\/es\/wp-json\/wp\/v2\/product"}],"about":[{"href":"https:\/\/gpl-love.com\/es\/wp-json\/wp\/v2\/types\/product"}],"replies":[{"embeddable":true,"href":"https:\/\/gpl-love.com\/es\/wp-json\/wp\/v2\/comments?post=121799"}],"wp:featuredmedia":[{"embeddable":true,"href":"https:\/\/gpl-love.com\/es\/wp-json\/wp\/v2\/media\/168597"}],"wp:attachment":[{"href":"https:\/\/gpl-love.com\/es\/wp-json\/wp\/v2\/media?parent=121799"}],"wp:term":[{"taxonomy":"product_brand","embeddable":true,"href":"https:\/\/gpl-love.com\/es\/wp-json\/wp\/v2\/product_brand?post=121799"},{"taxonomy":"product_cat","embeddable":true,"href":"https:\/\/gpl-love.com\/es\/wp-json\/wp\/v2\/product_cat?post=121799"},{"taxonomy":"product_tag","embeddable":true,"href":"https:\/\/gpl-love.com\/es\/wp-json\/wp\/v2\/product_tag?post=121799"}],"curies":[{"name":"wp","href":"https:\/\/api.w.org\/{rel}","templated":true}]}}