{"id":121797,"date":"2025-08-08T00:00:00","date_gmt":"2025-08-08T05:00:00","guid":{"rendered":"https:\/\/gpl-love.com\/es\/producto\/yith-bulk-product-editing-premium\/"},"modified":"2026-03-13T17:33:59","modified_gmt":"2026-03-13T22:33:59","slug":"yith-bulk-product-editing-premium","status":"publish","type":"product","link":"https:\/\/gpl-love.com\/es\/producto\/yith-bulk-product-editing-premium\/","title":{"rendered":"YITH Bulk Product Editing Premium 3.20.0"},"content":{"rendered":"<h3>YITH Bulk Product Editing Premium Caracteristicas<\/h3>\n<p>La prima de edici\u00f3n de productos a granel es un instrumento inmensamente potente que otorga a los usuarios la capacidad de administrar h\u00e1bilmente y revisar su amplia gama de productos de WooCommerce. Este complemento de grado premium otorga a los usuarios la notable capacidad de promulgar modificaciones sin esfuerzo hasta los detalles fundamentales de los productos, incluidos, entre otros, el precio, el stock, las categor\u00edas y una variedad de otros aspectos pertinentes, todo desde la conveniencia de una p\u00e1gina singular. Adem\u00e1s, los usuarios tienen la libertad de adaptar sus campos de productos para garantizar que solo manipulen la informaci\u00f3n que tiene el m\u00e1ximo significado para su empresa. La interfaz altamente f\u00e1cil de usar y el dise\u00f1o innato de este complemento lo hacen accesible para individuos de una destreza t\u00e9cnica variable. En virtud de la prima de edici\u00f3n de productos a granel, los recursos temporales de uno pueden conservarse al tiempo que acumulan al mismo tiempo el intrincado proceso de gesti\u00f3n de productos, permitiendo as\u00ed a los empresarios asignar sus esfuerzos para fomentar la expansi\u00f3n de sus esfuerzos comerciales.<\/p>\n<ul>\n<li>Permite a los usuarios editar m\u00faltiples productos a la vez<\/li>\n<li>Cuenta con una interfaz f\u00e1cil de usar para una f\u00e1cil edici\u00f3n<\/li>\n<li>Proporciona varios campos para la edici\u00f3n, incluidos precios, descripciones, im\u00e1genes y m\u00e1s<\/li>\n<li>Habilita la adici\u00f3n o eliminaci\u00f3n de categor\u00edas y etiquetas de productos a granel<\/li>\n<li>Opciones avanzadas de b\u00fasqueda y filtrado para encontrar productos espec\u00edficos para editar<\/li>\n<li>Compatible con todos los temas de WordPress e instalaciones de WooCommerce<\/li>\n<li>Ahorra tiempo y esfuerzo al racionalizar el proceso de edici\u00f3n de productos<\/li>\n<li>Proporciona un registro de actividad detallado para rastrear los cambios realizados en los productos<\/li>\n<li>Se integra con complementos y herramientas de terceros para a\u00fan m\u00e1s funcionalidad<\/li>\n<li>Actualizado regularmente con nuevas caracter\u00edsticas y mejoras para mejorar la experiencia del usuario.<\/li>\n<\/ul>\n","protected":false},"excerpt":{"rendered":"<p>Su prima de edici\u00f3n de productos a granel se destaca como un recurso incre\u00edblemente potente e influyente dise\u00f1ado espec\u00edficamente para satisfacer las necesidades de los propietarios de tiendas de comercio electr\u00f3nico que necesitan una gran necesidad de una gesti\u00f3n r\u00e1pida y eficiente y la actualizaci\u00f3n de su extenso inventario de productos. Este complemento extraordinario ofrece una variedad de capacidades extraordinarias, lo que le permite llevar a cabo operaciones a granel sin esfuerzo, que abarca la capacidad de editar los precios o descripciones de manera adecuada, incorporar sin problemas categor\u00edas y etiquetas de productos, as\u00ed como modificar sin esfuerzo el estado de sus productos, todos en uno en uno en uno en uno en uno. Fell Swoop, finalmente le ahorra una cantidad sustancial de tiempo que de otro modo ser\u00eda consumido por esfuerzos mon\u00f3tonos y laboriosos. Con una interfaz que es notablemente f\u00e1cil de usar y plantillas que pueden adaptarse convenientemente a sus preferencias \u00fanicas, esta ingeniosa herramienta hace que la administraci\u00f3n de sus productos sea una brisa absoluta. Adem\u00e1s, la capacidad incomparable para programar actualizaciones asegura que conserve el m\u00e1ximo control y conveniencia, ya que tiene la libertad de ejecutar alteraciones a la vez que es m\u00e1s adecuada para usted. Al adoptar su prima de edici\u00f3n de productos a granel, en consecuencia se embarca en un viaje de poder para mejorar la productividad de su estimada tienda de comercio electr\u00f3nico, al tiempo que racionaliza el proceso de otro modo de gesti\u00f3n de productos.<\/p>\n","protected":false},"featured_media":168596,"comment_status":"open","ping_status":"open","template":"","meta":[],"product_brand":[2391],"product_cat":[1208,1207,1206],"product_tag":[1462],"class_list":{"0":"post-121797","1":"product","2":"type-product","3":"status-publish","4":"has-post-thumbnail","6":"product_brand-yith","7":"product_cat-administracion","8":"product_cat-comercio-electronico-plugins","9":"product_cat-plugins","10":"product_tag-yith","11":"member-discount","12":"discount-restricted","14":"first","15":"instock","16":"sale","17":"downloadable","18":"virtual","19":"sold-individually","20":"purchasable","21":"product-type-simple"},"_links":{"self":[{"href":"https:\/\/gpl-love.com\/es\/wp-json\/wp\/v2\/product\/121797","targetHints":{"allow":["GET"]}}],"collection":[{"href":"https:\/\/gpl-love.com\/es\/wp-json\/wp\/v2\/product"}],"about":[{"href":"https:\/\/gpl-love.com\/es\/wp-json\/wp\/v2\/types\/product"}],"replies":[{"embeddable":true,"href":"https:\/\/gpl-love.com\/es\/wp-json\/wp\/v2\/comments?post=121797"}],"wp:featuredmedia":[{"embeddable":true,"href":"https:\/\/gpl-love.com\/es\/wp-json\/wp\/v2\/media\/168596"}],"wp:attachment":[{"href":"https:\/\/gpl-love.com\/es\/wp-json\/wp\/v2\/media?parent=121797"}],"wp:term":[{"taxonomy":"product_brand","embeddable":true,"href":"https:\/\/gpl-love.com\/es\/wp-json\/wp\/v2\/product_brand?post=121797"},{"taxonomy":"product_cat","embeddable":true,"href":"https:\/\/gpl-love.com\/es\/wp-json\/wp\/v2\/product_cat?post=121797"},{"taxonomy":"product_tag","embeddable":true,"href":"https:\/\/gpl-love.com\/es\/wp-json\/wp\/v2\/product_tag?post=121797"}],"curies":[{"name":"wp","href":"https:\/\/api.w.org\/{rel}","templated":true}]}}