{"id":121795,"date":"2025-08-31T00:00:00","date_gmt":"2025-08-31T05:00:00","guid":{"rendered":"https:\/\/gpl-love.com\/es\/producto\/yith-brands-add-on-premium\/"},"modified":"2026-03-13T17:33:58","modified_gmt":"2026-03-13T22:33:58","slug":"yith-brands-add-on-premium","status":"publish","type":"product","link":"https:\/\/gpl-love.com\/es\/producto\/yith-brands-add-on-premium\/","title":{"rendered":"YITH Brands Add On Premium 2.37.0"},"content":{"rendered":"<h3>YITH Brands Add On Premium Caracteristicas<\/h3>\n<p>Su marcas Add On Premium es una herramienta extremadamente potente que facilita competencia la creaci\u00f3n y gesti\u00f3n de las marcas para su estimada tienda de WooCommerce. Este notable complemento le permite clasificar sin esfuerzo su amplia gama de productos bajo diversas marcas distintas, simplificando as\u00ed la ardua tarea de localizar los art\u00edculos deseados para su clientela exigente. En particular, se acompa\u00f1a de una interfaz incre\u00edblemente f\u00e1cil de usar que racionaliza en gran medida el proceso de agregar, modificar y eliminar marcas. Adem\u00e1s, la flexibilidad que ofrece en t\u00e9rminos de personalizaci\u00f3n de sus p\u00e1ginas de marca para alinearse sin problemas con la est\u00e9tica de dise\u00f1o \u00fanica de su tienda es realmente encomiable. Adem\u00e1s, la provisi\u00f3n de asignar un logotipo individual y una descripci\u00f3n integral a cada marca sirve como un recurso invaluable, proporcionando a sus clientes estimados una gran cantidad de informaci\u00f3n complementaria relacionada con su mercanc\u00eda excepcional. En esencia, las capacidades incomparables de sus marcas se suman a Premium le permiten forjar una experiencia de compra incomparable, profesional y meticulosamente organizada para su estimada clientela, lo que lleva a un aumento exponencial en las ventas y fomentan el notable crecimiento de su empresa estimada.<\/p>\n<ul>\n<li>Cree f\u00e1cilmente p\u00e1ginas de marca para su sitio web.<\/li>\n<li>Permitir a los clientes filtrar productos por marca.<\/li>\n<li>Muestre iconos de marca en las p\u00e1ginas de productos y en los resultados de b\u00fasqueda.<\/li>\n<li>Personalice las p\u00e1ginas de marca con dise\u00f1os e im\u00e1genes \u00fanicos.<\/li>\n<li>Cree controles deslizantes de marca o carruseles para p\u00e1ginas de p\u00e1gina de inicio o categor\u00edas.<\/li>\n<li>Configure la asociaci\u00f3n de marca autom\u00e1tica basada en los atributos del producto.<\/li>\n<li>Conecte las marcas a productos relacionados para obtener oportunidades de venta adicional.<\/li>\n<li>Agregue URL de marca para mejorar el SEO y aumentar el tr\u00e1fico.<\/li>\n<\/ul>\n","protected":false},"excerpt":{"rendered":"<p>Las marcas adem\u00e1s de Premium se presenta como una herramienta robusta e influyente que tiene como objetivo satisfacer las necesidades de los propietarios de tiendas en l\u00ednea que est\u00e1n ansiosos por cultivar una identidad de marca formidable para su negocio. Al utilizar este innovador complemento, se puede crear y administrar sin esfuerzo sus propios logotipos, nombres y descripciones de marca distintos, que se pueden exhibir de manera prominente en sus respectivas p\u00e1ginas de productos, categor\u00edas y resultados de b\u00fasqueda. Esta caracter\u00edstica ventajosa permite a los clientes identificar f\u00e1cilmente productos afiliados a su marca estimada, fomentando as\u00ed un mayor sentido de reconocimiento de marca y lealtad. Adem\u00e1s, las marcas su agregadas se distinguen como un complemento f\u00e1cil de usar que se puede instalar y utilizar sin esfuerzo, con una gran cantidad de opciones de personalizaci\u00f3n que se pueden adaptar para cumplir con sus preferencias y requisitos \u00fanicos. Disfrute de la oportunidad de elevar la marca de su tienda en l\u00ednea adoptando el potencial incomparable que las marcas que agregan a Premium tienen para ofrecer.<\/p>\n","protected":false},"featured_media":168595,"comment_status":"open","ping_status":"open","template":"","meta":[],"product_brand":[2391],"product_cat":[1208,1207,1206],"product_tag":[1462],"class_list":{"0":"post-121795","1":"product","2":"type-product","3":"status-publish","4":"has-post-thumbnail","6":"product_brand-yith","7":"product_cat-administracion","8":"product_cat-comercio-electronico-plugins","9":"product_cat-plugins","10":"product_tag-yith","11":"member-discount","12":"discount-restricted","14":"first","15":"instock","16":"sale","17":"downloadable","18":"virtual","19":"sold-individually","20":"purchasable","21":"product-type-simple"},"_links":{"self":[{"href":"https:\/\/gpl-love.com\/es\/wp-json\/wp\/v2\/product\/121795","targetHints":{"allow":["GET"]}}],"collection":[{"href":"https:\/\/gpl-love.com\/es\/wp-json\/wp\/v2\/product"}],"about":[{"href":"https:\/\/gpl-love.com\/es\/wp-json\/wp\/v2\/types\/product"}],"replies":[{"embeddable":true,"href":"https:\/\/gpl-love.com\/es\/wp-json\/wp\/v2\/comments?post=121795"}],"wp:featuredmedia":[{"embeddable":true,"href":"https:\/\/gpl-love.com\/es\/wp-json\/wp\/v2\/media\/168595"}],"wp:attachment":[{"href":"https:\/\/gpl-love.com\/es\/wp-json\/wp\/v2\/media?parent=121795"}],"wp:term":[{"taxonomy":"product_brand","embeddable":true,"href":"https:\/\/gpl-love.com\/es\/wp-json\/wp\/v2\/product_brand?post=121795"},{"taxonomy":"product_cat","embeddable":true,"href":"https:\/\/gpl-love.com\/es\/wp-json\/wp\/v2\/product_cat?post=121795"},{"taxonomy":"product_tag","embeddable":true,"href":"https:\/\/gpl-love.com\/es\/wp-json\/wp\/v2\/product_tag?post=121795"}],"curies":[{"name":"wp","href":"https:\/\/api.w.org\/{rel}","templated":true}]}}