{"id":121793,"date":"2025-09-01T00:00:00","date_gmt":"2025-09-01T05:00:00","guid":{"rendered":"https:\/\/gpl-love.com\/es\/producto\/yith-booking-y-appointment-para-woocommerce-premium\/"},"modified":"2026-04-05T11:16:06","modified_gmt":"2026-04-05T16:16:06","slug":"yith-booking-y-appointment-para-woocommerce-premium","status":"publish","type":"product","link":"https:\/\/gpl-love.com\/es\/producto\/yith-booking-y-appointment-para-woocommerce-premium\/","title":{"rendered":"YITH Booking y Appointment para WooCommerce Premium 5.31.0"},"content":{"rendered":"<h3>YITH Booking y Appointment para WooCommerce Premium Caracteristicas<\/h3>\n<p>Su reserva y cita para WooCommerce Premium es un complemento notablemente robusto que otorga a los usuarios la conveniencia de programar citas y reservas. Este formidable complemento de WordPress presenta una gama integral de caracter\u00edsticas que se pueden integrar sin esfuerzo en cualquier sitio web de WooCommerce. Con la ayuda de este complemento, los usuarios poseen la capacidad de configurar formularios de reservas y citas adaptables para una amplia gama de servicios, incluidas, entre otros, reservas de hoteles, tratamientos de spa y citas m\u00e9dicas. Equipado con una gran cantidad de atributos invaluables como reglas de precios flexibles, gesti\u00f3n de disponibilidad, notificaciones autom\u00e1ticas por correo electr\u00f3nico y m\u00e1s, este complemento realmente se destaca. La interfaz est\u00e1 dise\u00f1ada para ser f\u00e1cil de usar, lo que permite a los usuarios administrar sin esfuerzo sus reservas y citas. Este complemento sirve como una soluci\u00f3n excepcional para las empresas que dependen en gran medida de los servicios basados \u200b\u200ben citas y buscan optimizar su proceso de reserva, mejorar la eficiencia operativa y, en \u00faltima instancia, aumentar la satisfacci\u00f3n del cliente.<\/p>\n<ul>\n<li>Permite a las empresas administrar f\u00e1cilmente las reservas y las citas en su sitio web de WooCommerce<\/li>\n<li>Se integra a la perfecci\u00f3n con WooCommerce, para que las empresas puedan administrar reservas y citas del mismo backend que su tienda en l\u00ednea<\/li>\n<li>Ofrece flexibilidad para personalizar la configuraci\u00f3n de la reserva, como la duraci\u00f3n de las citas y los tiempos de disponibilidad<\/li>\n<li>Proporciona un calendario de reserva f\u00e1cil de usar para que los clientes vean la disponibilidad y las citas de libros<\/li>\n<li>Incluye notificaciones por correo electr\u00f3nico tanto para los clientes como para los due\u00f1os de negocios para confirmar y recordar citas<\/li>\n<li>Ofrece la opci\u00f3n de aceptar pagos en l\u00ednea para las citas<\/li>\n<li>Permite a las empresas establecer diferentes miembros del personal con disponibilidad y precios \u00fanicos para sus servicios.<\/li>\n<li>Proporciona informes y an\u00e1lisis perspicaces para rastrear reservas, ingresos y rendimiento del personal<\/li>\n<li>Cuenta con soporte multiling\u00fce para una audiencia global.<\/li>\n<\/ul>\n","protected":false},"excerpt":{"rendered":"<p>Su reserva y cita para WooCommerce Premium surge como un complemento de gesti\u00f3n de reservas extremadamente sofisticado, facilitando as\u00ed la perfecta provisi\u00f3n de servicios de cita y reserva en su tienda de WooCommerce. Equipado con una interfaz notablemente robusta y f\u00e1cil de usar, le permite generar diversas formas de servicios de reserva, configurar fechas y tiempos disponibles y adaptar el formulario de reserva de acuerdo con sus requisitos \u00fanicos. La provisi\u00f3n de confirmaciones automatizadas, recordatorios y notificaciones sirve como una comodidad adicional para los clientes, que pueden hacer reservas convenientemente en su sitio web. Adem\u00e1s, asegurando la gesti\u00f3n sin esfuerzo de sus reservas y citas, el complemento le permite examinar los horarios y generar informes completos. En consecuencia, su reserva y cita para WooCommerce Premium surge como una soluci\u00f3n excepcionalmente confiable y altamente eficiente para administrar efectivamente las reservas y citas en su estimada tienda en l\u00ednea.<\/p>\n","protected":false},"featured_media":168594,"comment_status":"open","ping_status":"open","template":"","meta":[],"product_brand":[2391],"product_cat":[1208,1207,1206],"product_tag":[1462],"class_list":{"0":"post-121793","1":"product","2":"type-product","3":"status-publish","4":"has-post-thumbnail","6":"product_brand-yith","7":"product_cat-administracion","8":"product_cat-comercio-electronico-plugins","9":"product_cat-plugins","10":"product_tag-yith","11":"member-discount","12":"discount-restricted","14":"first","15":"instock","16":"sale","17":"downloadable","18":"virtual","19":"sold-individually","20":"purchasable","21":"product-type-simple"},"_links":{"self":[{"href":"https:\/\/gpl-love.com\/es\/wp-json\/wp\/v2\/product\/121793","targetHints":{"allow":["GET"]}}],"collection":[{"href":"https:\/\/gpl-love.com\/es\/wp-json\/wp\/v2\/product"}],"about":[{"href":"https:\/\/gpl-love.com\/es\/wp-json\/wp\/v2\/types\/product"}],"replies":[{"embeddable":true,"href":"https:\/\/gpl-love.com\/es\/wp-json\/wp\/v2\/comments?post=121793"}],"wp:featuredmedia":[{"embeddable":true,"href":"https:\/\/gpl-love.com\/es\/wp-json\/wp\/v2\/media\/168594"}],"wp:attachment":[{"href":"https:\/\/gpl-love.com\/es\/wp-json\/wp\/v2\/media?parent=121793"}],"wp:term":[{"taxonomy":"product_brand","embeddable":true,"href":"https:\/\/gpl-love.com\/es\/wp-json\/wp\/v2\/product_brand?post=121793"},{"taxonomy":"product_cat","embeddable":true,"href":"https:\/\/gpl-love.com\/es\/wp-json\/wp\/v2\/product_cat?post=121793"},{"taxonomy":"product_tag","embeddable":true,"href":"https:\/\/gpl-love.com\/es\/wp-json\/wp\/v2\/product_tag?post=121793"}],"curies":[{"name":"wp","href":"https:\/\/api.w.org\/{rel}","templated":true}]}}