{"id":121789,"date":"2021-04-15T00:00:00","date_gmt":"2021-04-15T05:00:00","guid":{"rendered":"https:\/\/gpl-love.com\/es\/producto\/yith-best-price-guaranteed-para-woocommerce-premium\/"},"modified":"2026-03-13T17:33:56","modified_gmt":"2026-03-13T22:33:56","slug":"yith-best-price-guaranteed-para-woocommerce-premium","status":"publish","type":"product","link":"https:\/\/gpl-love.com\/es\/producto\/yith-best-price-guaranteed-para-woocommerce-premium\/","title":{"rendered":"YITH Best Price Guaranteed para WooCommerce Premium 1.2.26"},"content":{"rendered":"<h3>YITH Best Price Guaranteed para WooCommerce Premium Caracteristicas<\/h3>\n<p>Su mejor precio garantizado para WooCommerce Premium es un complemento extremadamente robusto que otorga la capacidad de los propietarios de tiendas en l\u00ednea para ofrecer a sus clientes con los m\u00e1ximos precios superiores alcanzables. Este ingenioso complemento faculta a los clientes solicitar un precio m\u00e1s favorable para un producto designado expl\u00edcitamente, y por lo tanto permite al propietario de la tienda consentir o rechazar la solicitud. Si se otorga la solicitud, el cliente se otorgar\u00e1 un c\u00f3digo de descuento a medida, y el complemento, de manera automatizada, administrar\u00e1 el descuento al producto. Este complemento excepcional no solo facilita el aumento de la satisfacci\u00f3n y la lealtad entre los clientes, sino que tambi\u00e9n sirve como catalizador para la amplificaci\u00f3n de las ventas mediante la oferta de precios que generan competencia. Su mejor precio garantizado para WooCommerce Premium, con su instalaci\u00f3n f\u00e1cil y caracter\u00edsticas personalizables, es un imperativo absoluto para todas y cada una de las tiendas en l\u00ednea.<\/p>\n<ul>\n<li>Su mejor precio garantizado para WooCommerce Premium es un complemento poderoso que ayuda a aumentar las ventas y la lealtad del cliente<\/li>\n<li>El complemento asegura que los clientes siempre obtengan el mejor precio para el producto que est\u00e1n comprando<\/li>\n<li>Ofrece una interfaz f\u00e1cil de usar que permite a los propietarios de tiendas configurar y personalizar r\u00e1pidamente la mejor pol\u00edtica de garant\u00eda de precio<\/li>\n<li>Con este complemento, los propietarios de tiendas pueden monitorear los precios de la competencia y ajustar sus propios precios en consecuencia<\/li>\n<li>Los clientes pueden enviar una solicitud de un precio m\u00e1s bajo si encuentran el mismo producto en otro lugar a un precio m\u00e1s bajo<\/li>\n<li>El complemento se integra a la perfecci\u00f3n con la plataforma WooCommerce para una experiencia sin problemas<\/li>\n<li>Su mejor precio garantizado para WooCommerce Premium ofrece una amplia documentaci\u00f3n y soporte dedicado para los usuarios<\/li>\n<li>El complemento se actualiza regularmente con nuevas caracter\u00edsticas y mejoras para garantizar la mejor experiencia para los usuarios.<\/li>\n<li>Ofrece una excelente relaci\u00f3n calidad -precio, especialmente para las empresas que buscan aumentar las ventas y retener a los clientes leales.<\/li>\n<\/ul>\n","protected":false},"excerpt":{"rendered":"<p>Su mejor precio garantizado para WooCommerce Premium es un complemento incre\u00edblemente robusto y altamente efectivo que ha sido dise\u00f1ado espec\u00edficamente para elevar y elevar la experiencia general de compra digital para todos los comerciantes y clientes participantes por igual. Al emplear este complemento de vanguardia, los propietarios de tiendas en l\u00ednea pueden ofrecer firme y con confianza los mejores precios absolutos disponibles para su amplia gama de productos y servicios a su estimada base de clientes. Este complemento, en su inquebrantable compromiso con la excelencia, garantiza inequ\u00edvocamente que los precios que figuran en el sitio web son de hecho los precios m\u00e1s bajos posibles. Adem\u00e1s, si alg\u00fan cliente, por alguna oportunidad extraordinaria, se topara con una oferta m\u00e1s favorable y atractiva en otro lugar, este complemento, que sirve como un emblema de la justicia y la dedicaci\u00f3n inquebrantable a la satisfacci\u00f3n del cliente, proporcionar\u00e1 de manera r\u00e1pida y eficiente un c\u00f3digo de cup\u00f3n \u00fanico que representa con precisi\u00f3n el La disparidad monetaria entre el precio original y la oferta reci\u00e9n descubierta, y m\u00e1s ventajosa. Adem\u00e1s de este nivel de garant\u00eda incomparable, este complemento proporciona un aumento incomparable en la garant\u00eda del cliente, fomentando un profundo sentido de lealtad a la marca entre la base de clientes, que finalmente e inevitablemente conduce a un aumento significativo en las ventas.<\/p>\n","protected":false},"featured_media":168592,"comment_status":"open","ping_status":"open","template":"","meta":[],"product_brand":[2391],"product_cat":[1208,1207,1206],"product_tag":[1462],"class_list":{"0":"post-121789","1":"product","2":"type-product","3":"status-publish","4":"has-post-thumbnail","6":"product_brand-yith","7":"product_cat-administracion","8":"product_cat-comercio-electronico-plugins","9":"product_cat-plugins","10":"product_tag-yith","11":"member-discount","12":"discount-restricted","14":"first","15":"instock","16":"sale","17":"downloadable","18":"virtual","19":"sold-individually","20":"purchasable","21":"product-type-simple"},"_links":{"self":[{"href":"https:\/\/gpl-love.com\/es\/wp-json\/wp\/v2\/product\/121789","targetHints":{"allow":["GET"]}}],"collection":[{"href":"https:\/\/gpl-love.com\/es\/wp-json\/wp\/v2\/product"}],"about":[{"href":"https:\/\/gpl-love.com\/es\/wp-json\/wp\/v2\/types\/product"}],"replies":[{"embeddable":true,"href":"https:\/\/gpl-love.com\/es\/wp-json\/wp\/v2\/comments?post=121789"}],"wp:featuredmedia":[{"embeddable":true,"href":"https:\/\/gpl-love.com\/es\/wp-json\/wp\/v2\/media\/168592"}],"wp:attachment":[{"href":"https:\/\/gpl-love.com\/es\/wp-json\/wp\/v2\/media?parent=121789"}],"wp:term":[{"taxonomy":"product_brand","embeddable":true,"href":"https:\/\/gpl-love.com\/es\/wp-json\/wp\/v2\/product_brand?post=121789"},{"taxonomy":"product_cat","embeddable":true,"href":"https:\/\/gpl-love.com\/es\/wp-json\/wp\/v2\/product_cat?post=121789"},{"taxonomy":"product_tag","embeddable":true,"href":"https:\/\/gpl-love.com\/es\/wp-json\/wp\/v2\/product_tag?post=121789"}],"curies":[{"name":"wp","href":"https:\/\/api.w.org\/{rel}","templated":true}]}}