{"id":121787,"date":"2025-08-31T00:00:00","date_gmt":"2025-08-31T05:00:00","guid":{"rendered":"https:\/\/gpl-love.com\/es\/producto\/yith-badge-management-premium\/"},"modified":"2026-03-13T17:33:54","modified_gmt":"2026-03-13T22:33:54","slug":"yith-badge-management-premium","status":"publish","type":"product","link":"https:\/\/gpl-love.com\/es\/producto\/yith-badge-management-premium\/","title":{"rendered":"YITH Badge Management Premium 3.19.0"},"content":{"rendered":"<h3>YITH Badge Management Premium Caracteristicas<\/h3>\n<p>El complemento Premium de gesti\u00f3n de insignias es una herramienta muy vers\u00e1til que ofrece una amplia gama de funcionalidades para administrar y mostrar insignias en su tienda WooCommerce. Proporciona una gran cantidad de dise\u00f1os de insignias para elegir, lo que le permite personalizar y llamar la atenci\u00f3n sin esfuerzo a los productos que cumplen criterios espec\u00edficos, como altas ventas, popularidad o ser reci\u00e9n agregado. Adem\u00e1s, este complemento le brinda la oportunidad de crear sus propias insignias \u00fanicas, d\u00e1ndole a su tienda un atractivo visual distintivo. Adem\u00e1s de sus capacidades de dise\u00f1o, el complemento Premium de gesti\u00f3n de insignias tambi\u00e9n ofrece caracter\u00edsticas completas de informes y an\u00e1lisis. Estas herramientas invaluables le permiten evaluar con precisi\u00f3n el rendimiento de sus insignias y tomar decisiones informadas sobre c\u00f3mo optimizar las tasas de ventas y conversi\u00f3n de su tienda. Con su interfaz f\u00e1cil de usar y sus funcionalidades robustas, el complemento Premium de gesti\u00f3n de insignias es un activo indispensable para cualquier propietario de la tienda de WooCommerce que busque amplificar las ventas y mejorar la experiencia general de compra para sus estimados clientes.<\/p>\n<ul>\n<li>Un complemento poderoso que le permite agregar insignias personalizadas a su sitio web<\/li>\n<li>Ofrece una variedad de insignias predise\u00f1adas para elegir<\/li>\n<li>Le da la opci\u00f3n de crear insignias personalizadas con su propio dise\u00f1o y texto.<\/li>\n<li>Le permite asignar insignias a los usuarios en funci\u00f3n de una condici\u00f3n espec\u00edfica<\/li>\n<li>Rastrea la actividad del usuario y asigna autom\u00e1ticamente insignias a medida que cumplen con ciertos hitos<\/li>\n<li>Proporciona an\u00e1lisis detallados sobre el rendimiento de la insignia y la participaci\u00f3n del usuario<\/li>\n<li>Integraci\u00f3n perfecta con WooCommerce y otras plataformas de comercio electr\u00f3nico populares<\/li>\n<li>Interfaz f\u00e1cil de usar con funcionalidad simple de arrastrar y soltar<\/li>\n<li>Documentaci\u00f3n y apoyo integrales para garantizar una experiencia sin problemas<\/li>\n<li>Actualizaciones continuas y nuevas caracter\u00edsticas para mejorar la funcionalidad del complemento.<\/li>\n<\/ul>\n","protected":false},"excerpt":{"rendered":"<p>Su Premium de gesti\u00f3n de insignias es una herramienta incre\u00edblemente robusta y efectiva que le permite administrar y exhibir insignias en su estimada tienda en l\u00ednea. Este notable complemento cuenta con una interfaz f\u00e1cil de usar, lo que le permite crear y asignar insignias personalizadas a productos, categor\u00edas o incluso roles de usuario espec\u00edficos. Estas insignias excepcionales sirven como un medio potente para enfatizar y acentuar varias facetas de su tienda, ya sea ofertas especiales, promociones, llegadas nuevas o cualquier otro elemento que garantice la atenci\u00f3n. Adem\u00e1s, este complemento excepcional est\u00e1 repleto de caracter\u00edsticas de vanguardia, incluida la programaci\u00f3n de insignias, el soporte multiling\u00fce y la capacidad de personalizar los estilos de insignias. Al integrar su prima de gesti\u00f3n de insignias en su tienda en l\u00ednea, sin duda amplificar\u00e1 la experiencia del usuario, lo que en \u00faltima instancia conduce a un aumento notable en las ventas, ya que sus productos y ofertas atractivas y atractivas son bellamente resaltadas y exhibidas.<\/p>\n","protected":false},"featured_media":168590,"comment_status":"open","ping_status":"open","template":"","meta":[],"product_brand":[2391],"product_cat":[1207,1248,1206],"product_tag":[1462],"class_list":{"0":"post-121787","1":"product","2":"type-product","3":"status-publish","4":"has-post-thumbnail","6":"product_brand-yith","7":"product_cat-comercio-electronico-plugins","8":"product_cat-personalizacion-comercio-electronico-plugins","9":"product_cat-plugins","10":"product_tag-yith","11":"member-discount","12":"discount-restricted","14":"first","15":"instock","16":"sale","17":"downloadable","18":"virtual","19":"sold-individually","20":"purchasable","21":"product-type-simple"},"_links":{"self":[{"href":"https:\/\/gpl-love.com\/es\/wp-json\/wp\/v2\/product\/121787","targetHints":{"allow":["GET"]}}],"collection":[{"href":"https:\/\/gpl-love.com\/es\/wp-json\/wp\/v2\/product"}],"about":[{"href":"https:\/\/gpl-love.com\/es\/wp-json\/wp\/v2\/types\/product"}],"replies":[{"embeddable":true,"href":"https:\/\/gpl-love.com\/es\/wp-json\/wp\/v2\/comments?post=121787"}],"wp:featuredmedia":[{"embeddable":true,"href":"https:\/\/gpl-love.com\/es\/wp-json\/wp\/v2\/media\/168590"}],"wp:attachment":[{"href":"https:\/\/gpl-love.com\/es\/wp-json\/wp\/v2\/media?parent=121787"}],"wp:term":[{"taxonomy":"product_brand","embeddable":true,"href":"https:\/\/gpl-love.com\/es\/wp-json\/wp\/v2\/product_brand?post=121787"},{"taxonomy":"product_cat","embeddable":true,"href":"https:\/\/gpl-love.com\/es\/wp-json\/wp\/v2\/product_cat?post=121787"},{"taxonomy":"product_tag","embeddable":true,"href":"https:\/\/gpl-love.com\/es\/wp-json\/wp\/v2\/product_tag?post=121787"}],"curies":[{"name":"wp","href":"https:\/\/api.w.org\/{rel}","templated":true}]}}