{"id":121783,"date":"2025-08-31T00:00:00","date_gmt":"2025-08-31T05:00:00","guid":{"rendered":"https:\/\/gpl-love.com\/es\/producto\/yith-authorizenet-payment-gateway-premium\/"},"modified":"2026-03-13T17:33:52","modified_gmt":"2026-03-13T22:33:52","slug":"yith-authorizenet-payment-gateway-premium","status":"publish","type":"product","link":"https:\/\/gpl-love.com\/es\/producto\/yith-authorizenet-payment-gateway-premium\/","title":{"rendered":"YITH Authorize.net Payment Gateway Premium 1.47.0"},"content":{"rendered":"<h3>YITH Authorize.net Payment Gateway Premium Caracteristicas<\/h3>\n<p>Yith Authorize.net Payment Gateway Premium es una soluci\u00f3n ejemplar para pasarelas de pago, que sirve como una v\u00eda para que las empresas acepten convenientemente los pagos con tarjeta de cr\u00e9dito en el \u00e1mbito digital. Este complemento est\u00e1 ingeniosamente dise\u00f1ado para integrarse perfectamente con su sitio web de WordPress, otorgando a sus clientes una experiencia de pago sin problemas al comprar sus productos o aprovechar sus servicios. Al emplear la prima de la pasarela de pago Authorize.net, puede estar seguro de que las transacciones de la tarjeta de cr\u00e9dito se manejan con la m\u00e1xima seguridad, eliminando efectivamente las preocupaciones sobre posibles infracciones. Adem\u00e1s, este complemento ofrece una gran cantidad de caracter\u00edsticas que lo capacitan sin esfuerzo para administrar sin esfuerzo pagos, suscripciones, reembolsos y cancelaciones. Adem\u00e1s, la p\u00e1gina de pago es completamente personalizable, lo que le permite adaptar su apariencia para alinearse con su identidad de marca. Adem\u00e1s, los pagos recurrentes se pueden establecer sin esfuerzo para garantizar que sus clientes se cobran constantemente seg\u00fan sea necesario. Con una interfaz f\u00e1cil de usar y una s\u00f3lida selecci\u00f3n de caracter\u00edsticas, la Premio de la pasarela de pago de Yith Authorize.net se considera un instrumento indispensable para cualquier empresa que busque optimizar sus procesos de pago y aumentar la satisfacci\u00f3n del cliente.<\/p>\n<ul>\n<li>Procesamiento de pagos confiable y seguro utilizando Authorize.net<\/li>\n<li>Integraci\u00f3n perfecta con su tienda WooCommerce<\/li>\n<li>Acepte los pagos de todas las principales tarjetas de cr\u00e9dito y verificaciones electr\u00f3nicas<\/li>\n<li>F\u00e1cil de configurar y configurar<\/li>\n<li>Admite pagos recurrentes para empresas basadas en suscripci\u00f3n<\/li>\n<li>Permite a los clientes ahorrar su informaci\u00f3n de pago para futuras compras<\/li>\n<li>Ofrece una experiencia eficiente en l\u00ednea en l\u00ednea<\/li>\n<li>Compatible con instalaciones multisitio de WordPress<\/li>\n<li>Atenci\u00f3n al cliente accesible y documentaci\u00f3n detallada proporcionada por Yith.<\/li>\n<\/ul>\n","protected":false},"excerpt":{"rendered":"<p>Yith Authorize.net Pague Guerdway Premium, reconocido por su confiabilidad y robustez, es una pasarela de pago meticulosamente elaborada que satisface las necesidades de los sitios web de comercio electr\u00f3nico. Este complemento extraordinario capacita a las empresas en l\u00ednea al facilitar la aceptaci\u00f3n de los pagos de los clientes a trav\u00e9s de una mir\u00edada de v\u00edas, abarcar tarjetas de cr\u00e9dito y d\u00e9bito, verificaciones electr\u00f3nicas e incluso billeteras digitales. Al aprovechar las capacidades formidables de Yith Authorize.net Pague Guerdway Premium, puede salvaguardar sin esfuerzo los detalles de pago confidencial de su estimada clientela y al mismo tiempo ofreci\u00e9ndoles una experiencia de pago sin problemas y acelerados. Con su naturaleza f\u00e1cil de usar y su proceso de instalaci\u00f3n sin complicaciones, este complemento de pasarela de pago sin igual surge como la soluci\u00f3n por excelencia para empresas de estatura modesta a moderada que anhela elevar sus protocolos de pago en l\u00ednea.<\/p>\n","protected":false},"featured_media":168588,"comment_status":"open","ping_status":"open","template":"","meta":[],"product_brand":[2391],"product_cat":[1207,1426,1206],"product_tag":[1462],"class_list":{"0":"post-121783","1":"product","2":"type-product","3":"status-publish","4":"has-post-thumbnail","6":"product_brand-yith","7":"product_cat-comercio-electronico-plugins","8":"product_cat-pago-comercio-electronico-plugins","9":"product_cat-plugins","10":"product_tag-yith","11":"member-discount","12":"discount-restricted","14":"first","15":"instock","16":"sale","17":"downloadable","18":"virtual","19":"sold-individually","20":"purchasable","21":"product-type-simple"},"_links":{"self":[{"href":"https:\/\/gpl-love.com\/es\/wp-json\/wp\/v2\/product\/121783","targetHints":{"allow":["GET"]}}],"collection":[{"href":"https:\/\/gpl-love.com\/es\/wp-json\/wp\/v2\/product"}],"about":[{"href":"https:\/\/gpl-love.com\/es\/wp-json\/wp\/v2\/types\/product"}],"replies":[{"embeddable":true,"href":"https:\/\/gpl-love.com\/es\/wp-json\/wp\/v2\/comments?post=121783"}],"wp:featuredmedia":[{"embeddable":true,"href":"https:\/\/gpl-love.com\/es\/wp-json\/wp\/v2\/media\/168588"}],"wp:attachment":[{"href":"https:\/\/gpl-love.com\/es\/wp-json\/wp\/v2\/media?parent=121783"}],"wp:term":[{"taxonomy":"product_brand","embeddable":true,"href":"https:\/\/gpl-love.com\/es\/wp-json\/wp\/v2\/product_brand?post=121783"},{"taxonomy":"product_cat","embeddable":true,"href":"https:\/\/gpl-love.com\/es\/wp-json\/wp\/v2\/product_cat?post=121783"},{"taxonomy":"product_tag","embeddable":true,"href":"https:\/\/gpl-love.com\/es\/wp-json\/wp\/v2\/product_tag?post=121783"}],"curies":[{"name":"wp","href":"https:\/\/api.w.org\/{rel}","templated":true}]}}