{"id":121777,"date":"2022-05-02T00:00:00","date_gmt":"2022-05-02T05:00:00","guid":{"rendered":"https:\/\/gpl-love.com\/es\/producto\/yith-amazon-s3-storage-premium\/"},"modified":"2026-03-13T17:33:49","modified_gmt":"2026-03-13T22:33:49","slug":"yith-amazon-s3-storage-premium","status":"publish","type":"product","link":"https:\/\/gpl-love.com\/es\/producto\/yith-amazon-s3-storage-premium\/","title":{"rendered":"YITH Amazon S3 Storage Premium 1.9.0"},"content":{"rendered":"<h3>YITH Amazon S3 Storage Premium Caracteristicas<\/h3>\n<p>Su Amazon S3 Storage Premium es una herramienta incre\u00edblemente robusta y de alta potencia que ha sido h\u00e1bilmente dise\u00f1ada para simplificar y optimizar la ardua tarea de administrar los archivos del sitio web. Su objetivo principal es proporcionar a los usuarios los medios para almacenar y organizar sin esfuerzo todos los archivos de su sitio web dentro del estimado sistema de almacenamiento de la nube de Amazon S3, eliminando cualquier dolores o complicaciones innecesarias. Lo que realmente distingue a este complemento excepcional de la competencia es su integraci\u00f3n perfecta con la aclamada biblioteca de medios de WordPress, asegurando una experiencia fluida y eficiente cuando se trata de la administraci\u00f3n de archivos. Esta herramienta fenomenal permite a los usuarios cargar sin esfuerzo, crear carpetas sin esfuerzo y supervisar sin esfuerzo la administraci\u00f3n de sus archivos sin sudar. Adem\u00e1s, va m\u00e1s all\u00e1 al ofrecer una variedad de caracter\u00edsticas avanzadas dise\u00f1adas para satisfacer las necesidades y requisitos espec\u00edficos de las empresas. Estas caracter\u00edsticas notables incluyen la capacidad de personalizar los permisos de archivos, la conveniencia de las copias de seguridad autom\u00e1ticas y el beneficio incomparable de la capacidad de almacenamiento ilimitada. Cuando todo est\u00e1 dicho y hecho, est\u00e1 muy claro que su prima de almacenamiento de Amazon S3 es inequ\u00edvocamente la soluci\u00f3n definitiva para las empresas que buscan un m\u00e9todo confiable y altamente efectivo para administrar eficientemente los archivos de su sitio web.<\/p>\n<ul>\n<li>Permite a los usuarios almacenar archivos en los servidores Amazon S3<\/li>\n<li>Acceda f\u00e1cilmente a sus archivos con autenticaci\u00f3n segura<\/li>\n<li>Proporciona copias de seguridad autom\u00e1ticas para sus archivos<\/li>\n<li>Ofrece soporte para tama\u00f1os de archivos grandes para aquellos que requieren m\u00e1s almacenamiento<\/li>\n<li>Se integra a la perfecci\u00f3n con WooCommerce, lo que permite una f\u00e1cil gesti\u00f3n de archivos para tiendas en l\u00ednea<\/li>\n<li>Proporciona una interfaz f\u00e1cil de usar para una gesti\u00f3n de archivos f\u00e1cil y organizada<\/li>\n<li>Incluye opciones de personalizaci\u00f3n avanzada para aquellos que requieren m\u00e1s control sobre sus archivos<\/li>\n<li>Proporciona almacenamiento y acceso confiables para empresas e individuos por igual<\/li>\n<li>Puede aumentar la velocidad y el rendimiento del sitio web descargando archivos a los servidores Amazon S3<\/li>\n<\/ul>\n","protected":false},"excerpt":{"rendered":"<p>Su Amazon S3 Storage Premium se presenta como una soluci\u00f3n de almacenamiento confiable que se integra sin esfuerzo con su sitio web, proporcionando una experiencia de usuario perfecta. Este complemento excepcionalmente robusto le otorga la capacidad de almacenar de forma segura todos los archivos multimedia de su sitio web, como im\u00e1genes y videos, en los servidores Amazon S3 altamente eficientes, asegurando una entrega expedita de su contenido. Incorporando funcionalidades avanzadas, incluida la copia de seguridad autom\u00e1tica y la sincronizaci\u00f3n con la biblioteca de medios de WordPress, este complemento facilita la gesti\u00f3n eficiente de sus archivos, que posteriormente simplifica su flujo de trabajo. Adem\u00e1s, este complemento premium cuenta con un sistema integral de control de acceso, que garantiza la m\u00e1xima protecci\u00f3n y control autorizado sobre los datos invaluables de su sitio. Al optar por la prima de almacenamiento de Amazon S3, puede mejorar de manera efectiva la velocidad, confiabilidad y seguridad de su sitio a niveles sin precedentes.<\/p>\n","protected":false},"featured_media":168585,"comment_status":"open","ping_status":"open","template":"","meta":[],"product_brand":[2391],"product_cat":[1208,1207,1206],"product_tag":[1462],"class_list":{"0":"post-121777","1":"product","2":"type-product","3":"status-publish","4":"has-post-thumbnail","6":"product_brand-yith","7":"product_cat-administracion","8":"product_cat-comercio-electronico-plugins","9":"product_cat-plugins","10":"product_tag-yith","11":"member-discount","12":"discount-restricted","14":"first","15":"instock","16":"sale","17":"downloadable","18":"virtual","19":"sold-individually","20":"purchasable","21":"product-type-simple"},"_links":{"self":[{"href":"https:\/\/gpl-love.com\/es\/wp-json\/wp\/v2\/product\/121777","targetHints":{"allow":["GET"]}}],"collection":[{"href":"https:\/\/gpl-love.com\/es\/wp-json\/wp\/v2\/product"}],"about":[{"href":"https:\/\/gpl-love.com\/es\/wp-json\/wp\/v2\/types\/product"}],"replies":[{"embeddable":true,"href":"https:\/\/gpl-love.com\/es\/wp-json\/wp\/v2\/comments?post=121777"}],"wp:featuredmedia":[{"embeddable":true,"href":"https:\/\/gpl-love.com\/es\/wp-json\/wp\/v2\/media\/168585"}],"wp:attachment":[{"href":"https:\/\/gpl-love.com\/es\/wp-json\/wp\/v2\/media?parent=121777"}],"wp:term":[{"taxonomy":"product_brand","embeddable":true,"href":"https:\/\/gpl-love.com\/es\/wp-json\/wp\/v2\/product_brand?post=121777"},{"taxonomy":"product_cat","embeddable":true,"href":"https:\/\/gpl-love.com\/es\/wp-json\/wp\/v2\/product_cat?post=121777"},{"taxonomy":"product_tag","embeddable":true,"href":"https:\/\/gpl-love.com\/es\/wp-json\/wp\/v2\/product_tag?post=121777"}],"curies":[{"name":"wp","href":"https:\/\/api.w.org\/{rel}","templated":true}]}}