{"id":121771,"date":"2025-08-08T00:00:00","date_gmt":"2025-08-08T05:00:00","guid":{"rendered":"https:\/\/gpl-love.com\/es\/producto\/yith-affiliates-premium\/"},"modified":"2026-03-13T17:33:47","modified_gmt":"2026-03-13T22:33:47","slug":"yith-affiliates-premium","status":"publish","type":"product","link":"https:\/\/gpl-love.com\/es\/producto\/yith-affiliates-premium\/","title":{"rendered":"YITH Affiliates Premium 3.20.0"},"content":{"rendered":"<h3>YITH Affiliates Premium Caracteristicas<\/h3>\n<p>El complemento Afiliates Premium le ofrece una soluci\u00f3n incre\u00edblemente robusta y efectiva para mejorar los esfuerzos de su negocio mediante el establecimiento de una vasta red de afiliados que promover\u00e1 diligentemente su distinguida gama de productos o servicios. Este complemento notable le permite generar sin esfuerzo un programa de afiliados altamente especializado que otorga a sus afiliados acceso a enlaces personalizados y a medida, pancartas cautivadoras y cupones atractivos, todos los cuales est\u00e1n meticulosamente dise\u00f1ados para engendrar un entusiasmo inquebrantable en la promoci\u00f3n de sus estimados. productos. Adem\u00e1s, posee la autonom\u00eda para configurar las tasas de comisi\u00f3n para sus estimados afiliados y monitorear meticulosamente su actuaci\u00f3n prodigiosa a trav\u00e9s de informes meticulosamente curados y completos. Adem\u00e1s, se le complacer\u00e1 saber que este complemento incomparable se integra perfectamente con el inmensamente popular WooCommerce y varias otras plataformas de compras en l\u00ednea, simplificando as\u00ed su utilizaci\u00f3n y facilitando su integraci\u00f3n perfecta en su sitio web preexistente. Con el advenimiento de la notable prima afiliada, el potencial incomparable del marketing de afiliados se pone a la vanguardia, lo que lo permite ascender a nuevos pin\u00e1culos de \u00e9xito y amplifica exponencialmente sus ingresos por ventas.<\/p>\n<ul>\n<li>Una herramienta poderosa para crear y administrar un programa de afiliados para su sitio web<\/li>\n<li>F\u00e1cil integraci\u00f3n con plataformas populares de comercio electr\u00f3nico como WooCommerce y descargas digitales f\u00e1ciles<\/li>\n<li>Establecer diferentes tasas de comisi\u00f3n para afiliados o grupos individuales<\/li>\n<li>Personalizar las reglas de c\u00e1lculo de la comisi\u00f3n para satisfacer sus necesidades<\/li>\n<li>Rastrear clics y ventas de afiliados con informes detallados y gr\u00e1ficos<\/li>\n<li>Ofrecer comisiones de bonificaci\u00f3n para ciertos productos o acciones tomadas por los afiliados<\/li>\n<li>Administre los pagos de afiliados y realice un seguimiento de las comisiones pendientes y pagadas<\/li>\n<li>Soporte para m\u00faltiples idiomas y monedas<\/li>\n<li>Equipo de soporte dedicado para ayudar y solucionar problemas de cualquier problema.<\/li>\n<\/ul>\n","protected":false},"excerpt":{"rendered":"<p>Su afiliado a Premium, conocido por sus formidables capacidades, se presenta como un complemento formidable que facilita sin esfuerzo la creaci\u00f3n y gesti\u00f3n de un programa de afiliados eficaz adaptado a las necesidades de su tienda en l\u00ednea. Este complemento le ofrece a la perfecci\u00f3n una mir\u00edada de caracter\u00edsticas sofisticadas, que incluyen tarifas de comisi\u00f3n personalizadas, seguimiento integral de referencias e informes meticulosamente compilados, todos los cuales contribuyen sin\u00e9rgicamente al aumento de las cifras de ventas facilitadas por la utilizaci\u00f3n del marketing de afiliados. By harnessing the potential of YITH Affiliates Premium, you are bestowed with the power to harness the vast resources of your network, thereby incentivizing others to fervently advocate for your esteemed products, thereby establishing affiliate marketing as an indisputably efficacious marketing strategy unparalleled in its potency to Catalizar el crecimiento exponencial de sus empresas empresariales.<\/p>\n","protected":false},"featured_media":168582,"comment_status":"open","ping_status":"open","template":"","meta":[],"product_brand":[2391],"product_cat":[1207,1225,1206],"product_tag":[1462],"class_list":{"0":"post-121771","1":"product","2":"type-product","3":"status-publish","4":"has-post-thumbnail","6":"product_brand-yith","7":"product_cat-comercio-electronico-plugins","8":"product_cat-marketing","9":"product_cat-plugins","10":"product_tag-yith","11":"member-discount","12":"discount-restricted","14":"first","15":"instock","16":"sale","17":"downloadable","18":"virtual","19":"sold-individually","20":"purchasable","21":"product-type-simple"},"_links":{"self":[{"href":"https:\/\/gpl-love.com\/es\/wp-json\/wp\/v2\/product\/121771","targetHints":{"allow":["GET"]}}],"collection":[{"href":"https:\/\/gpl-love.com\/es\/wp-json\/wp\/v2\/product"}],"about":[{"href":"https:\/\/gpl-love.com\/es\/wp-json\/wp\/v2\/types\/product"}],"replies":[{"embeddable":true,"href":"https:\/\/gpl-love.com\/es\/wp-json\/wp\/v2\/comments?post=121771"}],"wp:featuredmedia":[{"embeddable":true,"href":"https:\/\/gpl-love.com\/es\/wp-json\/wp\/v2\/media\/168582"}],"wp:attachment":[{"href":"https:\/\/gpl-love.com\/es\/wp-json\/wp\/v2\/media?parent=121771"}],"wp:term":[{"taxonomy":"product_brand","embeddable":true,"href":"https:\/\/gpl-love.com\/es\/wp-json\/wp\/v2\/product_brand?post=121771"},{"taxonomy":"product_cat","embeddable":true,"href":"https:\/\/gpl-love.com\/es\/wp-json\/wp\/v2\/product_cat?post=121771"},{"taxonomy":"product_tag","embeddable":true,"href":"https:\/\/gpl-love.com\/es\/wp-json\/wp\/v2\/product_tag?post=121771"}],"curies":[{"name":"wp","href":"https:\/\/api.w.org\/{rel}","templated":true}]}}