{"id":121769,"date":"2025-08-08T00:00:00","date_gmt":"2025-08-08T05:00:00","guid":{"rendered":"https:\/\/gpl-love.com\/es\/producto\/yith-advanced-reviews-premium\/"},"modified":"2026-03-13T17:33:46","modified_gmt":"2026-03-13T22:33:46","slug":"yith-advanced-reviews-premium","status":"publish","type":"product","link":"https:\/\/gpl-love.com\/es\/producto\/yith-advanced-reviews-premium\/","title":{"rendered":"YITH Advanced Reviews Premium 2.11.0"},"content":{"rendered":"<h3>YITH Advanced Reviews Premium Caracteristicas<\/h3>\n<p>Su avanzado revisi\u00f3n Premium sirve como un complemento incre\u00edblemente robusto y sofisticado, que sirve como catalizador para que las empresas eleven sus revisiones de productos a alturas incomparables. Armados con este complemento, los clientes est\u00e1n facultados para componer revisiones integrales reforzadas por la inclusi\u00f3n de im\u00e1genes y videos que acompa\u00f1an, lo que le da una mayor sensaci\u00f3n de credibilidad a sus evaluaciones. Adem\u00e1s, a las empresas se les otorga la capacidad de responder r\u00e1pidamente a las revisiones e incluso puede incentivar a su clientela para el acto de proporcionar retroalimentaci\u00f3n, fomentando as\u00ed un entorno maduro con un flujo continuo de opiniones y participaci\u00f3n activa. Adem\u00e1s, este complemento cuenta con una variedad de filtros avanzados y mecanismos de clasificaci\u00f3n para revisiones, simplificando as\u00ed la ardua tarea para que los clientes accedan a la informaci\u00f3n pertinente que buscan. En esencia, su Premio de revisi\u00f3n avanzada representa una selecci\u00f3n excepcional para cualquier empresa anhela para mejorar sus revisiones de productos al tiempo que amplifica simult\u00e1neamente la participaci\u00f3n del cliente.<\/p>\n<ul>\n<li>Permite a los clientes dejar revisiones detalladas y personalizables en sus productos.<\/li>\n<li>Ofrece un sistema de moderaci\u00f3n para aprobar o rechazar las revisiones antes de que se publiquen<\/li>\n<li>Proporciona notificaciones por correo electr\u00f3nico a los propietarios de tiendas cuando se env\u00eda una nueva revisi\u00f3n<\/li>\n<li>Admite e integra con m\u00faltiples tipos de productos de WooCommerce, incluidas variaciones y suscripciones<\/li>\n<li>Incluye la capacidad de agregar formularios de revisi\u00f3n del producto a p\u00e1ginas o widgets espec\u00edficos en su sitio web<\/li>\n<li>Da a los clientes la opci\u00f3n de cargar im\u00e1genes o videos junto con su revisi\u00f3n.<\/li>\n<li>Proporciona opciones de filtrado \u00fatiles tanto para los propietarios de tiendas como para los clientes para clasificar las rese\u00f1as.<\/li>\n<li>Permite que los correos electr\u00f3nicos de recordatorio autom\u00e1tico se env\u00eden a los clientes que a\u00fan no han dejado una revisi\u00f3n<\/li>\n<li>Ofrece un dise\u00f1o elegante que se puede personalizar para que coincida con la marca de su sitio web<\/li>\n<li>Proporciona estad\u00edsticas y an\u00e1lisis detallados de sus revisiones de productos, lo que le ayuda a identificar tendencias y \u00e1reas de mejora.<\/li>\n<\/ul>\n","protected":false},"excerpt":{"rendered":"<p>Su avanzado revisi\u00f3n Premium, un complemento muy aclamado para la plataforma WordPress ampliamente utilizada, faculta a sus usuarios la capacidad de elaborar y enviar meticulosamente revisiones integrales relacionadas con un producto en particular. Poseer una gran cantidad de entornos sofisticados y caracter\u00edsticas notables, este complemento ofrece a los propietarios de negocios un nivel de personalizaci\u00f3n incomparable, lo que les permite fomentar la generaci\u00f3n de contenido elaborado por los usuarios y fortalecer la credibilidad de su sitio web. La interfaz f\u00e1cil de usar junto con la integraci\u00f3n perfecta facilita un enfoque directo y eficaz para revisar la gesti\u00f3n y la filtraci\u00f3n. En resumen, el formidable yith Avanzed Reviews Premium representa una herramienta indispensable que eleva significativamente la experiencia del usuario, que finalmente culmin\u00f3 en un aumento notable de ventas para empresas de todos los sectores.<\/p>\n","protected":false},"featured_media":168581,"comment_status":"open","ping_status":"open","template":"","meta":[],"product_brand":[2391],"product_cat":[1207,1225,1206],"product_tag":[1462],"class_list":{"0":"post-121769","1":"product","2":"type-product","3":"status-publish","4":"has-post-thumbnail","6":"product_brand-yith","7":"product_cat-comercio-electronico-plugins","8":"product_cat-marketing","9":"product_cat-plugins","10":"product_tag-yith","11":"member-discount","12":"discount-restricted","14":"first","15":"instock","16":"sale","17":"downloadable","18":"virtual","19":"sold-individually","20":"purchasable","21":"product-type-simple"},"_links":{"self":[{"href":"https:\/\/gpl-love.com\/es\/wp-json\/wp\/v2\/product\/121769","targetHints":{"allow":["GET"]}}],"collection":[{"href":"https:\/\/gpl-love.com\/es\/wp-json\/wp\/v2\/product"}],"about":[{"href":"https:\/\/gpl-love.com\/es\/wp-json\/wp\/v2\/types\/product"}],"replies":[{"embeddable":true,"href":"https:\/\/gpl-love.com\/es\/wp-json\/wp\/v2\/comments?post=121769"}],"wp:featuredmedia":[{"embeddable":true,"href":"https:\/\/gpl-love.com\/es\/wp-json\/wp\/v2\/media\/168581"}],"wp:attachment":[{"href":"https:\/\/gpl-love.com\/es\/wp-json\/wp\/v2\/media?parent=121769"}],"wp:term":[{"taxonomy":"product_brand","embeddable":true,"href":"https:\/\/gpl-love.com\/es\/wp-json\/wp\/v2\/product_brand?post=121769"},{"taxonomy":"product_cat","embeddable":true,"href":"https:\/\/gpl-love.com\/es\/wp-json\/wp\/v2\/product_cat?post=121769"},{"taxonomy":"product_tag","embeddable":true,"href":"https:\/\/gpl-love.com\/es\/wp-json\/wp\/v2\/product_tag?post=121769"}],"curies":[{"name":"wp","href":"https:\/\/api.w.org\/{rel}","templated":true}]}}