{"id":121765,"date":"2025-08-31T00:00:00","date_gmt":"2025-08-31T05:00:00","guid":{"rendered":"https:\/\/gpl-love.com\/es\/producto\/yith-added-to-cart-popup-premium\/"},"modified":"2026-04-02T11:16:19","modified_gmt":"2026-04-02T16:16:19","slug":"yith-added-to-cart-popup-premium","status":"publish","type":"product","link":"https:\/\/gpl-love.com\/es\/producto\/yith-added-to-cart-popup-premium\/","title":{"rendered":"YITH Added to Cart Popup Premium 2.37.0"},"content":{"rendered":"<h3>YITH Added to Cart Popup Premium Caracteristicas<\/h3>\n<p>El yith agregado a Cart Popup Premium es un complemento indispensable que cada sitio web de comercio electr\u00f3nico debe poseer, ya que otorga a los clientes una ventana emergente cada vez que agregan un art\u00edculo a su carrito de compras, dot\u00e1ndoles as\u00ed un resumen r\u00e1pido y conveniente de su compra inminente. Esta funcionalidad particular demuestra ser excepcionalmente ventajosa para las personas que se encuentran presionadas por el tiempo o prefieren no desviar su atenci\u00f3n de su p\u00e1gina web actual. Sorprendentemente, este complemento ofrece a los usuarios una amplia gama de opciones de personalizaci\u00f3n, otorg\u00e1ndoles un control total sobre la apariencia y el contenido de la ventana emergente. Adem\u00e1s, muestra una notable versatilidad al admitir m\u00faltiples idiomas, lo que es una opci\u00f3n ideal para plataformas de comercio electr\u00f3nico con un alcance global. Al integrar el yith agregado a Cart Popup Premium en su sitio web, tiene la capacidad de elevar la experiencia de compra general para sus valiosos clientes, lo que lleva a un nivel amplificado de ventas.<\/p>\n<ul>\n<li>Dise\u00f1o emergente profesional y atractivo para aumentar las conversiones<\/li>\n<li>Textos y colores emergentes personalizables para que coincida con su marca<\/li>\n<li>Opci\u00f3n para mostrar productos relacionados para alentar compras adicionales<\/li>\n<li>Compatible con WooCommerce y WordPress<\/li>\n<li>F\u00e1cil de instalar y configurar sin necesidad de codificaci\u00f3n<\/li>\n<li>Capacidad para establecer retraso cronometrado o activar la adici\u00f3n de carrito<\/li>\n<li>Dise\u00f1o receptivo m\u00f3vil para una experiencia de usuario \u00f3ptima<\/li>\n<li>Opci\u00f3n para agregar intercambio social para promover a\u00fan m\u00e1s productos<\/li>\n<li>M\u00faltiples opciones de animaci\u00f3n para captar la atenci\u00f3n del cliente<\/li>\n<li>An\u00e1lisis detallado para rastrear el rendimiento emergente y ajustar en consecuencia<\/li>\n<\/ul>\n","protected":false},"excerpt":{"rendered":"<p>El yith a Cart Popup Premium es un complemento de WooCommerce extremadamente potente que ofrece la instalaci\u00f3n para generar una ventana emergente personalizada y f\u00e1cil de usar con el objetivo principal de notificar r\u00e1pidamente a los clientes cada vez que un producto se ha agregado con \u00e9xito a su carrito. Este complemento dotar\u00e1 a los usuarios con una multitud de caracter\u00edsticas ventajosas, que abarca, pero no se limita a la capacidad de perpetar el mensaje emergente y la est\u00e9tica, ejercen dominio sobre la ocurrencia temporal de la ventana emergente, y mucho m\u00e1s. Al desplegar el yith agregado a Cart PopUp Premium, uno est\u00e1 facultado para mejorar la experiencia general del cliente al tiempo que aumenta simult\u00e1neamente la tasa de conversi\u00f3n al proporcionar un proceso de pago expedito y sin problemas.<\/p>\n","protected":false},"featured_media":168579,"comment_status":"open","ping_status":"open","template":"","meta":[],"product_brand":[2391],"product_cat":[1207,1225,1206],"product_tag":[1462],"class_list":{"0":"post-121765","1":"product","2":"type-product","3":"status-publish","4":"has-post-thumbnail","6":"product_brand-yith","7":"product_cat-comercio-electronico-plugins","8":"product_cat-marketing","9":"product_cat-plugins","10":"product_tag-yith","11":"member-discount","12":"discount-restricted","14":"first","15":"instock","16":"sale","17":"downloadable","18":"virtual","19":"sold-individually","20":"purchasable","21":"product-type-simple"},"_links":{"self":[{"href":"https:\/\/gpl-love.com\/es\/wp-json\/wp\/v2\/product\/121765","targetHints":{"allow":["GET"]}}],"collection":[{"href":"https:\/\/gpl-love.com\/es\/wp-json\/wp\/v2\/product"}],"about":[{"href":"https:\/\/gpl-love.com\/es\/wp-json\/wp\/v2\/types\/product"}],"replies":[{"embeddable":true,"href":"https:\/\/gpl-love.com\/es\/wp-json\/wp\/v2\/comments?post=121765"}],"wp:featuredmedia":[{"embeddable":true,"href":"https:\/\/gpl-love.com\/es\/wp-json\/wp\/v2\/media\/168579"}],"wp:attachment":[{"href":"https:\/\/gpl-love.com\/es\/wp-json\/wp\/v2\/media?parent=121765"}],"wp:term":[{"taxonomy":"product_brand","embeddable":true,"href":"https:\/\/gpl-love.com\/es\/wp-json\/wp\/v2\/product_brand?post=121765"},{"taxonomy":"product_cat","embeddable":true,"href":"https:\/\/gpl-love.com\/es\/wp-json\/wp\/v2\/product_cat?post=121765"},{"taxonomy":"product_tag","embeddable":true,"href":"https:\/\/gpl-love.com\/es\/wp-json\/wp\/v2\/product_tag?post=121765"}],"curies":[{"name":"wp","href":"https:\/\/api.w.org\/{rel}","templated":true}]}}