{"id":121763,"date":"2021-05-14T00:00:00","date_gmt":"2021-05-14T05:00:00","guid":{"rendered":"https:\/\/gpl-love.com\/es\/producto\/yith-active-campaign-para-woocommerce-premium\/"},"modified":"2026-03-13T17:33:43","modified_gmt":"2026-03-13T22:33:43","slug":"yith-active-campaign-para-woocommerce-premium","status":"publish","type":"product","link":"https:\/\/gpl-love.com\/es\/producto\/yith-active-campaign-para-woocommerce-premium\/","title":{"rendered":"YITH Active Campaign para WooCommerce Premium 2.0.8"},"content":{"rendered":"<h3>YITH Active Campaign para WooCommerce Premium Caracteristicas<\/h3>\n<p>Su campa\u00f1a activa para WooCommerce Premium cuenta con un impresionante arsenal de herramientas que puede optimizar y automatizar efectivamente sus campa\u00f1as de marketing dentro de los l\u00edmites de su tienda WooCommerce. Las capacidades de integraci\u00f3n del complemento son particularmente notables, ya que conecta a la perfecci\u00f3n su tienda con ActiveCampaign, una estimada plataforma de automatizaci\u00f3n de marketing por correo electr\u00f3nico que reina en popularidad suprema. Esta integraci\u00f3n fenomenal le permite elaborar campa\u00f1as de correo electr\u00f3nico meticulosamente adaptadas que se desencadenan por una variedad de eventos espec\u00edficos, como la compra o la decisi\u00f3n de un cliente de abandonar su carrito prematuramente. Adem\u00e1s, la funcionalidad del complemento se extiende mucho m\u00e1s all\u00e1 de la mera creaci\u00f3n de campa\u00f1a. Le otorga el poder de forjar mensajes personalizados y ofertas irresistibles para sus estimados clientes, adaptados meticulosamente para alinearse con sus patrones de compra \u00fanicos, informaci\u00f3n demogr\u00e1fica y una gran cantidad de otros puntos de datos cruciales. En esencia, las capacidades incomparables de su campa\u00f1a activa para WooCommerce Premium presentan una oportunidad incomparable para elevar sus esfuerzos de marketing a alturas sin precedentes, cultivando en \u00faltima instancia un crecimiento exponencial dentro de su negocio floreciente.<\/p>\n<ul>\n<li>Integra una campa\u00f1a activa con WooCommerce para optimizar los esfuerzos de marketing<\/li>\n<li>Automatizar campa\u00f1as de marketing por correo electr\u00f3nico basados \u200b\u200ben el comportamiento del cliente<\/li>\n<li>Permite correos electr\u00f3nicos personalizados basados \u200b\u200ben los intereses de los clientes y el historial de compras<\/li>\n<li>Proporciona informes y an\u00e1lisis detallados para rastrear la efectividad de los esfuerzos de marketing<\/li>\n<li>Ofrece una interfaz f\u00e1cil de usar para una f\u00e1cil configuraci\u00f3n y administraci\u00f3n<\/li>\n<li>Sincrita los datos del cliente entre WooCommerce y la campa\u00f1a activa para la comunicaci\u00f3n perfecta<\/li>\n<li>Plantillas de correo electr\u00f3nico personalizables para que coincidan con el estilo y la mensajer\u00eda de su marca<\/li>\n<li>Opciones de segmentaci\u00f3n avanzada para marketing dirigido a grupos de clientes espec\u00edficos<\/li>\n<li>Pop-ups y formularios interactivos para capturar clientes potenciales y hacer crecer su lista de correo electr\u00f3nico.<\/li>\n<\/ul>\n","protected":false},"excerpt":{"rendered":"<p>Su campa\u00f1a activa para WooCommerce Premium es una herramienta incre\u00edblemente robusta y altamente efectiva que le brinda la notable capacidad de integrar su tienda de WooCommerce sin esfuerzo con la campa\u00f1a activa inmensamente popular y muy respetada, un servicio de marketing y automatizaci\u00f3n de correo electr\u00f3nico l\u00edder en la industria. Al utilizar este complemento excepcional, se le otorga la notable capacidad de automatizar todas sus campa\u00f1as de marketing por correo electr\u00f3nico, segmine meticulosamente a sus valiosos clientes en funci\u00f3n de varios criterios y rastree diligentemente sus conversiones, todo desde la conveniencia y eficiencia de un \u00fanico, centralizado, centralizado. ubicaci\u00f3n. Esta excelente funcionalidad le permite aumentar significativamente sus cifras de ventas y mejorar enormemente sus niveles generales de participaci\u00f3n del cliente, solidificando as\u00ed su posici\u00f3n como una fuerza formidable dentro de su nicho de mercado espec\u00edfico. Sum\u00e9rgete en el poder incomparable y el potencial de su campa\u00f1a activa para la prima de WooCommerce, y revolucione la forma en que realiza sus operaciones comerciales en l\u00ednea.<\/p>\n","protected":false},"featured_media":168578,"comment_status":"open","ping_status":"open","template":"","meta":[],"product_brand":[2391],"product_cat":[1207,1225,1206],"product_tag":[1462],"class_list":{"0":"post-121763","1":"product","2":"type-product","3":"status-publish","4":"has-post-thumbnail","6":"product_brand-yith","7":"product_cat-comercio-electronico-plugins","8":"product_cat-marketing","9":"product_cat-plugins","10":"product_tag-yith","11":"member-discount","12":"discount-restricted","14":"first","15":"instock","16":"sale","17":"downloadable","18":"virtual","19":"sold-individually","20":"purchasable","21":"product-type-simple"},"_links":{"self":[{"href":"https:\/\/gpl-love.com\/es\/wp-json\/wp\/v2\/product\/121763","targetHints":{"allow":["GET"]}}],"collection":[{"href":"https:\/\/gpl-love.com\/es\/wp-json\/wp\/v2\/product"}],"about":[{"href":"https:\/\/gpl-love.com\/es\/wp-json\/wp\/v2\/types\/product"}],"replies":[{"embeddable":true,"href":"https:\/\/gpl-love.com\/es\/wp-json\/wp\/v2\/comments?post=121763"}],"wp:featuredmedia":[{"embeddable":true,"href":"https:\/\/gpl-love.com\/es\/wp-json\/wp\/v2\/media\/168578"}],"wp:attachment":[{"href":"https:\/\/gpl-love.com\/es\/wp-json\/wp\/v2\/media?parent=121763"}],"wp:term":[{"taxonomy":"product_brand","embeddable":true,"href":"https:\/\/gpl-love.com\/es\/wp-json\/wp\/v2\/product_brand?post=121763"},{"taxonomy":"product_cat","embeddable":true,"href":"https:\/\/gpl-love.com\/es\/wp-json\/wp\/v2\/product_cat?post=121763"},{"taxonomy":"product_tag","embeddable":true,"href":"https:\/\/gpl-love.com\/es\/wp-json\/wp\/v2\/product_tag?post=121763"}],"curies":[{"name":"wp","href":"https:\/\/api.w.org\/{rel}","templated":true}]}}