{"id":121759,"date":"2025-05-10T00:00:00","date_gmt":"2025-05-10T05:00:00","guid":{"rendered":"https:\/\/gpl-love.com\/es\/producto\/xt-woocommerce-quick-view\/"},"modified":"2026-03-09T08:32:37","modified_gmt":"2026-03-09T13:32:37","slug":"xt-woocommerce-quick-view","status":"publish","type":"product","link":"https:\/\/gpl-love.com\/es\/producto\/xt-woocommerce-quick-view\/","title":{"rendered":"XT WooCommerce Quick View 2.1.6"},"content":{"rendered":"<h3>XT WooCommerce Quick View Caracteristicas<\/h3>\n<p>XT WooCommerce Quick View es un complemento incre\u00edblemente robusto e influyente que otorga a los clientes la capacidad perfecta de obtener una vista previa de los productos de manera r\u00e1pida y perfecta sin necesidad de aventurarse lejos de su p\u00e1gina actual. Este notable complemento integra perfectamente un bot\u00f3n de vista r\u00e1pida en listados de productos, otorgando as\u00ed a los usuarios con la capacidad excepcional de examinar los intrincados detalles de un producto, como sus precios, descripci\u00f3n e im\u00e1genes, todo dentro de los l\u00edmites de una ventana emergente de Lightbox cautivador. En virtud de esta extraordinaria caracter\u00edstica, los clientes est\u00e1n dotados de un regalo invaluable de conveniencia de ahorro de tiempo y una experiencia de compra elevada, ya que toman decisiones de compra sin esfuerzo sin tener que navegar lejos de la p\u00e1gina de listados de productos. Adem\u00e1s, es crucial tener en cuenta que la vista r\u00e1pida de WooCommerce XT est\u00e1 dotada de un grado excepcional de versatilidad y adaptabilidad, lo que le permite modificar y adaptar sin esfuerzo la est\u00e9tica y la apariencia general de la ventana emergente para que se alinee sin problemas con el dise\u00f1o distintivo de su almacenar. A la luz de estas caracter\u00edsticas extraordinarias, queda muy claro que este complemento es un imperativo absoluto para todas y cada una de las tiendas de WooCommerce que buscan ser sincera mejorar la experiencia del usuario y aumentar sustancialmente sus tasas de conversi\u00f3n.<\/p>\n<ul>\n<li>Proporciona una opci\u00f3n de vista r\u00e1pida para productos en las tiendas en l\u00ednea de WooCommerce<\/li>\n<li>Permite a los clientes obtener una vista previa de la informaci\u00f3n del producto sin la necesidad de navegar lejos de la p\u00e1gina actual<\/li>\n<li>Aumenta la eficiencia de navegaci\u00f3n para los clientes reduciendo la cantidad de clics necesarios para ver los detalles del producto<\/li>\n<li>Opciones de dise\u00f1o personalizables para que coincidan con la marca y el dise\u00f1o de su tienda<\/li>\n<li>Integraci\u00f3n con temas y extensiones populares de WooCommerce<\/li>\n<li>El dise\u00f1o receptivo asegura que la ventana de vista r\u00e1pida se vea muy bien en todos los dispositivos<\/li>\n<li>Compatible con la mayor\u00eda de los navegadores modernos<\/li>\n<li>Instalaci\u00f3n f\u00e1cil a trav\u00e9s del repositorio de complementos de WordPress<\/li>\n<li>Ayuda a aumentar las ventas al proporcionar a los clientes una manera f\u00e1cil de ver la informaci\u00f3n del producto y tomar decisiones de compra m\u00e1s r\u00e1pidamente<\/li>\n<\/ul>\n","protected":false},"excerpt":{"rendered":"<p>El complemento XT WooCommerce Quick View ofrece una experiencia de compra y navegaci\u00f3n perfecta para los clientes que visitan su tienda WooCommerce, lo que les permite leer y adquirir productos sin esfuerzo. Simplemente haciendo clic en un bot\u00f3n, pueden acceder r\u00e1pidamente a detalles completos sobre cualquier elemento, eliminando la necesidad de navegar lejos de la p\u00e1gina actual. Esta mejora en la experiencia del usuario no solo fomenta la satisfacci\u00f3n del cliente, sino que tambi\u00e9n aumenta efectivamente las ventas. Adem\u00e1s, el complemento cuenta con un alto nivel de personalizaci\u00f3n, que le otorga la capacidad de seleccionar la informaci\u00f3n espec\u00edfica que se muestra en la funci\u00f3n de vista r\u00e1pida, junto con el dise\u00f1o y el dise\u00f1o general. Abrace el complemento XT WooCommerce r\u00e1pido para otorgar a sus valiosos clientes la conveniencia que desean fervientemente.<\/p>\n","protected":false},"featured_media":168568,"comment_status":"open","ping_status":"open","template":"","meta":[],"product_brand":[2344],"product_cat":[1208,1207,1206],"product_tag":[1423],"class_list":{"0":"post-121759","1":"product","2":"type-product","3":"status-publish","4":"has-post-thumbnail","6":"product_brand-woocommerce","7":"product_cat-administracion","8":"product_cat-comercio-electronico-plugins","9":"product_cat-plugins","10":"product_tag-woocommerce","11":"member-discount","12":"discount-restricted","14":"first","15":"instock","16":"sale","17":"downloadable","18":"virtual","19":"sold-individually","20":"purchasable","21":"product-type-simple"},"_links":{"self":[{"href":"https:\/\/gpl-love.com\/es\/wp-json\/wp\/v2\/product\/121759","targetHints":{"allow":["GET"]}}],"collection":[{"href":"https:\/\/gpl-love.com\/es\/wp-json\/wp\/v2\/product"}],"about":[{"href":"https:\/\/gpl-love.com\/es\/wp-json\/wp\/v2\/types\/product"}],"replies":[{"embeddable":true,"href":"https:\/\/gpl-love.com\/es\/wp-json\/wp\/v2\/comments?post=121759"}],"wp:featuredmedia":[{"embeddable":true,"href":"https:\/\/gpl-love.com\/es\/wp-json\/wp\/v2\/media\/168568"}],"wp:attachment":[{"href":"https:\/\/gpl-love.com\/es\/wp-json\/wp\/v2\/media?parent=121759"}],"wp:term":[{"taxonomy":"product_brand","embeddable":true,"href":"https:\/\/gpl-love.com\/es\/wp-json\/wp\/v2\/product_brand?post=121759"},{"taxonomy":"product_cat","embeddable":true,"href":"https:\/\/gpl-love.com\/es\/wp-json\/wp\/v2\/product_cat?post=121759"},{"taxonomy":"product_tag","embeddable":true,"href":"https:\/\/gpl-love.com\/es\/wp-json\/wp\/v2\/product_tag?post=121759"}],"curies":[{"name":"wp","href":"https:\/\/api.w.org\/{rel}","templated":true}]}}