{"id":121757,"date":"2026-01-28T00:00:00","date_gmt":"2026-01-28T05:00:00","guid":{"rendered":"https:\/\/gpl-love.com\/es\/producto\/x-the-tema-pro\/"},"modified":"2026-03-13T17:33:38","modified_gmt":"2026-03-13T22:33:38","slug":"x-the-tema-pro","status":"publish","type":"product","link":"https:\/\/gpl-love.com\/es\/producto\/x-the-tema-pro\/","title":{"rendered":"X The Tema Pro 10.7.12"},"content":{"rendered":"<h3>X The Tema Pro Caracteristicas<\/h3>\n<p>X The Theme Pro es un tema de WordPress incre\u00edblemente robusto y vers\u00e1til que ha sido dise\u00f1ado espec\u00edficamente tanto para empresas como para personas que desean desarrollar y mantener sitios web de grado profesional sin la necesidad de un amplio conocimiento de codificaci\u00f3n. Al aprovechar la interfaz de arrastrar y soltar incre\u00edblemente intuitiva ofrecida por X The Theme Pro, los usuarios pueden personalizar a la perfecci\u00f3n sus sitios web utilizando una extensa variedad de dise\u00f1os, m\u00f3dulos y caracter\u00edsticas previamente construidos. La gran amplitud de elecci\u00f3n es asombrosa, ya que X The Theme Pro proporciona una selecci\u00f3n de m\u00e1s de 30 pilas de dise\u00f1o visualmente cautivadoras, cada una imbuida de su propio estilo distintivo y capacidades funcionales, lo que permite a los usuarios adaptar meticulosamente su sitio web para satisfacer sus requisitos \u00fanicos. Adem\u00e1s, la capacidad de respuesta completa del tema Pro garantiza que su sitio web conservar\u00e1 su atractivo visual excepcional y su funcionalidad perfecta en todos los dispositivos, mientras que su implementaci\u00f3n de la optimizaci\u00f3n de SEO garantiza que los motores de b\u00fasqueda descubrieran f\u00e1cilmente su plataforma en l\u00ednea. Ya sea que aspira a construir una cartera impresionante, un blog cautivador, una bulliciosa empresa de comercio electr\u00f3nico o cualquier otra forma concebible de sitio web, x El tema pro indudablemente posee todos los elementos esenciales para permitir la creaci\u00f3n de una presencia extraordinaria en l\u00ednea Eso seguramente cautivar\u00e1 e involucrar\u00e1 a los visitantes.<\/p>\n<ul>\n<li>Tema de WordPress multiprop\u00f3sito premium para profesionales creativos, empresas y sitios de comercio electr\u00f3nico<\/li>\n<li>Dise\u00f1ado con un enfoque en la personalizaci\u00f3n, flexibilidad y facilidad de uso<\/li>\n<li>Incluye m\u00e1s de 40 demostraciones preconstruidas y m\u00e1s de 200 plantillas predise\u00f1adas para elegir<\/li>\n<li>Completamente receptivo y optimizado para velocidades de carga r\u00e1pidas y SEO<\/li>\n<li>Se integra a la perfecci\u00f3n con complementos y extensiones populares de WordPress<\/li>\n<li>Estilos de encabezado y pie de p\u00e1gina personalizables, as\u00ed como m\u00faltiples opciones de men\u00fa y navegaci\u00f3n<\/li>\n<li>Soporte incorporado para WooCommerce y pasarelas de pago m\u00faltiples<\/li>\n<li>Opciones de tipograf\u00eda avanzada con integraci\u00f3n de Google Fonts<\/li>\n<li>Constructor de p\u00e1ginas de arrastrar y soltar con m\u00e1s de 50 bloques de construcci\u00f3n predise\u00f1ados<\/li>\n<li>Documentaci\u00f3n integral y equipo de atenci\u00f3n al cliente dedicado<\/li>\n<\/ul>\n","protected":false},"excerpt":{"rendered":"<p>X The Theme Pro, un tema de WordPress altamente vers\u00e1til y personalizable meticulosamente elaborado para blogueros, empresas y creatividades, presenta una amplia gama de opciones de dise\u00f1o, un constructor de p\u00e1ginas incre\u00edblemente poderoso y una amplia selecci\u00f3n de plantillas previas al dise\u00f1o, todas las cuales permiten Usted para dise\u00f1ar una presencia en l\u00ednea distintiva e incomparable. Integrando sin problemas con WooCommerce y una gran cantidad de otros complementos, x El tema Pro facilita sin esfuerzo la creaci\u00f3n de un sitio web pulido, sofisticado y cautivador. Independientemente de si aspira a construir una cartera impresionante, un bullicioso emporio de comercio electr\u00f3nico, o un blog personal \u00edntimo, tenga la seguridad de que X el tema profesional abarca todos los componentes esenciales necesarios para garantizar que su sitio web salga brillante y capture la atenci\u00f3n sin esfuerzo y capture la atenci\u00f3n sin esfuerzo .<\/p>\n","protected":false},"featured_media":168564,"comment_status":"open","ping_status":"open","template":"","meta":[],"product_brand":[2337],"product_cat":[1267,1237,1238],"product_tag":[1391],"class_list":{"0":"post-121757","1":"product","2":"type-product","3":"status-publish","4":"has-post-thumbnail","6":"product_brand-themeforest","7":"product_cat-creativo","8":"product_cat-temas","9":"product_cat-wordpress-temas","10":"product_tag-themeforest","11":"member-discount","12":"discount-restricted","14":"first","15":"instock","16":"sale","17":"downloadable","18":"virtual","19":"sold-individually","20":"purchasable","21":"product-type-simple"},"_links":{"self":[{"href":"https:\/\/gpl-love.com\/es\/wp-json\/wp\/v2\/product\/121757","targetHints":{"allow":["GET"]}}],"collection":[{"href":"https:\/\/gpl-love.com\/es\/wp-json\/wp\/v2\/product"}],"about":[{"href":"https:\/\/gpl-love.com\/es\/wp-json\/wp\/v2\/types\/product"}],"replies":[{"embeddable":true,"href":"https:\/\/gpl-love.com\/es\/wp-json\/wp\/v2\/comments?post=121757"}],"wp:featuredmedia":[{"embeddable":true,"href":"https:\/\/gpl-love.com\/es\/wp-json\/wp\/v2\/media\/168564"}],"wp:attachment":[{"href":"https:\/\/gpl-love.com\/es\/wp-json\/wp\/v2\/media?parent=121757"}],"wp:term":[{"taxonomy":"product_brand","embeddable":true,"href":"https:\/\/gpl-love.com\/es\/wp-json\/wp\/v2\/product_brand?post=121757"},{"taxonomy":"product_cat","embeddable":true,"href":"https:\/\/gpl-love.com\/es\/wp-json\/wp\/v2\/product_cat?post=121757"},{"taxonomy":"product_tag","embeddable":true,"href":"https:\/\/gpl-love.com\/es\/wp-json\/wp\/v2\/product_tag?post=121757"}],"curies":[{"name":"wp","href":"https:\/\/api.w.org\/{rel}","templated":true}]}}