{"id":121755,"date":"2025-12-28T00:00:00","date_gmt":"2025-12-28T05:00:00","guid":{"rendered":"https:\/\/gpl-love.com\/es\/producto\/wpnotif-wordpress-sms-y-whatsapp-notifications\/"},"modified":"2026-03-09T08:32:05","modified_gmt":"2026-03-09T13:32:05","slug":"wpnotif-wordpress-sms-y-whatsapp-notifications","status":"publish","type":"product","link":"https:\/\/gpl-love.com\/es\/producto\/wpnotif-wordpress-sms-y-whatsapp-notifications\/","title":{"rendered":"WPNotif WordPress SMS y WhatsApp Notifications 3.2"},"content":{"rendered":"<h3>WPNotif WordPress SMS y WhatsApp Notifications Caracteristicas<\/h3>\n<p>WPNOTIF es un complemento de WordPress excepcionalmente eficiente y rico en funciones que ha sido meticulosamente dise\u00f1ado para cumplir con sus requisitos de notificaci\u00f3n SMS y WhatsApp. Al utilizar este complemento de vanguardia, tiene la capacidad de enviar notificaciones sin esfuerzo a sus suscriptores y usuarios del sitio web a trav\u00e9s de SMS y WhatsApp, asegurando as\u00ed que permanezcan bien informados y participados activamente con su sitio web. WPNOTIF ofrece una extensa variedad de caracter\u00edsticas avanzadas, que incluyen, entre otros, soporte de varios idiomas, una puerta de enlace SMS personalizable e integraci\u00f3n perfecta con la API de WhatsApp. Estas caracter\u00edsticas notables contribuyen colectivamente a hacer de WPNOTIF uno de los complementos de notificaci\u00f3n m\u00e1s vers\u00e1tiles disponibles para WordPress. Lo que distingue a WPNOTIF de sus contrapartes es su interfaz f\u00e1cil de usar, que facilita un proceso de configuraci\u00f3n f\u00e1cil. Una vez integrado en su sitio web, WPNotif sirve como un sistema de notificaci\u00f3n integral, garantizando que sus valiosos suscriptores y usuarios del sitio web nunca se pierdan ninguna actualizaci\u00f3n vital. Por lo tanto, si est\u00e1 en busca de un complemento de notificaci\u00f3n de WordPress y altamente eficiente de WordPress, WPNOTIF es sin duda la soluci\u00f3n definitiva.<\/p>\n<ul>\n<li>Env\u00eda notificaciones SMS y WhatsApp a los suscriptores<\/li>\n<li>F\u00e1cil de configurar y configurar<\/li>\n<li>Plantillas de mensajes personalizables<\/li>\n<li>Admite m\u00faltiples puertas de enlace SMS<\/li>\n<li>Admite n\u00fameros de tel\u00e9fono internacionales<\/li>\n<li>Puede enviar notificaciones para varios eventos, como registro de usuarios, colocaci\u00f3n de pedidos y m\u00e1s<\/li>\n<li>Puede programar notificaciones para fechas y tiempos espec\u00edficos<\/li>\n<li>Permite el seguimiento de las notificaciones enviadas<\/li>\n<li>Optimizado para una entrega r\u00e1pida y confiable<\/li>\n<li>Proporciona documentaci\u00f3n y soporte detallados.<\/li>\n<\/ul>\n","protected":false},"excerpt":{"rendered":"<p>WPNOTIF es un complemento de WordPress excepcionalmente robusto y eficiente que otorga a los propietarios de sitios web la valiosa capacidad de transmitir notificaciones SMS y WhatsApp de inmediato a sus estimados visitantes. Utilizando WPNOTIF, las personas pueden establecer y configurar las notificaciones automatizadas sin esfuerzo, que se desencadenan r\u00e1pidamente por una variedad diversa de eventos significativos y notables, como notificaciones con respecto a las publicaciones recientemente publicadas, notificaciones de comentarios, notificaciones cr\u00edticas de orden cr\u00edtico y mucho m\u00e1s. Este complemento notablemente ligero y f\u00e1cil de usar est\u00e1 dise\u00f1ado para acomodar armoniosamente m\u00faltiples puertas de enlace y proveedores de SMS, lo que le brinda la flexibilidad incomparable para seleccionar juiciosamente la soluci\u00f3n \u00f3ptima que se alinea inmaculadamente con sus distintas necesidades y preferencias. En consecuencia, si su objetivo final es mejorar sustancialmente la participaci\u00f3n de los visitantes y mantener constantemente a sus visitantes adecuadamente informados, WPNOTIF emerge sin esfuerzo como la herramienta por excelencia e insustituible para el trabajo en cuesti\u00f3n.<\/p>\n","protected":false},"featured_media":168546,"comment_status":"open","ping_status":"open","template":"","meta":[],"product_brand":[2339],"product_cat":[1232,1206,1211],"product_tag":[1256],"class_list":{"0":"post-121755","1":"product","2":"type-product","3":"status-publish","4":"has-post-thumbnail","6":"product_brand-codecanyon","7":"product_cat-marketing-wordpress-plugins","8":"product_cat-plugins","9":"product_cat-wordpress-plugins","10":"product_tag-codecanyon","11":"member-discount","12":"discount-restricted","14":"first","15":"instock","16":"sale","17":"downloadable","18":"virtual","19":"sold-individually","20":"purchasable","21":"product-type-simple"},"_links":{"self":[{"href":"https:\/\/gpl-love.com\/es\/wp-json\/wp\/v2\/product\/121755","targetHints":{"allow":["GET"]}}],"collection":[{"href":"https:\/\/gpl-love.com\/es\/wp-json\/wp\/v2\/product"}],"about":[{"href":"https:\/\/gpl-love.com\/es\/wp-json\/wp\/v2\/types\/product"}],"replies":[{"embeddable":true,"href":"https:\/\/gpl-love.com\/es\/wp-json\/wp\/v2\/comments?post=121755"}],"wp:featuredmedia":[{"embeddable":true,"href":"https:\/\/gpl-love.com\/es\/wp-json\/wp\/v2\/media\/168546"}],"wp:attachment":[{"href":"https:\/\/gpl-love.com\/es\/wp-json\/wp\/v2\/media?parent=121755"}],"wp:term":[{"taxonomy":"product_brand","embeddable":true,"href":"https:\/\/gpl-love.com\/es\/wp-json\/wp\/v2\/product_brand?post=121755"},{"taxonomy":"product_cat","embeddable":true,"href":"https:\/\/gpl-love.com\/es\/wp-json\/wp\/v2\/product_cat?post=121755"},{"taxonomy":"product_tag","embeddable":true,"href":"https:\/\/gpl-love.com\/es\/wp-json\/wp\/v2\/product_tag?post=121755"}],"curies":[{"name":"wp","href":"https:\/\/api.w.org\/{rel}","templated":true}]}}