{"id":121753,"date":"2026-04-18T00:00:00","date_gmt":"2026-04-18T05:00:00","guid":{"rendered":"https:\/\/gpl-love.com\/es\/producto\/wpmu-dev-wp-smush-pro\/"},"modified":"2026-04-18T17:17:00","modified_gmt":"2026-04-18T22:17:00","slug":"wpmu-dev-wp-smush-pro","status":"publish","type":"product","link":"https:\/\/gpl-love.com\/es\/producto\/wpmu-dev-wp-smush-pro\/","title":{"rendered":"WPMU DEV WP Smush Pro 4.0.1"},"content":{"rendered":"<h3>WPMU DEV WP Smush Pro Caracteristicas<\/h3>\n<p>WPMU Dev WP Smush Pro es un complemento de compresi\u00f3n de im\u00e1genes incre\u00edblemente potente y altamente efectivo que ha sido dise\u00f1ado espec\u00edficamente para sitios web que se basan en la plataforma de WordPress. Este complemento excepcional tiene la capacidad de no solo comprimir, sino tambi\u00e9n cambiar el tama\u00f1o y optimizar todas las im\u00e1genes que se presentan en su sitio, todas sin comprometer su calidad general. Con la ayuda de Smush Pro, puede reducir dr\u00e1sticamente el tama\u00f1o de sus im\u00e1genes, hasta un notable cinco veces m\u00e1s peque\u00f1o, al tiempo que logra mantener su resoluci\u00f3n original, asegurando as\u00ed que su sitio web permanezca visualmente atractivo. Lo que distingue a WP Smush Pro adem\u00e1s de sus competidores es su capacidad \u00fanica para comprimir autom\u00e1ticamente cualquier imagen nueva que se cargue en su sitio web, lo que le ahorra tiempo y esfuerzo. Adem\u00e1s, este notable complemento est\u00e1 equipado con una variedad de caracter\u00edsticas impresionantes como compresi\u00f3n a granel, cambio de tama\u00f1o autom\u00e1tico e incluso compresi\u00f3n sin p\u00e9rdidas, todo lo cual trabaja juntos armoniosamente para proporcionarle resultados \u00f3ptimos. Uno de los aspectos m\u00e1s destacados de WP Smush Pro es su interfaz f\u00e1cil de usar, que ha sido meticulosamente dise\u00f1ada para atender a personas de todas las habilidades t\u00e9cnicas. Ya sea que sea un desarrollador experimentado o alguien que sea completamente nuevo en el mundo de la creaci\u00f3n de sitios web, WP Smush Pro asegura que la compresi\u00f3n y la optimizaci\u00f3n de im\u00e1genes se puedan incorporar a su flujo de trabajo sin problemas. Al implementar WP Smush Pro en su sitio web, sin duda ser\u00e1 testigo de una mejora sustancial en el rendimiento general de su sitio web, principalmente debido al hecho de que los tama\u00f1os de imagen se reducen significativamente, lo que resulta en tiempos de carga m\u00e1s r\u00e1pidos.<\/p>\n<ul>\n<li>Optimizar y comprimir im\u00e1genes para tiempos de carga del sitio web m\u00e1s r\u00e1pidos<\/li>\n<li>Cambiar el tama\u00f1o autom\u00e1ticamente las im\u00e1genes para adaptarse a las especificaciones establecidas por usted<\/li>\n<li>Optimizar a granel m\u00faltiples im\u00e1genes a la vez para facilitar la gesti\u00f3n<\/li>\n<li>Reducir el tama\u00f1o del archivo sin comprometer la calidad de la imagen<\/li>\n<li>Comprimir autom\u00e1ticamente las im\u00e1genes al cargar para la optimizaci\u00f3n sin esfuerzo<\/li>\n<li>Habilite la carga perezosa para diferir la carga de imagen hasta que sea necesario, mejorando a\u00fan m\u00e1s la velocidad del sitio web<\/li>\n<li>Compatible con una amplia gama de tipos y formatos de archivos de imagen<\/li>\n<li>Ver informes detallados y estad\u00edsticas sobre el rendimiento de la optimizaci\u00f3n de im\u00e1genes<\/li>\n<li>Mantenga su sitio web funcionando sin problemas con actualizaciones autom\u00e1ticas y soporte del equipo de expertos de WPMU Dev.<\/li>\n<\/ul>\n","protected":false},"excerpt":{"rendered":"<p>WPMU Dev WP Smush Pro, el exquisito complemento de WordPress premium, ha sido meticulosamente elaborado para optimizar las im\u00e1genes en su estimado sitio web. A trav\u00e9s de sus ingeniosos mecanismos, reduce efectivamente el tama\u00f1o de las im\u00e1genes, asegurando que su calidad permanezca sin compromisos. En consecuencia, esta notable optimizaci\u00f3n conduce a tiempos de carga de la p\u00e1gina m\u00e1s r\u00e1pidos y un rendimiento mejorado para todo su sitio web. La gran magnitud de las capacidades de WP Smush Pro es realmente sorprendente, ya que puede comprimir competentemente una extensa variedad de formatos de imagen, que comprenden, entre otros, JPEG, PNG y GIF. Adem\u00e1s, esta extraordinaria herramienta cuenta con una variedad de caracter\u00edsticas avanzadas, que incluyen cambio de tama\u00f1o de imagen, optimizaci\u00f3n autom\u00e1tica y la capacidad de optimizar las im\u00e1genes a granel, solidificando a\u00fan m\u00e1s su estado como un activo inigualable. Adem\u00e1s, la instalaci\u00f3n y la utilizaci\u00f3n de WP Smush Pro son accesibles sin esfuerzo, lo que le hace la m\u00e1xima panacea para la ardua tarea de optimizar im\u00e1genes dentro del vasto reino de los sitios web de WordPress.<\/p>\n","protected":false},"featured_media":168545,"comment_status":"open","ping_status":"open","template":"","meta":[],"product_brand":[2648],"product_cat":[1206,1579,1211],"product_tag":[1454],"class_list":{"0":"post-121753","1":"product","2":"type-product","3":"status-publish","4":"has-post-thumbnail","6":"product_brand-wpmu","7":"product_cat-plugins","8":"product_cat-rendimiento","9":"product_cat-wordpress-plugins","10":"product_tag-wpmu","11":"member-discount","12":"discount-restricted","14":"first","15":"instock","16":"sale","17":"downloadable","18":"virtual","19":"sold-individually","20":"purchasable","21":"product-type-simple"},"_links":{"self":[{"href":"https:\/\/gpl-love.com\/es\/wp-json\/wp\/v2\/product\/121753","targetHints":{"allow":["GET"]}}],"collection":[{"href":"https:\/\/gpl-love.com\/es\/wp-json\/wp\/v2\/product"}],"about":[{"href":"https:\/\/gpl-love.com\/es\/wp-json\/wp\/v2\/types\/product"}],"replies":[{"embeddable":true,"href":"https:\/\/gpl-love.com\/es\/wp-json\/wp\/v2\/comments?post=121753"}],"wp:featuredmedia":[{"embeddable":true,"href":"https:\/\/gpl-love.com\/es\/wp-json\/wp\/v2\/media\/168545"}],"wp:attachment":[{"href":"https:\/\/gpl-love.com\/es\/wp-json\/wp\/v2\/media?parent=121753"}],"wp:term":[{"taxonomy":"product_brand","embeddable":true,"href":"https:\/\/gpl-love.com\/es\/wp-json\/wp\/v2\/product_brand?post=121753"},{"taxonomy":"product_cat","embeddable":true,"href":"https:\/\/gpl-love.com\/es\/wp-json\/wp\/v2\/product_cat?post=121753"},{"taxonomy":"product_tag","embeddable":true,"href":"https:\/\/gpl-love.com\/es\/wp-json\/wp\/v2\/product_tag?post=121753"}],"curies":[{"name":"wp","href":"https:\/\/api.w.org\/{rel}","templated":true}]}}