{"id":121751,"date":"2026-03-13T00:00:00","date_gmt":"2026-03-13T05:00:00","guid":{"rendered":"https:\/\/gpl-love.com\/es\/producto\/wpmu-dev-hustle-pro\/"},"modified":"2026-03-31T17:16:25","modified_gmt":"2026-03-31T22:16:25","slug":"wpmu-dev-hustle-pro","status":"publish","type":"product","link":"https:\/\/gpl-love.com\/es\/producto\/wpmu-dev-hustle-pro\/","title":{"rendered":"WPMU DEV Hustle Pro 7.8.12.1"},"content":{"rendered":"<h3>WPMU DEV Hustle Pro Caracteristicas<\/h3>\n<p>WPMU Dev Hustle Pro, una herramienta de marketing formidable, empodera a los propietarios de sitios web en la generaci\u00f3n de clientes potenciales, amplificaci\u00f3n de conversiones y aumento de las ventas. Al proporcionar una gran cantidad de ventanas emergentes personalizables, deslizamientos y formularios optados, Hustle Pro equipa a los usuarios con la capacidad de fabricar promociones cautivadoras y cautivadoras, capturando efectivamente la atenci\u00f3n de los visitantes y motiv\u00e1ndolos a iniciar la acci\u00f3n. Este complemento abarca una variedad de caracter\u00edsticas que simplifican la gesti\u00f3n y el monitoreo de la campa\u00f1a, que abarca pruebas A\/B, an\u00e1lisis e integraci\u00f3n perfecta con destacados servicios de marketing por correo electr\u00f3nico. Ya sea que su objetivo sea expandir su lista de correo electr\u00f3nico, anunciar ofertas exclusivas o simplemente establecer una conexi\u00f3n con su audiencia, WPMU Dev Hustle Pro sirve como una soluci\u00f3n vers\u00e1til y eficaz que puede elevar su sitio web a alturas sin precedentes.<\/p>\n<ul>\n<li>Una herramienta poderosa para crear y administrar campa\u00f1as de marketing personalizadas en su sitio de WordPress<\/li>\n<li>Ofrece una gama de plantillas y opciones de dise\u00f1o personalizables para que coincidan con su marca y mensajes<\/li>\n<li>Incluye una variedad de tipos de exhibici\u00f3n y desencadenantes para involucrar a sus visitantes en el momento correcto y de la manera correcta<\/li>\n<li>Integrado con los populares servicios de marketing por correo electr\u00f3nico como MailChimp y Monitor de campa\u00f1a para una generaci\u00f3n de leads f\u00e1cil y seguimiento<\/li>\n<li>Cuenta con an\u00e1lisis e informes avanzados para ayudarlo a rastrear y optimizar sus campa\u00f1as para el ROI m\u00e1ximo<\/li>\n<li>Ofrece capacidades de prueba A\/B para que pueda experimentar con diferentes estrategias y encontrar lo que funciona mejor para su audiencia<\/li>\n<li>Incluye opciones de intercambio social f\u00e1ciles para extender su alcance y amplificar su mensaje<\/li>\n<li>Compatible con una amplia gama de temas y complementos de WordPress, asegurando una integraci\u00f3n y compatibilidad perfecta<\/li>\n<li>Respaldado por un equipo de apoyo experto y una amplia documentaci\u00f3n para ayudarlo a aprovechar al m\u00e1ximo la herramienta.<\/li>\n<\/ul>\n","protected":false},"excerpt":{"rendered":"<p>WPMU Dev Hustle Pro, un complemento de WordPress altamente capaz, se ha dise\u00f1ado cuidadosamente para mejorar la tasa de conversi\u00f3n para su sitio web. Al aprovechar sus funcionalidades sofisticadas, tiene la capacidad de elaborar ventanas emergentes visualmente llamativas, deslizamientos y sus opciones de opci\u00f3n que afectan sin esfuerzo a los visitantes de su sitio para que tomen las acciones deseadas. Adem\u00e1s, esta herramienta excepcional ofrece una variedad de plantillas predise\u00f1adas, lo que permite opciones de personalizaci\u00f3n perfecta e incluso lo equipa con una variedad de herramientas de an\u00e1lisis para monitorear y medir de manera efectiva su progreso. Adoptar WPMU Dev Hustle Pro lo empodera para generar clientes potenciales sin esfuerzo, expandir su base de suscriptores de correo electr\u00f3nico y amplificar sustancialmente sus cifras de ventas. Independientemente de si est\u00e1 operando un establecimiento de comercio electr\u00f3nico o un blog, este complemento invaluable est\u00e1 perfectamente equipado para impulsar su presencia en l\u00ednea a alturas sin precedentes.<\/p>\n","protected":false},"featured_media":168541,"comment_status":"open","ping_status":"open","template":"","meta":[],"product_brand":[2648],"product_cat":[1212,1206,1211],"product_tag":[1454],"class_list":{"0":"post-121751","1":"product","2":"type-product","3":"status-publish","4":"has-post-thumbnail","6":"product_brand-wpmu","7":"product_cat-administracion-wordpress-plugins","8":"product_cat-plugins","9":"product_cat-wordpress-plugins","10":"product_tag-wpmu","11":"member-discount","12":"discount-restricted","14":"first","15":"instock","16":"sale","17":"downloadable","18":"virtual","19":"sold-individually","20":"purchasable","21":"product-type-simple"},"_links":{"self":[{"href":"https:\/\/gpl-love.com\/es\/wp-json\/wp\/v2\/product\/121751","targetHints":{"allow":["GET"]}}],"collection":[{"href":"https:\/\/gpl-love.com\/es\/wp-json\/wp\/v2\/product"}],"about":[{"href":"https:\/\/gpl-love.com\/es\/wp-json\/wp\/v2\/types\/product"}],"replies":[{"embeddable":true,"href":"https:\/\/gpl-love.com\/es\/wp-json\/wp\/v2\/comments?post=121751"}],"wp:featuredmedia":[{"embeddable":true,"href":"https:\/\/gpl-love.com\/es\/wp-json\/wp\/v2\/media\/168541"}],"wp:attachment":[{"href":"https:\/\/gpl-love.com\/es\/wp-json\/wp\/v2\/media?parent=121751"}],"wp:term":[{"taxonomy":"product_brand","embeddable":true,"href":"https:\/\/gpl-love.com\/es\/wp-json\/wp\/v2\/product_brand?post=121751"},{"taxonomy":"product_cat","embeddable":true,"href":"https:\/\/gpl-love.com\/es\/wp-json\/wp\/v2\/product_cat?post=121751"},{"taxonomy":"product_tag","embeddable":true,"href":"https:\/\/gpl-love.com\/es\/wp-json\/wp\/v2\/product_tag?post=121751"}],"curies":[{"name":"wp","href":"https:\/\/api.w.org\/{rel}","templated":true}]}}