{"id":121749,"date":"2025-05-26T00:00:00","date_gmt":"2025-05-26T05:00:00","guid":{"rendered":"https:\/\/gpl-love.com\/es\/producto\/wpmu-dev-hummingbird-pro\/"},"modified":"2026-03-09T08:31:57","modified_gmt":"2026-03-09T13:31:57","slug":"wpmu-dev-hummingbird-pro","status":"publish","type":"product","link":"https:\/\/gpl-love.com\/es\/producto\/wpmu-dev-hummingbird-pro\/","title":{"rendered":"WPMU DEV Hummingbird Pro 3.14.1"},"content":{"rendered":"<h3>WPMU DEV Hummingbird Pro Caracteristicas<\/h3>\n<p>WPMU Dev Hummingbird Pro, un complemento inmensamente robusto, posee la capacidad de mejorar significativamente la velocidad y el dominio de los sitios web de WordPress. Logra esto optimizando de manera efectiva las im\u00e1genes, minificando CSS y JavaScript, comprimir archivos y aprovechar el almacenamiento en cach\u00e9 del navegador para disminuir sustancialmente los tiempos de carga y aumentar la experiencia general del usuario. Esta extraordinaria herramienta no solo otorga a los propietarios de sitios web la capacidad de analizar meticulosamente y evaluar el rendimiento de su sitio, sino que tambi\u00e9n les proporciona informes completos, repletos de detalles intrincados. Adem\u00e1s, proporciona a los usuarios una variedad de configuraciones personalizables, lo que permite una optimizaci\u00f3n \u00f3ptima. Sin lugar a dudas, la instalaci\u00f3n y utilizaci\u00f3n de WPMU Dev Hummingbird Pro es un activo absolutamente indispensable para cualquier sitio web de WordPress que busca fervientemente refinar su velocidad y mejorar su rendimiento general a alturas sin precedentes.<\/p>\n<ul>\n<li>Velocidad y rendimiento mejorados del sitio web<\/li>\n<li>Minificaci\u00f3n de archivos CSS, HTML y JavaScript<\/li>\n<li>El almacenamiento en cach\u00e9 del navegador para tiempos de carga de p\u00e1gina m\u00e1s r\u00e1pidos<\/li>\n<li>An\u00e1lisis de rendimiento e informes<\/li>\n<li>Compresi\u00f3n de GZIP para una carga de sitio web a\u00fan m\u00e1s r\u00e1pida<\/li>\n<li>Capacidad para optimizar las im\u00e1genes y la carga perezosa para mejorar la velocidad de la p\u00e1gina<\/li>\n<li>Panel de control f\u00e1cil de usar con una variedad de opciones de optimizaci\u00f3n<\/li>\n<li>Compatible con una variedad de plataformas de sitios web, incluida WordPress<\/li>\n<li>Soporte y asistencia de expertos disponibles en el equipo de soporte de desarrollo de WPMU<\/li>\n<li>Actualizaciones y mejoras regulares para garantizar una optimizaci\u00f3n continua<\/li>\n<\/ul>\n","protected":false},"excerpt":{"rendered":"<p>El complemento WPMU Dev Hummingbird Pro es una herramienta excepcionalmente potente dise\u00f1ada espec\u00edficamente para sitios web de WordPress. Su funci\u00f3n principal es optimizar el rendimiento de su sitio reduciendo significativamente los tiempos de carga y mejorando la experiencia general del usuario. Este complemento ofrece una variedad de caracter\u00edsticas avanzadas que incluyen almacenamiento en cach\u00e9, minificaci\u00f3n y diversas mejoras de rendimiento. Al incorporar estas funcionalidades, Hummingbird Pro tiene la capacidad de acelerar en gran medida la velocidad de carga de su sitio web, lo que aumenta la clasificaci\u00f3n de sus motores de b\u00fasqueda.<\/p>\n","protected":false},"featured_media":168540,"comment_status":"open","ping_status":"open","template":"","meta":[],"product_brand":[2648],"product_cat":[1206,1579,1211],"product_tag":[1454],"class_list":{"0":"post-121749","1":"product","2":"type-product","3":"status-publish","4":"has-post-thumbnail","6":"product_brand-wpmu","7":"product_cat-plugins","8":"product_cat-rendimiento","9":"product_cat-wordpress-plugins","10":"product_tag-wpmu","11":"member-discount","12":"discount-restricted","14":"first","15":"instock","16":"sale","17":"downloadable","18":"virtual","19":"sold-individually","20":"purchasable","21":"product-type-simple"},"_links":{"self":[{"href":"https:\/\/gpl-love.com\/es\/wp-json\/wp\/v2\/product\/121749","targetHints":{"allow":["GET"]}}],"collection":[{"href":"https:\/\/gpl-love.com\/es\/wp-json\/wp\/v2\/product"}],"about":[{"href":"https:\/\/gpl-love.com\/es\/wp-json\/wp\/v2\/types\/product"}],"replies":[{"embeddable":true,"href":"https:\/\/gpl-love.com\/es\/wp-json\/wp\/v2\/comments?post=121749"}],"wp:featuredmedia":[{"embeddable":true,"href":"https:\/\/gpl-love.com\/es\/wp-json\/wp\/v2\/media\/168540"}],"wp:attachment":[{"href":"https:\/\/gpl-love.com\/es\/wp-json\/wp\/v2\/media?parent=121749"}],"wp:term":[{"taxonomy":"product_brand","embeddable":true,"href":"https:\/\/gpl-love.com\/es\/wp-json\/wp\/v2\/product_brand?post=121749"},{"taxonomy":"product_cat","embeddable":true,"href":"https:\/\/gpl-love.com\/es\/wp-json\/wp\/v2\/product_cat?post=121749"},{"taxonomy":"product_tag","embeddable":true,"href":"https:\/\/gpl-love.com\/es\/wp-json\/wp\/v2\/product_tag?post=121749"}],"curies":[{"name":"wp","href":"https:\/\/api.w.org\/{rel}","templated":true}]}}