{"id":121747,"date":"2026-04-16T00:00:00","date_gmt":"2026-04-16T05:00:00","guid":{"rendered":"https:\/\/gpl-love.com\/es\/producto\/wpmu-dev-forminator-pro\/"},"modified":"2026-04-16T17:17:03","modified_gmt":"2026-04-16T22:17:03","slug":"wpmu-dev-forminator-pro","status":"publish","type":"product","link":"https:\/\/gpl-love.com\/es\/producto\/wpmu-dev-forminator-pro\/","title":{"rendered":"WPMU DEV Forminator Pro 1.53.0"},"content":{"rendered":"<h3>WPMU DEV Forminator Pro Caracteristicas<\/h3>\n<p>WPMU Dev Forminator Pro, una herramienta excepcionalmente robusta, posee capacidades notables para generar formas y encuestas a medida que armonizan sin esfuerzo con su sitio web. Empleando su interfaz de arrastrar y soltar intuitivamente, puede fabricar formularios sin esfuerzo que obtengan informaci\u00f3n h\u00e1bil con el cliente, faciliten efectivamente el procesamiento de pagos y realicen una variedad de funciones adicionales. Forminator Pro se integra perfectamente con herramientas de gesti\u00f3n de relaciones con el cliente (CRM) ampliamente utilizadas, facilitando as\u00ed la gesti\u00f3n simplificada de sus clientes potenciales mientras tambi\u00e9n monitorea diligentemente sus tasas de conversi\u00f3n. Independientemente de si usted es un emprendedor emprendedor o un desarrollador experimentado, Forminator Pro es realmente un tesoro, que lo prodige con los recursos indispensables necesarios para crear formas y encuestas de la calidad profesional m\u00e1s importante en unos pocos minutos.<\/p>\n<ul>\n<li>Cree formularios personalizados para su sitio web con facilidad<\/li>\n<li>Elija entre una variedad de plantillas de formulario o comience desde cero<\/li>\n<li>Integrar con su servicio de marketing por correo electr\u00f3nico preferido o CRM<\/li>\n<li>Habilitar la l\u00f3gica condicional para mostrar u ocultar campos seg\u00fan la entrada del usuario<\/li>\n<li>Agregue opciones de pago a sus formularios con integraciones de PayPal e Stripe<\/li>\n<li>Incorporar formularios en cualquier lugar de su sitio web utilizando c\u00f3digos cortos o widgets<\/li>\n<li>Recibir notificaciones de env\u00edo del formulario por correo electr\u00f3nico o en el tablero de WordPress<\/li>\n<li>Utilice la configuraci\u00f3n avanzada para el estilo, la protecci\u00f3n del spam y el cumplimiento de GDPR<\/li>\n<li>Disfrute del dise\u00f1o receptivo que funcione sin problemas en los dispositivos de escritorio y m\u00f3viles<\/li>\n<li>Obtenga acceso al soporte dedicado del equipo de desarrollo de WPMU.<\/li>\n<\/ul>\n","protected":false},"excerpt":{"rendered":"<p>WPMU Dev Forminator Pro, un complemento de constructor de formulario de WordPress muy robusto pero notablemente f\u00e1cil de usar, le permite construir formularios personalizados y excepcionalmente pulidos para su sitio web, todo sin necesitar ning\u00fan dominio de la codificaci\u00f3n. Aprovechando su simple interfaz de arrastrar y soltar, se le otorga la capacidad de incorporar a la perfecci\u00f3n una mir\u00edada de caracter\u00edsticas y elementos en sus formas, incluidas, entre otros, formas de m\u00faltiples pasos, encuestas, manchas, encuestas y una serie de otros opciones. Adem\u00e1s, Forminator Pro extiende su funcionalidad al proporcionar una amplia gama de integraciones con estimados servicios de marketing por correo electr\u00f3nico, pasarelas de pago y plataformas CRM, facilitando as\u00ed la colecci\u00f3n y la gesti\u00f3n de datos obtenidos de sus formularios. Adem\u00e1s, armado con atributos avanzados como la l\u00f3gica condicional, las notificaciones a medida y un mecanismo impermeable de protecci\u00f3n del correo no deseado, puede estar seguro de que sus formas no solo son visualmente atractivas, sino tambi\u00e9n eficaces e impregnables.<\/p>\n","protected":false},"featured_media":168539,"comment_status":"open","ping_status":"open","template":"","meta":[],"product_brand":[2648],"product_cat":[1216,1206,1211],"product_tag":[1454],"class_list":{"0":"post-121747","1":"product","2":"type-product","3":"status-publish","4":"has-post-thumbnail","6":"product_brand-wpmu","7":"product_cat-formas","8":"product_cat-plugins","9":"product_cat-wordpress-plugins","10":"product_tag-wpmu","11":"member-discount","12":"discount-restricted","14":"first","15":"instock","16":"sale","17":"downloadable","18":"virtual","19":"sold-individually","20":"purchasable","21":"product-type-simple"},"_links":{"self":[{"href":"https:\/\/gpl-love.com\/es\/wp-json\/wp\/v2\/product\/121747","targetHints":{"allow":["GET"]}}],"collection":[{"href":"https:\/\/gpl-love.com\/es\/wp-json\/wp\/v2\/product"}],"about":[{"href":"https:\/\/gpl-love.com\/es\/wp-json\/wp\/v2\/types\/product"}],"replies":[{"embeddable":true,"href":"https:\/\/gpl-love.com\/es\/wp-json\/wp\/v2\/comments?post=121747"}],"wp:featuredmedia":[{"embeddable":true,"href":"https:\/\/gpl-love.com\/es\/wp-json\/wp\/v2\/media\/168539"}],"wp:attachment":[{"href":"https:\/\/gpl-love.com\/es\/wp-json\/wp\/v2\/media?parent=121747"}],"wp:term":[{"taxonomy":"product_brand","embeddable":true,"href":"https:\/\/gpl-love.com\/es\/wp-json\/wp\/v2\/product_brand?post=121747"},{"taxonomy":"product_cat","embeddable":true,"href":"https:\/\/gpl-love.com\/es\/wp-json\/wp\/v2\/product_cat?post=121747"},{"taxonomy":"product_tag","embeddable":true,"href":"https:\/\/gpl-love.com\/es\/wp-json\/wp\/v2\/product_tag?post=121747"}],"curies":[{"name":"wp","href":"https:\/\/api.w.org\/{rel}","templated":true}]}}