{"id":121745,"date":"2026-03-02T00:00:00","date_gmt":"2026-03-02T05:00:00","guid":{"rendered":"https:\/\/gpl-love.com\/es\/producto\/wpmu-dev-defender-pro\/"},"modified":"2026-03-31T17:16:24","modified_gmt":"2026-03-31T22:16:24","slug":"wpmu-dev-defender-pro","status":"publish","type":"product","link":"https:\/\/gpl-love.com\/es\/producto\/wpmu-dev-defender-pro\/","title":{"rendered":"WPMU DEV Defender Pro 5.11.0"},"content":{"rendered":"<h3>WPMU DEV Defender Pro Caracteristicas<\/h3>\n<p>WPMU Dev Defender Pro, un complemento de seguridad excepcionalmente robusto, ha sido ingeniosamente elaborado para salvaguardar su preciado sitio de WordPress de una mir\u00edada de peligros de seguridad amenazantes que se ciernen siniestrados. Este complemento extraordinario cuenta con una gran cantidad de caracter\u00edsticas de seguridad apasionantes, como escaneos de seguridad en tiempo real, destreza de detecci\u00f3n de malware, medidas de fortificaci\u00f3n de inicio de sesi\u00f3n, monitoreo de la lista negra vigilante y una gama de otras funcionalidades de seguridad impresionantes dise\u00f1adas para garantizar que su sitio se mantenga inexputable y inmune del da\u00f1o. Al aprovechar el poder de su firewall avanzado y el mecanismo de protecci\u00f3n de la fuerza bruta, el defensor pro brota y repele cualquier tr\u00e1fico nefasto relacionado con el estragos de causar estragos, negando as\u00ed diligentemente el acceso no autorizado a su fortaleza digital. Adem\u00e1s, este complemento notable va m\u00e1s all\u00e1 de lo que le dotaba deliciosamente los escaneos de vulnerabilidad de rutina e informes integrales, lo que lo empodera para que sea siempre vigilante y bien informado sobre cualquier vulnerabilidad de seguridad al al acecho que pueda hacer se\u00f1as. Independientemente de si usted se pone el sombrero de un propietario de un sitio web visionario o un desarrollador incansable, WPMU Dev Defender Pro, sin una duda de duda, se resuelve como un instrumento indispensable para fortalecer y salvaguardar su preciado sitio de WordPress contra el peligroso y siempre provocado espect\u00e1culo. de amenazas de seguridad.<\/p>\n<ul>\n<li>Soluci\u00f3n de seguridad avanzada para sitios web de WordPress<\/li>\n<li>Realiza autom\u00e1ticamente escaneos de seguridad y ofrece soluciones para vulnerabilidades<\/li>\n<li>Cuenta con autenticaci\u00f3n de dos factores y bloqueo de IP para evitar el acceso no autorizado<\/li>\n<li>Incluye un firewall para bloquear el tr\u00e1fico malicioso y proteger contra los intentos de pirater\u00eda<\/li>\n<li>Proporciona informes y notificaciones de seguridad diarias para mayor tranquilidad<\/li>\n<li>Viene con una poderosa caracter\u00edstica de protecci\u00f3n de inicio de sesi\u00f3n que bloquea los ataques de fuerza bruta<\/li>\n<li>Ofrece actualizaciones y mejoras regulares para mantenerse al d\u00eda con las amenazas emergentes<\/li>\n<li>Interfaz f\u00e1cil de usar que facilita la configuraci\u00f3n y la administraci\u00f3n de medidas de seguridad<\/li>\n<li>Dise\u00f1ado para ser compatible con otros complementos de desarrollo WPMU para una soluci\u00f3n integral de seguridad de WordPress.<\/li>\n<\/ul>\n","protected":false},"excerpt":{"rendered":"<p>WPMU Dev Defender Pro, una soluci\u00f3n de seguridad excepcionalmente robusta desarrollada meticulosamente exclusivamente para sitios de WordPress, emerge como un complemento indispensable que ofrece una extensa variedad de herramientas destinadas a fortalecer sitios web contra una multitud de peligros en l\u00ednea amenazantes, que incluye, pero no limitado a malware, bruto-force, ataques y esfuerzos de pirater\u00eda insidiosos. Entre la mir\u00edada de caracter\u00edsticas notables que se manifiesta este complemento, se puede apreciar f\u00e1cilmente la ejecuci\u00f3n meticulosa de la exploraci\u00f3n de vulnerabilidad activa y pasiva, la implementaci\u00f3n de mecanismos de autenticaci\u00f3n de dos factores de van Monitoreo de cualquier cambio realizado en archivos vitales, entre otras funcionalidades notables. En consecuencia, con WPMU Dev Defender Pro sirviendo como su tutor, los propietarios de sitios pueden exigir en un estado de seguridad tranquila, totalmente consciente de que su preciado sitio de WordPress est\u00e1 impregnablemente fortificado y diligentemente protegido de cualquiera y todas las amenazas potenciales que pueden atreverse a encerrar a su formidable umbral digital.<\/p>\n","protected":false},"featured_media":168538,"comment_status":"open","ping_status":"open","template":"","meta":[],"product_brand":[2648],"product_cat":[1212,1206,1211],"product_tag":[1454],"class_list":{"0":"post-121745","1":"product","2":"type-product","3":"status-publish","4":"has-post-thumbnail","6":"product_brand-wpmu","7":"product_cat-administracion-wordpress-plugins","8":"product_cat-plugins","9":"product_cat-wordpress-plugins","10":"product_tag-wpmu","11":"member-discount","12":"discount-restricted","14":"first","15":"instock","16":"sale","17":"downloadable","18":"virtual","19":"sold-individually","20":"purchasable","21":"product-type-simple"},"_links":{"self":[{"href":"https:\/\/gpl-love.com\/es\/wp-json\/wp\/v2\/product\/121745","targetHints":{"allow":["GET"]}}],"collection":[{"href":"https:\/\/gpl-love.com\/es\/wp-json\/wp\/v2\/product"}],"about":[{"href":"https:\/\/gpl-love.com\/es\/wp-json\/wp\/v2\/types\/product"}],"replies":[{"embeddable":true,"href":"https:\/\/gpl-love.com\/es\/wp-json\/wp\/v2\/comments?post=121745"}],"wp:featuredmedia":[{"embeddable":true,"href":"https:\/\/gpl-love.com\/es\/wp-json\/wp\/v2\/media\/168538"}],"wp:attachment":[{"href":"https:\/\/gpl-love.com\/es\/wp-json\/wp\/v2\/media?parent=121745"}],"wp:term":[{"taxonomy":"product_brand","embeddable":true,"href":"https:\/\/gpl-love.com\/es\/wp-json\/wp\/v2\/product_brand?post=121745"},{"taxonomy":"product_cat","embeddable":true,"href":"https:\/\/gpl-love.com\/es\/wp-json\/wp\/v2\/product_cat?post=121745"},{"taxonomy":"product_tag","embeddable":true,"href":"https:\/\/gpl-love.com\/es\/wp-json\/wp\/v2\/product_tag?post=121745"}],"curies":[{"name":"wp","href":"https:\/\/api.w.org\/{rel}","templated":true}]}}