{"id":121743,"date":"2026-01-04T00:00:00","date_gmt":"2026-01-04T05:00:00","guid":{"rendered":"https:\/\/gpl-love.com\/es\/producto\/wpmu-dev-branda-pro\/"},"modified":"2026-03-09T08:31:53","modified_gmt":"2026-03-09T13:31:53","slug":"wpmu-dev-branda-pro","status":"publish","type":"product","link":"https:\/\/gpl-love.com\/es\/producto\/wpmu-dev-branda-pro\/","title":{"rendered":"WPMU DEV Branda Pro 3.4.29"},"content":{"rendered":"<h3>WPMU DEV Branda Pro Caracteristicas<\/h3>\n<p>WPMU Dev Branda Pro, un complemento dedicado a la marca y la personalizaci\u00f3n, ofrece una amplia gama de caracter\u00edsticas que otorgan a los usuarios el control total sobre la est\u00e9tica visual y los aspectos funcionales de sus sitios de WordPress. Al utilizar Branda Pro, uno puede curar sin esfuerzo una experiencia distintiva y hecha a medida para los visitantes de su sitio, con la capacidad de personalizar varios elementos, como la p\u00e1gina de inicio de sesi\u00f3n, el tablero y la barra de administraci\u00f3n. Adem\u00e1s, el complemento permite a los usuarios transformar sus sitios en un reflejo de su propia identidad de marca al eliminar la marca predeterminada de WordPress e incorporar su propio logotipo y elementos de marca. Branda Pro tambi\u00e9n proporciona funcionalidades adicionales como CSS personalizado, Favicon personalizado y una p\u00e1gina exclusiva del modo de mantenimiento, facilitando una experiencia de usuario perfecta e ininterrumpida durante los per\u00edodos de mantenimiento del sitio. En conclusi\u00f3n, WPMU Dev Branda Pro sirve como una herramienta potente e indispensable para los propietarios de sitios web que aspiran a elevar sus esfuerzos de marca y personalizaci\u00f3n a alturas sin precedentes.<\/p>\n<ul>\n<li>WPMU Dev Branda Pro es un poderoso complemento de marca y personalizaci\u00f3n para sitios web de WordPress.<\/li>\n<li>Con Branda Pro, puede personalizar su p\u00e1gina de inicio de sesi\u00f3n, tablero de administraci\u00f3n e incluso todo el tablero de WordPress para que coincida con su marca.<\/li>\n<li>Cree y administre f\u00e1cilmente las plantillas de correo electr\u00f3nico personalizadas para su sitio de WordPress y agregue su propio logotipo y marca para mejorar sus esfuerzos de marketing por correo electr\u00f3nico.<\/li>\n<li>Branda Pro incluye una barra de herramientas de administraci\u00f3n personalizable que facilita crear men\u00fas personalizados, agregar enlaces a los perfiles de redes sociales y m\u00e1s.<\/li>\n<li>Tambi\u00e9n puede usar Branda Pro para optimizar su sitio de WordPress eliminando widgets de tablero no deseados, elementos de men\u00fa y m\u00e1s.<\/li>\n<li>Branda Pro es incre\u00edblemente f\u00e1cil de usar y f\u00e1cil de usar, incluso para usuarios no t\u00e9cnicos.<\/li>\n<li>Con actualizaciones regulares y atenci\u00f3n al cliente de primer nivel de WPMU Dev, puede confiar en Branda Pro para mejorar la marca y personalizaci\u00f3n de su sitio de WordPress.<\/li>\n<\/ul>\n","protected":false},"excerpt":{"rendered":"<p>WPMU Dev Branda Pro, un complemento de marca y personalizaci\u00f3n excesivamente robusto y integral para la famosa plataforma de WordPress, ofrece una variedad de caracter\u00edsticas y funcionalidades notables. Este complemento excepcional permite a los usuarios infundir sin esfuerzo sus elementos de marca \u00fanicos en su tablero de WordPress e p\u00e1ginas de inicio de sesi\u00f3n, estableciendo as\u00ed una experiencia inmersiva y personalizada. Adem\u00e1s, Branda Pro permite a los usuarios personalizar meticulosamente varios aspectos de la apariencia de su sitio web, incluidos encabezados, pies de p\u00e1gina y m\u00e1s all\u00e1. Ampliando mucho m\u00e1s all\u00e1 del \u00e1mbito de la personalizaci\u00f3n b\u00e1sica, este complemento tambi\u00e9n exhibe capacidades m\u00e1s avanzadas, como la integraci\u00f3n CSS personalizada, el etiquetado blanco y la gesti\u00f3n de roles del usuario, otorgando as\u00ed a los desarrolladores web y administradores de sitios una autoridad incomparable y control sobre sus sitios de WordPress. Para aquellos que anhelan un nivel elevado de marca y personalizaci\u00f3n de WordPress, se recomienda aprovechar la oportunidad de actualizar a Branda Pro y disfrutar del potencial ilimitado que ofrece.<\/p>\n","protected":false},"featured_media":168537,"comment_status":"open","ping_status":"open","template":"","meta":[],"product_brand":[2648],"product_cat":[1232,1206,1211],"product_tag":[1454],"class_list":{"0":"post-121743","1":"product","2":"type-product","3":"status-publish","4":"has-post-thumbnail","6":"product_brand-wpmu","7":"product_cat-marketing-wordpress-plugins","8":"product_cat-plugins","9":"product_cat-wordpress-plugins","10":"product_tag-wpmu","11":"member-discount","12":"discount-restricted","14":"first","15":"instock","16":"sale","17":"downloadable","18":"virtual","19":"sold-individually","20":"purchasable","21":"product-type-simple"},"_links":{"self":[{"href":"https:\/\/gpl-love.com\/es\/wp-json\/wp\/v2\/product\/121743","targetHints":{"allow":["GET"]}}],"collection":[{"href":"https:\/\/gpl-love.com\/es\/wp-json\/wp\/v2\/product"}],"about":[{"href":"https:\/\/gpl-love.com\/es\/wp-json\/wp\/v2\/types\/product"}],"replies":[{"embeddable":true,"href":"https:\/\/gpl-love.com\/es\/wp-json\/wp\/v2\/comments?post=121743"}],"wp:featuredmedia":[{"embeddable":true,"href":"https:\/\/gpl-love.com\/es\/wp-json\/wp\/v2\/media\/168537"}],"wp:attachment":[{"href":"https:\/\/gpl-love.com\/es\/wp-json\/wp\/v2\/media?parent=121743"}],"wp:term":[{"taxonomy":"product_brand","embeddable":true,"href":"https:\/\/gpl-love.com\/es\/wp-json\/wp\/v2\/product_brand?post=121743"},{"taxonomy":"product_cat","embeddable":true,"href":"https:\/\/gpl-love.com\/es\/wp-json\/wp\/v2\/product_cat?post=121743"},{"taxonomy":"product_tag","embeddable":true,"href":"https:\/\/gpl-love.com\/es\/wp-json\/wp\/v2\/product_tag?post=121743"}],"curies":[{"name":"wp","href":"https:\/\/api.w.org\/{rel}","templated":true}]}}