{"id":121739,"date":"2025-10-02T00:00:00","date_gmt":"2025-10-02T05:00:00","guid":{"rendered":"https:\/\/gpl-love.com\/es\/producto\/wpml-wordpress-multilingual-yoast-seo-addon\/"},"modified":"2026-03-09T08:31:51","modified_gmt":"2026-03-09T13:31:51","slug":"wpml-wordpress-multilingual-yoast-seo-addon","status":"publish","type":"product","link":"https:\/\/gpl-love.com\/es\/producto\/wpml-wordpress-multilingual-yoast-seo-addon\/","title":{"rendered":"WPML WordPress Multilingual Yoast SEO Addon 2.2.4"},"content":{"rendered":"<h3>WPML WordPress Multilingual Yoast SEO Addon Caracteristicas<\/h3>\n<p>El complemento WPML WordPress multiling\u00fce Yoast SEO, una herramienta muy robusta, ofrece asistencia invaluable a los usuarios para optimizar sus sitios web para motores de b\u00fasqueda en varios idiomas. Este complemento en particular presenta a los usuarios la capacidad conveniente de traducir sin problemas su contenido en m\u00faltiples idiomas al tiempo que garantiza la traducci\u00f3n precisa de la configuraci\u00f3n SEO de su sitio web. Al utilizar este complemento, los usuarios obtienen la capacidad de crear configuraciones de SEO distintas para cada idioma, que abarquen elementos como etiquetas de t\u00edtulo, meta descripciones y palabras clave. En consecuencia, los usuarios pueden ampliar efectivamente su alcance a un p\u00fablico m\u00e1s amplio y elevar las clasificaciones de su sitio web en numerosos motores de b\u00fasqueda. En esencia, el complemento WPML WordPress multiling\u00fce Yoast SEO se erige como una herramienta indispensable para los propietarios de sitios web que buscan aumentar la visibilidad de su sitio web y expandir su influencia a una escala global.<\/p>\n<ul>\n<li>Integre perfectamente sus complementos WPML y Yoast SEO para sitios web multiling\u00fces optimizados<\/li>\n<li>Mejore las clasificaciones de motores de b\u00fasqueda de su sitio web optimizando cada versi\u00f3n del idioma con la misma facilidad que su idioma predeterminado<\/li>\n<li>Personalice f\u00e1cilmente los metadatos y las palabras clave para cada versi\u00f3n del idioma usando Yoast SEO<\/li>\n<li>Mantener consistencia y profesionalismo en todas las versiones de idiomas con herramientas de SEO multiling\u00fces intuitivas<\/li>\n<li>Aumente el tr\u00e1fico y la relevancia para su p\u00fablico multiling\u00fce mediante el uso de Yoast SEO para optimizar cada versi\u00f3n de su sitio en su idioma nativo<\/li>\n<li>Actualice su contenido de manera r\u00e1pida y f\u00e1cil en todas las versiones de idioma con WPML, maximizando su eficiencia y alcance<\/li>\n<li>Simplifique su estrategia de SEO multiling\u00fce con el poder de la integraci\u00f3n WPML y Yoast SEO.<\/li>\n<\/ul>\n","protected":false},"excerpt":{"rendered":"<p>El complemento WPML WordPress multiling\u00fce Yoast SEO ha sido intrincadamente dise\u00f1ado para elevar las capacidades de SEO de su sitio web que atiende a una amplia gama de idiomas. Con la incorporaci\u00f3n de esta extensi\u00f3n notablemente robusta, se le otorga la capacidad de optimizar sin esfuerzo su contenido, meta descripciones y palabras clave para satisfacer m\u00faltiples preferencias ling\u00fc\u00edsticas. Este invaluable recurso indudablemente reforzar\u00e1 la afluencia de tr\u00e1fico de su sitio web, elevar\u00e1 la clasificaci\u00f3n de sus motores de b\u00fasqueda y amplificar\u00e1 su presencia en l\u00ednea. Ya sea que est\u00e9 administrando un blog peque\u00f1o o un emporio de comercio electr\u00f3nico en expansi\u00f3n, la integraci\u00f3n de este complemento es un requisito indispensable para aquellos que se esfuerzan por optimizar sus esfuerzos de SEO dentro de una esfera ling\u00fc\u00edstica multifac\u00e9tica.<\/p>\n","protected":false},"featured_media":168535,"comment_status":"open","ping_status":"open","template":"","meta":[],"product_brand":[2353],"product_cat":[1220,1206,1211],"product_tag":[1451],"class_list":{"0":"post-121739","1":"product","2":"type-product","3":"status-publish","4":"has-post-thumbnail","6":"product_brand-wpml","7":"product_cat-multi-lenguaje","8":"product_cat-plugins","9":"product_cat-wordpress-plugins","10":"product_tag-wpml","11":"member-discount","12":"discount-restricted","14":"first","15":"instock","16":"sale","17":"downloadable","18":"virtual","19":"sold-individually","20":"purchasable","21":"product-type-simple"},"_links":{"self":[{"href":"https:\/\/gpl-love.com\/es\/wp-json\/wp\/v2\/product\/121739","targetHints":{"allow":["GET"]}}],"collection":[{"href":"https:\/\/gpl-love.com\/es\/wp-json\/wp\/v2\/product"}],"about":[{"href":"https:\/\/gpl-love.com\/es\/wp-json\/wp\/v2\/types\/product"}],"replies":[{"embeddable":true,"href":"https:\/\/gpl-love.com\/es\/wp-json\/wp\/v2\/comments?post=121739"}],"wp:featuredmedia":[{"embeddable":true,"href":"https:\/\/gpl-love.com\/es\/wp-json\/wp\/v2\/media\/168535"}],"wp:attachment":[{"href":"https:\/\/gpl-love.com\/es\/wp-json\/wp\/v2\/media?parent=121739"}],"wp:term":[{"taxonomy":"product_brand","embeddable":true,"href":"https:\/\/gpl-love.com\/es\/wp-json\/wp\/v2\/product_brand?post=121739"},{"taxonomy":"product_cat","embeddable":true,"href":"https:\/\/gpl-love.com\/es\/wp-json\/wp\/v2\/product_cat?post=121739"},{"taxonomy":"product_tag","embeddable":true,"href":"https:\/\/gpl-love.com\/es\/wp-json\/wp\/v2\/product_tag?post=121739"}],"curies":[{"name":"wp","href":"https:\/\/api.w.org\/{rel}","templated":true}]}}