{"id":121737,"date":"2025-08-12T00:00:00","date_gmt":"2025-08-12T05:00:00","guid":{"rendered":"https:\/\/gpl-love.com\/es\/producto\/wpml-wordpress-multilingual-wp-all-import-addon\/"},"modified":"2026-03-09T08:31:50","modified_gmt":"2026-03-09T13:31:50","slug":"wpml-wordpress-multilingual-wp-all-import-addon","status":"publish","type":"product","link":"https:\/\/gpl-love.com\/es\/producto\/wpml-wordpress-multilingual-wp-all-import-addon\/","title":{"rendered":"WPML WordPress Multilingual WP All Import Addon 2.3.2"},"content":{"rendered":"<h3>WPML WordPress Multilingual WP All Import Addon Caracteristicas<\/h3>\n<p>El WPML WordPress Multilingual WP de importaci\u00f3n se presenta como una herramienta muy potente, una que otorga a los usuarios la capacidad de importar y exportar contenido de manera competente en varios idiomas. Este complemento se integra perfectamente con el complemento WPML, lo que permite a los usuarios traducir sin problemas su contenido en una variedad de idiomas diferentes y importarlo sin problemas a su sitio de WordPress. Adem\u00e1s, el WPML WordPress multiling\u00fce WP de importaci\u00f3n de importaci\u00f3n otorga a los usuarios la notable capacidad de importar archivos CSV, XML y Excel, facilitando as\u00ed la adici\u00f3n r\u00e1pida y sin esfuerzo de contenido fresco a su sitio o la modificaci\u00f3n perfecta del contenido existente. Adem\u00e1s, el complemento proporciona funcionalidades avanzadas, como asignaciones de campo personalizadas, la programaci\u00f3n de las importaciones y la capacidad de importar im\u00e1genes y otros archivos multimedia. Independientemente de si uno est\u00e1 administrando un sitio web multiling\u00fce o simplemente requiere la importaci\u00f3n de contenido en varios idiomas, el WPML WordPress multiling\u00fce WP de la importaci\u00f3n, sin duda, surge como una herramienta indispensable para cualquier sitio de WordPress.<\/p>\n<ul>\n<li>Habilita la importaci\u00f3n de contenido multiling\u00fce f\u00e1cil a WordPress<\/li>\n<li>Funciona sin problemas con el complemento WPML<\/li>\n<li>Admite varios formatos de archivo, incluidos CSV, Excel y XML<\/li>\n<li>Puede importar contenido para varios idiomas a la vez<\/li>\n<li>Ofrece opciones avanzadas de filtrado y mapeo<\/li>\n<li>Proporciona registros de importaci\u00f3n detallados e informes de errores<\/li>\n<li>Ayuda a mantener la consistencia y la precisi\u00f3n de las traducciones<\/li>\n<li>Ahorra tiempo y esfuerzo para propietarios de sitios web, traductores y creadores de contenido<\/li>\n<li>Actualizado continuamente y compatible con WP All Import Team<\/li>\n<\/ul>\n","protected":false},"excerpt":{"rendered":"<p>El WPML WordPress Multilingual WP All Import Addon es una herramienta muy robusta y efectiva que tiene el prop\u00f3sito de facilitar la importaci\u00f3n sin esfuerzo de contenido multiling\u00fce en su sitio web de WordPress. Le otorga la notable capacidad de importar una amplia gama de contenido que incluye publicaciones, p\u00e1ginas, campos personalizados y varios otros tipos de contenido, todo al tiempo que garantiza que los atributos espec\u00edficos del lenguaje de su contenido permanezcan intactos. A trav\u00e9s de la utilizaci\u00f3n de este complemento excepcional, podr\u00e1 administrar y manejar el contenido multiling\u00fce sin esfuerzo en su sitio de WordPress, otorgando as\u00ed a a sus usuarios una experiencia multiling\u00fce perfecta e incomparable.<\/p>\n","protected":false},"featured_media":168534,"comment_status":"open","ping_status":"open","template":"","meta":[],"product_brand":[2353],"product_cat":[1220,1206,1211],"product_tag":[1451],"class_list":{"0":"post-121737","1":"product","2":"type-product","3":"status-publish","4":"has-post-thumbnail","6":"product_brand-wpml","7":"product_cat-multi-lenguaje","8":"product_cat-plugins","9":"product_cat-wordpress-plugins","10":"product_tag-wpml","11":"member-discount","12":"discount-restricted","14":"first","15":"instock","16":"sale","17":"downloadable","18":"virtual","19":"sold-individually","20":"purchasable","21":"product-type-simple"},"_links":{"self":[{"href":"https:\/\/gpl-love.com\/es\/wp-json\/wp\/v2\/product\/121737","targetHints":{"allow":["GET"]}}],"collection":[{"href":"https:\/\/gpl-love.com\/es\/wp-json\/wp\/v2\/product"}],"about":[{"href":"https:\/\/gpl-love.com\/es\/wp-json\/wp\/v2\/types\/product"}],"replies":[{"embeddable":true,"href":"https:\/\/gpl-love.com\/es\/wp-json\/wp\/v2\/comments?post=121737"}],"wp:featuredmedia":[{"embeddable":true,"href":"https:\/\/gpl-love.com\/es\/wp-json\/wp\/v2\/media\/168534"}],"wp:attachment":[{"href":"https:\/\/gpl-love.com\/es\/wp-json\/wp\/v2\/media?parent=121737"}],"wp:term":[{"taxonomy":"product_brand","embeddable":true,"href":"https:\/\/gpl-love.com\/es\/wp-json\/wp\/v2\/product_brand?post=121737"},{"taxonomy":"product_cat","embeddable":true,"href":"https:\/\/gpl-love.com\/es\/wp-json\/wp\/v2\/product_cat?post=121737"},{"taxonomy":"product_tag","embeddable":true,"href":"https:\/\/gpl-love.com\/es\/wp-json\/wp\/v2\/product_tag?post=121737"}],"curies":[{"name":"wp","href":"https:\/\/api.w.org\/{rel}","templated":true}]}}