{"id":121735,"date":"2021-08-20T00:00:00","date_gmt":"2021-08-20T05:00:00","guid":{"rendered":"https:\/\/gpl-love.com\/es\/producto\/wpml-wordpress-multilingual-translation-management-addon\/"},"modified":"2026-03-09T08:31:48","modified_gmt":"2026-03-09T13:31:48","slug":"wpml-wordpress-multilingual-translation-management-addon","status":"publish","type":"product","link":"https:\/\/gpl-love.com\/es\/producto\/wpml-wordpress-multilingual-translation-management-addon\/","title":{"rendered":"WPML WordPress Multilingual Translation Management Addon 2.10.8"},"content":{"rendered":"<h3>WPML WordPress Multilingual Translation Management Addon Caracteristicas<\/h3>\n<p>El complemento WPML WordPress Multilingual Translation Management, una herramienta excepcionalmente robusta, sirve como un activo valioso tanto para los propietarios de sitios web como para los desarrolladores para crear y supervisar sin esfuerzo sitios multiling\u00fces. Este notable complemento faculta a los individuos para traducir efectivamente el contenido de todo su sitio, incluidos p\u00e1ginas, publicaciones, men\u00fas, widgets y otros elementos vitales del sitio. Coexiste armoniosamente con todos los temas y complementos de WordPress, otorgando a los usuarios la libertad de colaborar con servicios de traducci\u00f3n profesional o emprender independientemente el proceso de traducci\u00f3n en s\u00ed mismos. Adem\u00e1s, este complemento extraordinario incorpora un sistema de gesti\u00f3n de traducci\u00f3n que organiza y rige expertamente las traducciones, acomodando as\u00ed varios idiomas y flujos de trabajo de traducci\u00f3n. Al incorporar el complemento de gesti\u00f3n de traducci\u00f3n multiling\u00fce WPML WordPress, uno puede proporcionar f\u00e1cilmente a sus visitantes una experiencia de usuario perfecta e incomparable, al tiempo que mejora sus esfuerzos de optimizaci\u00f3n de motores de b\u00fasqueda y ampl\u00eda su alcance global.<\/p>\n<ul>\n<li>Proporciona una experiencia de gesti\u00f3n de traducci\u00f3n perfecta para sitios web multiling\u00fces de WordPress.<\/li>\n<li>Apoya la traducci\u00f3n de p\u00e1ginas, publicaciones, tipos de publicaciones personalizadas, taxonom\u00edas, men\u00fas y m\u00e1s.<\/li>\n<li>Se integra con servicios de traducci\u00f3n de terceros para un proceso simplificado.<\/li>\n<li>Permite la traducci\u00f3n manual o las traducciones autom\u00e1ticas con la opci\u00f3n de editar para obtener precisi\u00f3n.<\/li>\n<li>Proporciona un conmutador de idiomas para que los visitantes naveguen f\u00e1cilmente entre versiones traducidas del sitio web.<\/li>\n<li>Ofrece compatibilidad con temas y complementos populares de WordPress.<\/li>\n<li>Proporciona la capacidad de administrar traducciones con m\u00faltiples usuarios y asignar tareas de traducci\u00f3n.<\/li>\n<li>Incluye caracter\u00edsticas avanzadas de gesti\u00f3n de traducci\u00f3n como memoria de traducci\u00f3n y traducci\u00f3n autom\u00e1tica.<\/li>\n<li>Proporciona acceso a servicios de traducci\u00f3n profesional a trav\u00e9s de la red de servicios de traducci\u00f3n WPML.<\/li>\n<\/ul>\n","protected":false},"excerpt":{"rendered":"<p>El complemento WPML WordPress Multilingual Translation Management es una herramienta excepcionalmente potente dise\u00f1ada para facilitar la expansi\u00f3n del alcance de su sitio web a una audiencia global. A trav\u00e9s de la utilizaci\u00f3n de este notable complemento, se le otorga la capacidad de traducir sin esfuerzo el contenido de su sitio en numerosos idiomas, administrar las traducciones y afirmar el control sobre las personas que pueden acceder a traducciones distintas. El proceso de traducci\u00f3n se simplifica y se vuelve notablemente sin esfuerzo por la implementaci\u00f3n de una interfaz intuitiva y f\u00e1cil de usar, aliviando as\u00ed la ardua tarea de proporcionar a su sitio en m\u00faltiples idiomas para el placer y la conveniencia de su audiencia diversa. Ya sea que sea una corporaci\u00f3n ambiciosa que busca ampliar sus horizontes o un aspirante a blogger que se esfuerza por forjar conexiones con lectores extranjeros, tenga la seguridad de que el complemento de gesti\u00f3n de traducci\u00f3n multiling\u00fce WPML se ha creado meticulosamente para satisfacer sus requisitos espec\u00edficos y garantizar su m\u00e1xima satisfacci\u00f3n.<\/p>\n","protected":false},"featured_media":168533,"comment_status":"open","ping_status":"open","template":"","meta":[],"product_brand":[2353],"product_cat":[1220,1206,1211],"product_tag":[1451],"class_list":{"0":"post-121735","1":"product","2":"type-product","3":"status-publish","4":"has-post-thumbnail","6":"product_brand-wpml","7":"product_cat-multi-lenguaje","8":"product_cat-plugins","9":"product_cat-wordpress-plugins","10":"product_tag-wpml","11":"member-discount","12":"discount-restricted","14":"first","15":"instock","16":"sale","17":"downloadable","18":"virtual","19":"sold-individually","20":"purchasable","21":"product-type-simple"},"_links":{"self":[{"href":"https:\/\/gpl-love.com\/es\/wp-json\/wp\/v2\/product\/121735","targetHints":{"allow":["GET"]}}],"collection":[{"href":"https:\/\/gpl-love.com\/es\/wp-json\/wp\/v2\/product"}],"about":[{"href":"https:\/\/gpl-love.com\/es\/wp-json\/wp\/v2\/types\/product"}],"replies":[{"embeddable":true,"href":"https:\/\/gpl-love.com\/es\/wp-json\/wp\/v2\/comments?post=121735"}],"wp:featuredmedia":[{"embeddable":true,"href":"https:\/\/gpl-love.com\/es\/wp-json\/wp\/v2\/media\/168533"}],"wp:attachment":[{"href":"https:\/\/gpl-love.com\/es\/wp-json\/wp\/v2\/media?parent=121735"}],"wp:term":[{"taxonomy":"product_brand","embeddable":true,"href":"https:\/\/gpl-love.com\/es\/wp-json\/wp\/v2\/product_brand?post=121735"},{"taxonomy":"product_cat","embeddable":true,"href":"https:\/\/gpl-love.com\/es\/wp-json\/wp\/v2\/product_cat?post=121735"},{"taxonomy":"product_tag","embeddable":true,"href":"https:\/\/gpl-love.com\/es\/wp-json\/wp\/v2\/product_tag?post=121735"}],"curies":[{"name":"wp","href":"https:\/\/api.w.org\/{rel}","templated":true}]}}