{"id":121731,"date":"2026-02-26T00:00:00","date_gmt":"2026-02-26T05:00:00","guid":{"rendered":"https:\/\/gpl-love.com\/es\/producto\/wpml-wordpress-multilingual-string-translation-addon\/"},"modified":"2026-03-09T08:31:46","modified_gmt":"2026-03-09T13:31:46","slug":"wpml-wordpress-multilingual-string-translation-addon","status":"publish","type":"product","link":"https:\/\/gpl-love.com\/es\/producto\/wpml-wordpress-multilingual-string-translation-addon\/","title":{"rendered":"WPML WordPress Multilingual String Translation Addon 3.5.1"},"content":{"rendered":"<h3>WPML WordPress Multilingual String Translation Addon Caracteristicas<\/h3>\n<p>El complemento de traducci\u00f3n de cadenas multiling\u00fce WPML WordPress, conocido por sus capacidades robustas, se ha desarrollado con la intenci\u00f3n de facilitar el procedimiento de traducci\u00f3n para los sitios web de WordPress. Este notable complemento faculta a los usuarios para traducir sin esfuerzo una variedad de elementos textuales dentro de su sitio web de WordPress, que abarca men\u00fas, widgets y otros componentes que constituyen la interfaz de usuario. Adem\u00e1s de su versatilidad, este complemento se integra perfectamente con una multitud de servicios de traducci\u00f3n, incluidas plataformas aclamadas como Google Translate y Lingotek, acomodando as\u00ed la traducci\u00f3n de contenido en varios idiomas. En virtud del complemento de traducci\u00f3n multiling\u00fce de WordPress WordPress WordPress inmensamente ingenioso, los propietarios de sitios web pueden administrar efectivamente un sitio web multiling\u00fce, otorgando as\u00ed a su audiencia internacional una experiencia de usuario incomparable de la m\u00e1xima perfecci\u00f3n.<\/p>\n<ul>\n<li>Mejora la funcionalidad de WPML al permitir la traducci\u00f3n de cadenas individuales dentro de un sitio web<\/li>\n<li>Se integra sin problemas con el complemento WPML para facilitar el uso<\/li>\n<li>Admite m\u00faltiples idiomas, incluidos scripts y conjuntos de caracteres complejos<\/li>\n<li>Permite traducciones personalizadas de elementos de men\u00fa, textos de temas y complementos, y contenido general del sitio<\/li>\n<li>Habilita la traducci\u00f3n de cadenas no translatables, como las que contienen marcado HTML o marcadores de posici\u00f3n<\/li>\n<li>Proporciona herramientas para administrar traducciones en m\u00faltiples proyectos y miembros del equipo.<\/li>\n<li>Ofrece una interfaz de usuario intuitiva para el flujo de trabajo de traducci\u00f3n optimizado<\/li>\n<li>Actualizado regularmente con correcciones de errores y nuevas caracter\u00edsticas<\/li>\n<li>Compatible con la mayor\u00eda de los temas y complementos de WordPress<\/li>\n<li>Ofrece capacidades de traducci\u00f3n a nivel profesional a un precio asequible.<\/li>\n<\/ul>\n","protected":false},"excerpt":{"rendered":"<p>El complemento de traducci\u00f3n de cadenas multiling\u00fce WPML WordPress, reconocido por su rendimiento excepcional, sirve como un activo invaluable para las personas que se esfuerzan por mejorar los aspectos multiling\u00fces de su sitio web. Este complemento notablemente robusto funciona al facilitar la traducci\u00f3n de cadenas de texto dentro del tema de WordPress y los archivos de complementos, lo que garantiza que el sitio se muestra en el idioma m\u00e1s adecuado para cada usuario. Con una interfaz f\u00e1cil de usar, as\u00ed como capacidades de traducci\u00f3n formidables, el complemento de traducci\u00f3n de cadenas multiling\u00fce WPML WordPress demuestra ser un aliado indispensable para aquellos que buscan ampliar los horizontes de su sitio web y atender a una audiencia global.<\/p>\n","protected":false},"featured_media":168531,"comment_status":"open","ping_status":"open","template":"","meta":[],"product_brand":[2353],"product_cat":[1220,1206,1211],"product_tag":[1451],"class_list":{"0":"post-121731","1":"product","2":"type-product","3":"status-publish","4":"has-post-thumbnail","6":"product_brand-wpml","7":"product_cat-multi-lenguaje","8":"product_cat-plugins","9":"product_cat-wordpress-plugins","10":"product_tag-wpml","11":"member-discount","12":"discount-restricted","14":"first","15":"instock","16":"sale","17":"downloadable","18":"virtual","19":"sold-individually","20":"purchasable","21":"product-type-simple"},"_links":{"self":[{"href":"https:\/\/gpl-love.com\/es\/wp-json\/wp\/v2\/product\/121731","targetHints":{"allow":["GET"]}}],"collection":[{"href":"https:\/\/gpl-love.com\/es\/wp-json\/wp\/v2\/product"}],"about":[{"href":"https:\/\/gpl-love.com\/es\/wp-json\/wp\/v2\/types\/product"}],"replies":[{"embeddable":true,"href":"https:\/\/gpl-love.com\/es\/wp-json\/wp\/v2\/comments?post=121731"}],"wp:featuredmedia":[{"embeddable":true,"href":"https:\/\/gpl-love.com\/es\/wp-json\/wp\/v2\/media\/168531"}],"wp:attachment":[{"href":"https:\/\/gpl-love.com\/es\/wp-json\/wp\/v2\/media?parent=121731"}],"wp:term":[{"taxonomy":"product_brand","embeddable":true,"href":"https:\/\/gpl-love.com\/es\/wp-json\/wp\/v2\/product_brand?post=121731"},{"taxonomy":"product_cat","embeddable":true,"href":"https:\/\/gpl-love.com\/es\/wp-json\/wp\/v2\/product_cat?post=121731"},{"taxonomy":"product_tag","embeddable":true,"href":"https:\/\/gpl-love.com\/es\/wp-json\/wp\/v2\/product_tag?post=121731"}],"curies":[{"name":"wp","href":"https:\/\/api.w.org\/{rel}","templated":true}]}}