{"id":121729,"date":"2021-02-09T00:00:00","date_gmt":"2021-02-09T05:00:00","guid":{"rendered":"https:\/\/gpl-love.com\/es\/producto\/wpml-wordpress-multilingual-sticky-links-addon\/"},"modified":"2026-03-09T08:31:44","modified_gmt":"2026-03-09T13:31:44","slug":"wpml-wordpress-multilingual-sticky-links-addon","status":"publish","type":"product","link":"https:\/\/gpl-love.com\/es\/producto\/wpml-wordpress-multilingual-sticky-links-addon\/","title":{"rendered":"WPML WordPress Multilingual Sticky Links AddOn 1.5.4"},"content":{"rendered":"<h3>WPML WordPress Multilingual Sticky Links AddOn Caracteristicas<\/h3>\n<p>El complemento WPML WordPress multiling\u00fce de enlaces adhesivos, conocido por sus capacidades robustas, sirve como un complemento notable que permite a los usuarios generar enlaces adhesivos multiling\u00fces dentro del \u00e1mbito de su sitio web de WordPress. La belleza de este complemento radica en su capacidad para crear sin esfuerzo enlaces pegajosos que permanecen persistentemente visibles, independientemente de la medida en que se ha desplazado una p\u00e1gina. Adem\u00e1s, este complemento excepcional se integra sin problemas con el complemento multiling\u00fce WPML, facilitando as\u00ed la simple creaci\u00f3n de enlaces en varios idiomas para atender a una audiencia global. Sin lugar a dudas, este complemento se erige como la soluci\u00f3n por excelencia para las personas que anhelan mejorar la experiencia de usuario de su sitio web y ampliar su alcance a una audiencia m\u00e1s diversa. Adem\u00e1s, la instalaci\u00f3n y la utilizaci\u00f3n de este complemento son incre\u00edblemente f\u00e1ciles de usar, lo que lo convierte en una opci\u00f3n espl\u00e9ndida tanto para novatos como para usuarios experimentados.<\/p>\n<ul>\n<li>Permite a los usuarios agregar enlaces pegajosos traducidos a su sitio de WordPress<\/li>\n<li>Funciona sin problemas con el complemento WPML<\/li>\n<li>Aumenta UX haciendo que la navegaci\u00f3n sea f\u00e1cil para sitios multiling\u00fces<\/li>\n<li>Admite m\u00faltiples idiomas para enlaces pegajosos<\/li>\n<li>F\u00e1cil de instalar y configurar en sitios de WordPress<\/li>\n<li>Compatible con todos los principales temas y complementos de WordPress<\/li>\n<li>Proporciona a los visitantes contenido relacionado y traducido en todo momento<\/li>\n<li>No se necesita experiencia de codificaci\u00f3n para usar el complemento<\/li>\n<li>Aumenta el tr\u00e1fico del sitio web de pa\u00edses que no hablan ingl\u00e9s<\/li>\n<li>Actualizaciones frecuentes y soporte del equipo WPML<\/li>\n<\/ul>\n","protected":false},"excerpt":{"rendered":"<p>El complemento WPML WordPress multiling\u00fce de enlaces adhesivos es una herramienta incre\u00edblemente \u00fatil para sitios web que satisfacen m\u00faltiples idiomas. Su funcionalidad es tan impresionante que garantiza la preservaci\u00f3n de la especificidad e identificaci\u00f3n del lenguaje para enlaces pegajosos en su sitio web, sin importar el lenguaje que se vea. Ya sea que est\u00e9 administrando un sitio corporativo, un blog o una tienda en l\u00ednea, este complemento tiene la capacidad de mejorar la experiencia del usuario al hacer que su sitio sea f\u00e1cil de navegar, independientemente del idioma que sus lectores hablen. Al instalar este complemento, su sitio multiling\u00fce de WordPress tiene el potencial de superar a sus competidores y asegurarse de que sus lectores sigan cautivados por su contenido. Eleve la experiencia de su sitio web hoy invirtiendo en el excepcional complemento WPML WordPress multiling\u00fce de enlaces adhesivos.<\/p>\n","protected":false},"featured_media":168530,"comment_status":"open","ping_status":"open","template":"","meta":[],"product_brand":[2353],"product_cat":[1220,1206,1211],"product_tag":[1451],"class_list":{"0":"post-121729","1":"product","2":"type-product","3":"status-publish","4":"has-post-thumbnail","6":"product_brand-wpml","7":"product_cat-multi-lenguaje","8":"product_cat-plugins","9":"product_cat-wordpress-plugins","10":"product_tag-wpml","11":"member-discount","12":"discount-restricted","14":"first","15":"instock","16":"sale","17":"downloadable","18":"virtual","19":"sold-individually","20":"purchasable","21":"product-type-simple"},"_links":{"self":[{"href":"https:\/\/gpl-love.com\/es\/wp-json\/wp\/v2\/product\/121729","targetHints":{"allow":["GET"]}}],"collection":[{"href":"https:\/\/gpl-love.com\/es\/wp-json\/wp\/v2\/product"}],"about":[{"href":"https:\/\/gpl-love.com\/es\/wp-json\/wp\/v2\/types\/product"}],"replies":[{"embeddable":true,"href":"https:\/\/gpl-love.com\/es\/wp-json\/wp\/v2\/comments?post=121729"}],"wp:featuredmedia":[{"embeddable":true,"href":"https:\/\/gpl-love.com\/es\/wp-json\/wp\/v2\/media\/168530"}],"wp:attachment":[{"href":"https:\/\/gpl-love.com\/es\/wp-json\/wp\/v2\/media?parent=121729"}],"wp:term":[{"taxonomy":"product_brand","embeddable":true,"href":"https:\/\/gpl-love.com\/es\/wp-json\/wp\/v2\/product_brand?post=121729"},{"taxonomy":"product_cat","embeddable":true,"href":"https:\/\/gpl-love.com\/es\/wp-json\/wp\/v2\/product_cat?post=121729"},{"taxonomy":"product_tag","embeddable":true,"href":"https:\/\/gpl-love.com\/es\/wp-json\/wp\/v2\/product_tag?post=121729"}],"curies":[{"name":"wp","href":"https:\/\/api.w.org\/{rel}","templated":true}]}}