{"id":121727,"date":"2026-02-05T00:00:00","date_gmt":"2026-02-05T05:00:00","guid":{"rendered":"https:\/\/gpl-love.com\/es\/producto\/wpml-wordpress-multilingual-media-addon\/"},"modified":"2026-03-09T08:31:43","modified_gmt":"2026-03-09T13:31:43","slug":"wpml-wordpress-multilingual-media-addon","status":"publish","type":"product","link":"https:\/\/gpl-love.com\/es\/producto\/wpml-wordpress-multilingual-media-addon\/","title":{"rendered":"WPML WordPress Multilingual Media Addon 3.1.0"},"content":{"rendered":"<h3>WPML WordPress Multilingual Media Addon Caracteristicas<\/h3>\n<p>El complemento de medios multiling\u00fce WPML WordPress, una herramienta notablemente robusta, sirve como un recurso invaluable para los usuarios que buscan generar y supervisar el contenido multiling\u00fce en sus sitios web de WordPress. Al integrarse sin problemas con WordPress, este complemento ofrece a los usuarios la capacidad de traducir de manera competente im\u00e1genes, videos y otros archivos multimedia en m\u00faltiples idiomas, facilitando as\u00ed la expansi\u00f3n sin esfuerzo de su audiencia. Los usuarios pueden participar sin esfuerzo en los procesos de carga, traducci\u00f3n y publicaci\u00f3n de archivos multimedia en diversos idiomas con la ayuda de esta herramienta. Con su naturaleza f\u00e1cil de usar, el complemento de medios multiling\u00fce WPML WordPress cuenta con una interfaz sin complicaciones, asegurando que la tarea de traducir archivos multimedia siga siendo r\u00e1pida y f\u00e1cil. En su totalidad, poseer este complemento es una necesidad absoluta para que cualquier propietario del sitio web de WordPress que anhele ampliar su horizonte y cautivar a una audiencia global.<\/p>\n<ul>\n<li>Habilita el uso del complemento WPML para archivos multimedia<\/li>\n<li>Proporciona una traducci\u00f3n perfecta de im\u00e1genes, videos y otros medios<\/li>\n<li>Admite m\u00faltiples idiomas y permite una f\u00e1cil gesti\u00f3n de traducciones<\/li>\n<li>Compatible con temas y complementos populares de WordPress<\/li>\n<li>Administraci\u00f3n de sitios web de l\u00ednea de l\u00ednea para sitios multiling\u00fces<\/li>\n<li>F\u00e1cil instalaci\u00f3n y configuraci\u00f3n, con interfaz f\u00e1cil de usar<\/li>\n<li>Equipo de soporte dedicado disponible para asistencia y soluci\u00f3n de problemas<\/li>\n<li>Actualizaciones y mejoras regulares para un rendimiento y funcionalidad \u00f3ptimos<\/li>\n<\/ul>\n","protected":false},"excerpt":{"rendered":"<p>El complemento de medios multiling\u00fce WPML WordPress es una herramienta altamente sofisticada que ofrece a los propietarios de sitios web una soluci\u00f3n conveniente para implementar la funcionalidad multiling\u00fce para sus archivos multimedia. Al utilizar este complemento robusto, los usuarios est\u00e1n facultados para traducir sin esfuerzo varios tipos de contenido de medios, como im\u00e1genes, videos, archivos de audio y m\u00e1s, en diferentes idiomas. Esta notable herramienta es totalmente compatible con todos los principales temas y complementos de WordPress, lo que garantiza una integraci\u00f3n suave con el sistema de gesti\u00f3n de traducci\u00f3n WPML. Al aprovechar esta herramienta eficiente y f\u00e1cil de usar, los propietarios de sitios web pueden mejorar significativamente la experiencia general del usuario de sus sitios web multiling\u00fces al proporcionar un acceso perfecto al contenido relevante en el lenguaje preferido de sus visitantes. Eleve las capacidades ling\u00fc\u00edsticas de su sitio web adquiriendo el complemento de medios multiling\u00fce WPML WordPress y lo impulse a nuevas alturas de multiling\u00fcismo.<\/p>\n","protected":false},"featured_media":168529,"comment_status":"open","ping_status":"open","template":"","meta":[],"product_brand":[2353],"product_cat":[1220,1206,1211],"product_tag":[1451],"class_list":{"0":"post-121727","1":"product","2":"type-product","3":"status-publish","4":"has-post-thumbnail","6":"product_brand-wpml","7":"product_cat-multi-lenguaje","8":"product_cat-plugins","9":"product_cat-wordpress-plugins","10":"product_tag-wpml","11":"member-discount","12":"discount-restricted","14":"first","15":"instock","16":"sale","17":"downloadable","18":"virtual","19":"sold-individually","20":"purchasable","21":"product-type-simple"},"_links":{"self":[{"href":"https:\/\/gpl-love.com\/es\/wp-json\/wp\/v2\/product\/121727","targetHints":{"allow":["GET"]}}],"collection":[{"href":"https:\/\/gpl-love.com\/es\/wp-json\/wp\/v2\/product"}],"about":[{"href":"https:\/\/gpl-love.com\/es\/wp-json\/wp\/v2\/types\/product"}],"replies":[{"embeddable":true,"href":"https:\/\/gpl-love.com\/es\/wp-json\/wp\/v2\/comments?post=121727"}],"wp:featuredmedia":[{"embeddable":true,"href":"https:\/\/gpl-love.com\/es\/wp-json\/wp\/v2\/media\/168529"}],"wp:attachment":[{"href":"https:\/\/gpl-love.com\/es\/wp-json\/wp\/v2\/media?parent=121727"}],"wp:term":[{"taxonomy":"product_brand","embeddable":true,"href":"https:\/\/gpl-love.com\/es\/wp-json\/wp\/v2\/product_brand?post=121727"},{"taxonomy":"product_cat","embeddable":true,"href":"https:\/\/gpl-love.com\/es\/wp-json\/wp\/v2\/product_cat?post=121727"},{"taxonomy":"product_tag","embeddable":true,"href":"https:\/\/gpl-love.com\/es\/wp-json\/wp\/v2\/product_tag?post=121727"}],"curies":[{"name":"wp","href":"https:\/\/api.w.org\/{rel}","templated":true}]}}