{"id":121723,"date":"2024-06-29T00:00:00","date_gmt":"2024-06-29T05:00:00","guid":{"rendered":"https:\/\/gpl-love.com\/es\/producto\/wpml-wordpress-multilingual-contact-form-7-addon\/"},"modified":"2026-03-09T08:31:41","modified_gmt":"2026-03-09T13:31:41","slug":"wpml-wordpress-multilingual-contact-form-7-addon","status":"publish","type":"product","link":"https:\/\/gpl-love.com\/es\/producto\/wpml-wordpress-multilingual-contact-form-7-addon\/","title":{"rendered":"WPML WordPress Multilingual Contact Form 7 Addon 1.3.1"},"content":{"rendered":"<h3>WPML WordPress Multilingual Contact Form 7 Addon Caracteristicas<\/h3>\n<p>El complemento WPML WordPress Multilingual Contact Form 7 proporciona una gran cantidad de capacidades que capacitan a los propietarios de sitios web con la capacidad de generar y supervisar sin esfuerzo los formularios de contacto multiling\u00fces. A trav\u00e9s de la integraci\u00f3n de este potente complemento, los usuarios obtienen la capacidad de traducir sin problemas sus formas de contacto en una multitud de idiomas, lo que les permite extender su alcance a un espectro m\u00e1s amplio de individuos y ofrecer una experiencia de usuario mejorada. Adem\u00e1s, el complemento WPML WordPress Multilingual Contact Form 7 cuenta con un proceso de instalaci\u00f3n directo y una interfaz f\u00e1cil de usar, acompa\u00f1ada de una amplia gama de plantillas y configuraciones personalizables que se pueden adaptar para cumplir con los requisitos \u00fanicos de cualquier sitio web. Independientemente de si uno est\u00e1 administrando un sitio web comercial compacto o una plataforma de comercio electr\u00f3nico en expansi\u00f3n, este complemento invaluable sirve como un activo indispensable que aumenta la funcionalidad del sitio y fomenta la participaci\u00f3n del usuario aumentada.<\/p>\n<ul>\n<li>Integre perfectamente el Formulario de contacto 7 con WPML<\/li>\n<li>Permite la traducci\u00f3n f\u00e1cil de los formularios del Formulario 7 de contacto<\/li>\n<li>Admite m\u00faltiples idiomas y permite a los usuarios cambiar entre ellos<\/li>\n<li>Selector de idiomas personalizable para que coincida con el dise\u00f1o de su sitio web<\/li>\n<li>Detecci\u00f3n de lenguaje autom\u00e1tico basado en la configuraci\u00f3n del navegador del usuario<\/li>\n<li>Incluye herramientas de gesti\u00f3n de traducci\u00f3n para un flujo de trabajo eficiente<\/li>\n<li>Compatible con las \u00faltimas versiones de WordPress y WPML<\/li>\n<li>Ligero y optimizado para la velocidad para minimizar el impacto en el rendimiento del sitio<\/li>\n<li>Interfaz f\u00e1cil de usar para una f\u00e1cil configuraci\u00f3n y administraci\u00f3n.<\/li>\n<\/ul>\n","protected":false},"excerpt":{"rendered":"<p>El complemento WPML WordPress Multilingual Contact Form 7 sirve como un instrumento altamente eficiente y efectivo que ha sido dise\u00f1ado y desarrollado expertos con el objetivo principal de simplificar el proceso de crear formas de contacto multiling\u00fces en su sitio de WordPress. Al integrar este complemento, obtiene la capacidad de traducir de manera competente y de manera precisa todos sus campos de formulario y mensajes en una multitud de idiomas, lo que permite que sus visitantes estimados se comuniquen sin esfuerzo en el idioma con el que sean m\u00e1s c\u00f3modos y m\u00e1s fluidos. en. Este complemento no solo es notablemente f\u00e1cil de usar, sino que tambi\u00e9n se integra sin problemas con WPML, que es ampliamente reconocido y estimado como uno de los complementos de traducci\u00f3n de WordPress m\u00e1s utilizados y respetados que existen. Independientemente de si est\u00e1 operando una empresa centrada localmente o un sitio web orientado internacionalmente, el complemento de contacto multiling\u00fce de WordPress WPML tiene la capacidad inherente de facilitar y fomentar efectivamente la comunicaci\u00f3n entre usted y sus visitantes valiosos, independientemente del lenguaje que prefieran que prefieran utilizar y participar.<\/p>\n","protected":false},"featured_media":168527,"comment_status":"open","ping_status":"open","template":"","meta":[],"product_brand":[2353],"product_cat":[1216,1206,1211],"product_tag":[1451],"class_list":{"0":"post-121723","1":"product","2":"type-product","3":"status-publish","4":"has-post-thumbnail","6":"product_brand-wpml","7":"product_cat-formas","8":"product_cat-plugins","9":"product_cat-wordpress-plugins","10":"product_tag-wpml","11":"member-discount","12":"discount-restricted","14":"first","15":"instock","16":"sale","17":"downloadable","18":"virtual","19":"sold-individually","20":"purchasable","21":"product-type-simple"},"_links":{"self":[{"href":"https:\/\/gpl-love.com\/es\/wp-json\/wp\/v2\/product\/121723","targetHints":{"allow":["GET"]}}],"collection":[{"href":"https:\/\/gpl-love.com\/es\/wp-json\/wp\/v2\/product"}],"about":[{"href":"https:\/\/gpl-love.com\/es\/wp-json\/wp\/v2\/types\/product"}],"replies":[{"embeddable":true,"href":"https:\/\/gpl-love.com\/es\/wp-json\/wp\/v2\/comments?post=121723"}],"wp:featuredmedia":[{"embeddable":true,"href":"https:\/\/gpl-love.com\/es\/wp-json\/wp\/v2\/media\/168527"}],"wp:attachment":[{"href":"https:\/\/gpl-love.com\/es\/wp-json\/wp\/v2\/media?parent=121723"}],"wp:term":[{"taxonomy":"product_brand","embeddable":true,"href":"https:\/\/gpl-love.com\/es\/wp-json\/wp\/v2\/product_brand?post=121723"},{"taxonomy":"product_cat","embeddable":true,"href":"https:\/\/gpl-love.com\/es\/wp-json\/wp\/v2\/product_cat?post=121723"},{"taxonomy":"product_tag","embeddable":true,"href":"https:\/\/gpl-love.com\/es\/wp-json\/wp\/v2\/product_tag?post=121723"}],"curies":[{"name":"wp","href":"https:\/\/api.w.org\/{rel}","templated":true}]}}