{"id":121721,"date":"2021-02-09T00:00:00","date_gmt":"2021-02-09T05:00:00","guid":{"rendered":"https:\/\/gpl-love.com\/es\/producto\/wpml-wordpress-multilingual-compatibility-test-tools-addon\/"},"modified":"2026-03-09T08:31:40","modified_gmt":"2026-03-09T13:31:40","slug":"wpml-wordpress-multilingual-compatibility-test-tools-addon","status":"publish","type":"product","link":"https:\/\/gpl-love.com\/es\/producto\/wpml-wordpress-multilingual-compatibility-test-tools-addon\/","title":{"rendered":"WPML WordPress Multilingual Compatibility Test Tools Addon 1.0.1"},"content":{"rendered":"<h3>WPML WordPress Multilingual Compatibility Test Tools Addon Caracteristicas<\/h3>\n<p>El complemento WPML WordPress Multilingual Test Testing Tools, un complemento robusto dise\u00f1ado espec\u00edficamente para garantizar una compatibilidad completa entre su sitio web y WPML, un complemento multiling\u00fce muy popular para WordPress, es un activo invaluable. Al emplear este complemento excepcional, puede realizar pruebas de compatibilidad exhaustivas convenientemente en su sitio web, abordando r\u00e1pidamente cualquier problema que pueda surgir, garantizando as\u00ed una optimizaci\u00f3n \u00f3ptima para diversas audiencias multiling\u00fces. Ofreciendo una gama integral de herramientas de prueba invaluables, como el cambio de lenguaje, la detecci\u00f3n del idioma y el contenido espec\u00edfico del idioma, este complemento facilita la creaci\u00f3n perfecta de un sitio web verdaderamente inclusivo a nivel mundial. Independientemente de si usted es un blogger competente, un propietario de un negocio emprendedor o un desarrollador experimentado, el WPML WordPress Multiling\u00fce Compatity Tools Tools Addon es un instrumento indispensable para crear efectivamente un sitio web multiling\u00fce triunfante.<\/p>\n<ul>\n<li>Se integra sin problemas con el complemento WPML para proporcionar pruebas precisas de la compatibilidad multiling\u00fce.<\/li>\n<li>Admite una amplia gama de temas y complementos para garantizar pruebas integrales para cualquier sitio de WordPress.<\/li>\n<li>Prueba todos los aspectos clave de la compatibilidad multiling\u00fce, incluidos los problemas de cambio de lenguaje, traducciones y codificaci\u00f3n.<\/li>\n<li>Genera informes detallados que destacan cualquier problema o conflicto encontrado durante las pruebas, lo que permite una f\u00e1cil resoluci\u00f3n de problemas y resoluci\u00f3n.<\/li>\n<li>La interfaz f\u00e1cil de usar facilita la ejecuci\u00f3n de pruebas e interpreta los resultados incluso para usuarios no t\u00e9cnicos.<\/li>\n<li>Las actualizaciones y el soporte regulares aseguran la compatibilidad continua y el rendimiento confiable.<\/li>\n<\/ul>\n","protected":false},"excerpt":{"rendered":"<p>El complemento WPML WordPress Multilingual Test Tools Addon es una herramienta indispensable para las personas que poseen un sitio web de WordPress y aspiran a garantizar que su sitio sea compatible con numerosos idiomas. Este complemento funciona sin problemas junto con WPML, lo que le permite evaluar la compatibilidad de su sitio con diversos idiomas, ayudando en \u00faltima instancia a la provisi\u00f3n de una experiencia m\u00e1s f\u00e1cil de usar para sus estimados visitantes. Gracias a su interfaz f\u00e1cil de usar y sus caracter\u00edsticas formidables, este complemento elimina efectivamente la molestia asociada con la optimizaci\u00f3n de su sitio web para varios idiomas. Entonces, \u00bfpor qu\u00e9 no intentarlo hoy y elevar la usabilidad global de su sitio de WordPress a alturas sin precedentes?<\/p>\n","protected":false},"featured_media":168526,"comment_status":"open","ping_status":"open","template":"","meta":[],"product_brand":[2353],"product_cat":[1220,1206,1211],"product_tag":[1451],"class_list":{"0":"post-121721","1":"product","2":"type-product","3":"status-publish","4":"has-post-thumbnail","6":"product_brand-wpml","7":"product_cat-multi-lenguaje","8":"product_cat-plugins","9":"product_cat-wordpress-plugins","10":"product_tag-wpml","11":"member-discount","12":"discount-restricted","14":"first","15":"instock","16":"sale","17":"downloadable","18":"virtual","19":"sold-individually","20":"purchasable","21":"product-type-simple"},"_links":{"self":[{"href":"https:\/\/gpl-love.com\/es\/wp-json\/wp\/v2\/product\/121721","targetHints":{"allow":["GET"]}}],"collection":[{"href":"https:\/\/gpl-love.com\/es\/wp-json\/wp\/v2\/product"}],"about":[{"href":"https:\/\/gpl-love.com\/es\/wp-json\/wp\/v2\/types\/product"}],"replies":[{"embeddable":true,"href":"https:\/\/gpl-love.com\/es\/wp-json\/wp\/v2\/comments?post=121721"}],"wp:featuredmedia":[{"embeddable":true,"href":"https:\/\/gpl-love.com\/es\/wp-json\/wp\/v2\/media\/168526"}],"wp:attachment":[{"href":"https:\/\/gpl-love.com\/es\/wp-json\/wp\/v2\/media?parent=121721"}],"wp:term":[{"taxonomy":"product_brand","embeddable":true,"href":"https:\/\/gpl-love.com\/es\/wp-json\/wp\/v2\/product_brand?post=121721"},{"taxonomy":"product_cat","embeddable":true,"href":"https:\/\/gpl-love.com\/es\/wp-json\/wp\/v2\/product_cat?post=121721"},{"taxonomy":"product_tag","embeddable":true,"href":"https:\/\/gpl-love.com\/es\/wp-json\/wp\/v2\/product_tag?post=121721"}],"curies":[{"name":"wp","href":"https:\/\/api.w.org\/{rel}","templated":true}]}}