{"id":121719,"date":"2026-03-03T00:00:00","date_gmt":"2026-03-03T05:00:00","guid":{"rendered":"https:\/\/gpl-love.com\/es\/producto\/wpml-wordpress-multilingual-cms-wordpress-plugin\/"},"modified":"2026-03-09T08:31:38","modified_gmt":"2026-03-09T13:31:38","slug":"wpml-wordpress-multilingual-cms-wordpress-plugin","status":"publish","type":"product","link":"https:\/\/gpl-love.com\/es\/producto\/wpml-wordpress-multilingual-cms-wordpress-plugin\/","title":{"rendered":"WPML WordPress Multilingual CMS WordPress Plugin 4.9.2"},"content":{"rendered":"<h3>WPML WordPress Multilingual CMS WordPress Plugin Caracteristicas<\/h3>\n<p>El complemento WPML WordPress Multilingual CMS WordPress, promocionado como una potencia en su dominio, se adapta a prop\u00f3sito para la facilitaci\u00f3n de la creaci\u00f3n de sitios web multiling\u00fces tanto por empresas como por personas por igual. Este notable complemento otorga a los usuarios la capacidad de traducir sin esfuerzo el contenido de su sitio web en una variedad de idiomas, ampliando as\u00ed su accesibilidad a un grupo demogr\u00e1fico m\u00e1s extenso. Con una gran cantidad de caracter\u00edsticas de vanguardia, como la traducci\u00f3n automatizada, los conmutadores de idiomas y las URL espec\u00edficas del idioma, WPML optimiza el proceso a menudo arduo de establecer y mantener un sitio web multiling\u00fce. Adem\u00e1s, su integraci\u00f3n perfecta con una multitud de otros complementos de WordPress aumenta a\u00fan m\u00e1s su versatilidad, lo que demuestra ser una opci\u00f3n \u00f3ptima para cualquier propietario del sitio web que busque extender su huella digital. Ya sea que las aspiraciones de uno implicen la gesti\u00f3n de un blog, un imperio de comercio electr\u00f3nico o un mero deseo de conectarse con una audiencia global, el complemento WPML WordPress multiling\u00fce WordPress WordPress surge indudablemente como un contendiente excepcional para la realizaci\u00f3n de un sitio web multiling\u00fce magn\u00edfico.<\/p>\n<ul>\n<li>Permite a los propietarios de sitios web crear contenido en varios idiomas en su sitio de WordPress<\/li>\n<li>Apoya m\u00e1s de 40 idiomas, incluidos los idiomas RTL (de derecha a izquierda), como el \u00e1rabe y el hebreo.<\/li>\n<li>Detecta autom\u00e1ticamente el lenguaje de cada visitante y muestra la versi\u00f3n de idioma apropiada del sitio web<\/li>\n<li>Proporciona un conmutador de idiomas personalizable para permitir a los visitantes elegir su idioma preferido en el sitio web<\/li>\n<li>Habilita la traducci\u00f3n de todo el contenido del sitio web, incluidas p\u00e1ginas, publicaciones, widgets, men\u00fas y tipos de publicaciones personalizadas.<\/li>\n<li>Funciona con temas y complementos populares de WordPress, incluidos WooCommerce y Yoast SEO<\/li>\n<li>Ofrece un sistema de gesti\u00f3n de traducci\u00f3n para administrar traducciones de traductores profesionales o incluso servicios de traducci\u00f3n autom\u00e1tica<\/li>\n<li>Proporciona soporte y actualizaciones para usuarios suscritos para garantizar que el complemento se mantenga actualizado con la \u00faltima versi\u00f3n de WordPress y parches de seguridad.<\/li>\n<\/ul>\n","protected":false},"excerpt":{"rendered":"<p>WPML WordPress Multiling\u00fce CMS WordPress Plugin, que es una herramienta indispensable para los propietarios de sitios web que tienen como objetivo expandir su alcance a una audiencia global, lo capacita con la capacidad de crear y supervisar el contenido multiling\u00fce en su sitio web de WordPress. No solo puede traducir sin problemas sus p\u00e1ginas, publicaciones e incluso tipos de publicaciones personalizados y taxonom\u00eda, sino que tambi\u00e9n puede aprovechar una extensa gama de herramientas de gesti\u00f3n de traducci\u00f3n incluidas en WPML. Estas herramientas facilitan la gesti\u00f3n simplificada de sus traducciones, asegurando que su contenido sea consistentemente preciso y actualizado. No importa si posee un peque\u00f1o blog o una colosal tienda de comercio electr\u00f3nico, como WPML atiende a todos, ofreciendo la soluci\u00f3n ideal para elaborar un sitio web multiling\u00fce que cautiva efectivamente y establece un v\u00ednculo con su p\u00fablico objetivo en su lengua materna.<\/p>\n","protected":false},"featured_media":168525,"comment_status":"open","ping_status":"open","template":"","meta":[],"product_brand":[2353],"product_cat":[1220,1206,1211],"product_tag":[1451],"class_list":{"0":"post-121719","1":"product","2":"type-product","3":"status-publish","4":"has-post-thumbnail","6":"product_brand-wpml","7":"product_cat-multi-lenguaje","8":"product_cat-plugins","9":"product_cat-wordpress-plugins","10":"product_tag-wpml","11":"member-discount","12":"discount-restricted","14":"first","15":"instock","16":"sale","17":"downloadable","18":"virtual","19":"sold-individually","20":"purchasable","21":"product-type-simple"},"_links":{"self":[{"href":"https:\/\/gpl-love.com\/es\/wp-json\/wp\/v2\/product\/121719","targetHints":{"allow":["GET"]}}],"collection":[{"href":"https:\/\/gpl-love.com\/es\/wp-json\/wp\/v2\/product"}],"about":[{"href":"https:\/\/gpl-love.com\/es\/wp-json\/wp\/v2\/types\/product"}],"replies":[{"embeddable":true,"href":"https:\/\/gpl-love.com\/es\/wp-json\/wp\/v2\/comments?post=121719"}],"wp:featuredmedia":[{"embeddable":true,"href":"https:\/\/gpl-love.com\/es\/wp-json\/wp\/v2\/media\/168525"}],"wp:attachment":[{"href":"https:\/\/gpl-love.com\/es\/wp-json\/wp\/v2\/media?parent=121719"}],"wp:term":[{"taxonomy":"product_brand","embeddable":true,"href":"https:\/\/gpl-love.com\/es\/wp-json\/wp\/v2\/product_brand?post=121719"},{"taxonomy":"product_cat","embeddable":true,"href":"https:\/\/gpl-love.com\/es\/wp-json\/wp\/v2\/product_cat?post=121719"},{"taxonomy":"product_tag","embeddable":true,"href":"https:\/\/gpl-love.com\/es\/wp-json\/wp\/v2\/product_tag?post=121719"}],"curies":[{"name":"wp","href":"https:\/\/api.w.org\/{rel}","templated":true}]}}