{"id":121717,"date":"2021-02-09T00:00:00","date_gmt":"2021-02-09T05:00:00","guid":{"rendered":"https:\/\/gpl-love.com\/es\/producto\/wpml-wordpress-multilingual-cms-navigation-addon\/"},"modified":"2026-03-09T08:31:37","modified_gmt":"2026-03-09T13:31:37","slug":"wpml-wordpress-multilingual-cms-navigation-addon","status":"publish","type":"product","link":"https:\/\/gpl-love.com\/es\/producto\/wpml-wordpress-multilingual-cms-navigation-addon\/","title":{"rendered":"WPML WordPress Multilingual CMS Navigation AddOn 1.5.5"},"content":{"rendered":"<h3>WPML WordPress Multilingual CMS Navigation AddOn Caracteristicas<\/h3>\n<p>El complemento de navegaci\u00f3n CMS multiling\u00fce WPML WordPress, una herramienta de potencia significativa, sirve para mejorar la experiencia de navegaci\u00f3n en su sitio web multiling\u00fce de WordPress. Al utilizar este complemento, obtiene la capacidad de construir men\u00fas de navegaci\u00f3n personalizados en varios idiomas que se integran sin esfuerzo con las capacidades de traducci\u00f3n de WPML. En consecuencia, los visitantes de su sitio web se les otorga la capacidad perfecta para navegar en su sitio en su lenguaje preferido, aumentando as\u00ed su experiencia de usuario y fomentando una mayor participaci\u00f3n. Con un proceso de instalaci\u00f3n y uso que es sin esfuerzo y directo, el complemento de navegaci\u00f3n CMS multiling\u00fce WPML WordPress demuestra que es la soluci\u00f3n ideal para cualquier sitio web multiling\u00fce de WordPress que busque refinar su navegaci\u00f3n.<\/p>\n<ul>\n<li>Permite a los propietarios de sitios web navegar f\u00e1cilmente entre diferentes versiones de idiomas de su sitio web.<\/li>\n<li>Se integra a la perfecci\u00f3n con WPML WordPress multiling\u00fce CMS<\/li>\n<li>Ofrece una variedad de opciones de navegaci\u00f3n, incluidos conmutadores de idiomas, banderas o men\u00fas desplegables<\/li>\n<li>Proporciona una interfaz f\u00e1cil de usar que es f\u00e1cil de configurar y personalizar<\/li>\n<li>Aumenta la experiencia del usuario y la participaci\u00f3n al proporcionar opciones de navegaci\u00f3n claras en el idioma preferido del usuario<\/li>\n<li>Mejora la visibilidad del sitio web en los motores de b\u00fasqueda al proporcionar URL espec\u00edficas de lenguaje y marcado del idioma<\/li>\n<li>Admite idiomas RTL (de derecha a izquierda), incluidos el \u00e1rabe y el hebreo<\/li>\n<li>Ofrece soporte t\u00e9cnico y actualizaciones para garantizar la compatibilidad con la \u00faltima versi\u00f3n de WordPress y WPML<\/li>\n<\/ul>\n","protected":false},"excerpt":{"rendered":"<p>Experiencia La navegaci\u00f3n de sitios web mejorada incorporando el complemento de navegaci\u00f3n CMS multiling\u00fce WPML WordPress, una herramienta notable que se integra perfectamente con WPML. Esta herramienta excepcional le permite construir men\u00fas de lenguaje espec\u00edficos sin esfuerzo, optimizar la navegaci\u00f3n del sitio para atender diversos idiomas y amplificar la usabilidad general de su audiencia internacional. Independientemente de si opera una empresa de comercio electr\u00f3nico o una plataforma de noticias en todo el mundo, el complemento de navegaci\u00f3n WPML seguramente aumentar\u00e1 la experiencia del usuario y impulsar\u00e1 la participaci\u00f3n a alturas sin precedentes. No pierda el tiempo y adquiera esta herramienta excepcional hoy para elevar su sitio web multiling\u00fce a un nivel completamente nuevo.<\/p>\n","protected":false},"featured_media":168524,"comment_status":"open","ping_status":"open","template":"","meta":[],"product_brand":[2353],"product_cat":[1220,1206,1211],"product_tag":[1451],"class_list":{"0":"post-121717","1":"product","2":"type-product","3":"status-publish","4":"has-post-thumbnail","6":"product_brand-wpml","7":"product_cat-multi-lenguaje","8":"product_cat-plugins","9":"product_cat-wordpress-plugins","10":"product_tag-wpml","11":"member-discount","12":"discount-restricted","14":"first","15":"instock","16":"sale","17":"downloadable","18":"virtual","19":"sold-individually","20":"purchasable","21":"product-type-simple"},"_links":{"self":[{"href":"https:\/\/gpl-love.com\/es\/wp-json\/wp\/v2\/product\/121717","targetHints":{"allow":["GET"]}}],"collection":[{"href":"https:\/\/gpl-love.com\/es\/wp-json\/wp\/v2\/product"}],"about":[{"href":"https:\/\/gpl-love.com\/es\/wp-json\/wp\/v2\/types\/product"}],"replies":[{"embeddable":true,"href":"https:\/\/gpl-love.com\/es\/wp-json\/wp\/v2\/comments?post=121717"}],"wp:featuredmedia":[{"embeddable":true,"href":"https:\/\/gpl-love.com\/es\/wp-json\/wp\/v2\/media\/168524"}],"wp:attachment":[{"href":"https:\/\/gpl-love.com\/es\/wp-json\/wp\/v2\/media?parent=121717"}],"wp:term":[{"taxonomy":"product_brand","embeddable":true,"href":"https:\/\/gpl-love.com\/es\/wp-json\/wp\/v2\/product_brand?post=121717"},{"taxonomy":"product_cat","embeddable":true,"href":"https:\/\/gpl-love.com\/es\/wp-json\/wp\/v2\/product_cat?post=121717"},{"taxonomy":"product_tag","embeddable":true,"href":"https:\/\/gpl-love.com\/es\/wp-json\/wp\/v2\/product_tag?post=121717"}],"curies":[{"name":"wp","href":"https:\/\/api.w.org\/{rel}","templated":true}]}}