{"id":121715,"date":"2026-03-25T00:00:00","date_gmt":"2026-03-25T05:00:00","guid":{"rendered":"https:\/\/gpl-love.com\/es\/producto\/wpml-woocommerce-multilingual\/"},"modified":"2026-03-25T17:16:54","modified_gmt":"2026-03-25T22:16:54","slug":"wpml-woocommerce-multilingual","status":"publish","type":"product","link":"https:\/\/gpl-love.com\/es\/producto\/wpml-woocommerce-multilingual\/","title":{"rendered":"WPML Woocommerce Multilingual 5.5.5"},"content":{"rendered":"<h3>WPML Woocommerce Multilingual Caracteristicas<\/h3>\n<p>WPML WooCommerce Multiling\u00fce es un complemento altamente innovador y de vanguardia que ha sido meticulosamente elaborado con el objetivo de permitirle transformar sin esfuerzo su tienda en l\u00ednea en una plataforma multiling\u00fce sin esfuerzo. Al integrar perfectamente este complemento en su tienda WooCommerce, podr\u00e1 trascender las barreras de idiomas y comunicarse efectivamente con una audiencia global diversa, lo que aumenta exponencialmente sus ventas y ampliando su alcance de una manera sin precedentes. Este notable complemento le permite traducir h\u00e1bilmente sus p\u00e1ginas de productos, categor\u00edas, etiquetas y atributos a una variedad de idiomas, asegurando as\u00ed que su tienda pueda satisfacer las preferencias ling\u00fc\u00edsticas \u00fanicas de sus clientes de varios rincones del mundo. Adem\u00e1s, este complemento impresionante incluso extiende su funcionalidad para acomodar m\u00faltiples monedas, facilitando as\u00ed una experiencia de compra simplificada para su estimada clientela, ya que pueden navegar convenientemente y hacer compras utilizando su forma preferida de moneda. Vale la pena se\u00f1alar que este complemento altamente intuitivo y f\u00e1cil de usar viene equipado con una mir\u00edada de caracter\u00edsticas de vanguardia que est\u00e1n meticulosamente dise\u00f1adas para optimizar la funcionalidad general y el rendimiento de su tienda en l\u00ednea, lo que lo convierte en una herramienta indispensable para cualquier ambicioso comercio electr\u00f3nico emprendedor.<\/p>\n<ul>\n<li>Mejora la experiencia del usuario al permitir a los clientes comprar en su idioma nativo, a trav\u00e9s del soporte multiling\u00fce.<\/li>\n<li>Permite a los propietarios de tiendas expandir su base de clientes al llegar a una audiencia global a trav\u00e9s de la integraci\u00f3n de traducciones en m\u00faltiples idiomas.<\/li>\n<li>Agiliza el proceso de administraci\u00f3n de m\u00faltiples tiendas que ofrecen diversas opciones de idioma, lo que mejora la eficiencia de la plataforma de comercio electr\u00f3nico.<\/li>\n<li>Proporciona una integraci\u00f3n perfecta con WooCommerce que permite una f\u00e1cil instalaci\u00f3n y uso.<\/li>\n<li>Permite a los propietarios de tiendas traducir f\u00e1cilmente descripciones de productos, descripciones de categor\u00edas, atributos de productos y campos personalizados en varios idiomas.<\/li>\n<li>Facilita la comunicaci\u00f3n con los clientes, independientemente de su idioma, asegurando el r\u00e1pido servicio al cliente.<\/li>\n<li>Mejora las clasificaciones de SEO del sitio web mediante la adici\u00f3n de contenido traducido con motores de b\u00fasqueda l\u00edderes.<\/li>\n<\/ul>\n","protected":false},"excerpt":{"rendered":"<p>WPML WooCommerce multiling\u00fce es un complemento incre\u00edblemente robusto y eficiente que ofrece la creaci\u00f3n perfecta y sin esfuerzo de una tienda en l\u00ednea multiling\u00fce. Le faculta traducir sin esfuerzo cada elemento de su tienda en l\u00ednea, desde productos y categor\u00edas hasta p\u00e1ginas de pago incluso, enriqueciendo as\u00ed la experiencia de compra de sus valiosos clientes. Adem\u00e1s, este complemento excepcional tambi\u00e9n cuenta con la incre\u00edble funcionalidad de apoyar m\u00faltiples monedas, liber\u00e1ndole de las curvas preocupaciones de los tipos de cambio, lo que le permite vender y atender de manera efectiva a los clientes provienen de regiones divergentes. Al aprovechar este complemento excepcional, puede establecer sin esfuerzo una tienda en l\u00ednea extraordinariamente globalizada que sea experta en satisfacer y deleitar a los clientes provenientes de cada rinc\u00f3n y grieta de nuestro vasto mundo.<\/p>\n","protected":false},"featured_media":168523,"comment_status":"open","ping_status":"open","template":"","meta":[],"product_brand":[2353],"product_cat":[1220,1206,1211],"product_tag":[1451],"class_list":{"0":"post-121715","1":"product","2":"type-product","3":"status-publish","4":"has-post-thumbnail","6":"product_brand-wpml","7":"product_cat-multi-lenguaje","8":"product_cat-plugins","9":"product_cat-wordpress-plugins","10":"product_tag-wpml","11":"member-discount","12":"discount-restricted","14":"first","15":"instock","16":"sale","17":"downloadable","18":"virtual","19":"sold-individually","20":"purchasable","21":"product-type-simple"},"_links":{"self":[{"href":"https:\/\/gpl-love.com\/es\/wp-json\/wp\/v2\/product\/121715","targetHints":{"allow":["GET"]}}],"collection":[{"href":"https:\/\/gpl-love.com\/es\/wp-json\/wp\/v2\/product"}],"about":[{"href":"https:\/\/gpl-love.com\/es\/wp-json\/wp\/v2\/types\/product"}],"replies":[{"embeddable":true,"href":"https:\/\/gpl-love.com\/es\/wp-json\/wp\/v2\/comments?post=121715"}],"wp:featuredmedia":[{"embeddable":true,"href":"https:\/\/gpl-love.com\/es\/wp-json\/wp\/v2\/media\/168523"}],"wp:attachment":[{"href":"https:\/\/gpl-love.com\/es\/wp-json\/wp\/v2\/media?parent=121715"}],"wp:term":[{"taxonomy":"product_brand","embeddable":true,"href":"https:\/\/gpl-love.com\/es\/wp-json\/wp\/v2\/product_brand?post=121715"},{"taxonomy":"product_cat","embeddable":true,"href":"https:\/\/gpl-love.com\/es\/wp-json\/wp\/v2\/product_cat?post=121715"},{"taxonomy":"product_tag","embeddable":true,"href":"https:\/\/gpl-love.com\/es\/wp-json\/wp\/v2\/product_tag?post=121715"}],"curies":[{"name":"wp","href":"https:\/\/api.w.org\/{rel}","templated":true}]}}