{"id":121713,"date":"2022-07-16T00:00:00","date_gmt":"2022-07-16T05:00:00","guid":{"rendered":"https:\/\/gpl-love.com\/es\/producto\/wpml-integration-with-amp\/"},"modified":"2026-03-09T08:31:34","modified_gmt":"2026-03-09T13:31:34","slug":"wpml-integration-with-amp","status":"publish","type":"product","link":"https:\/\/gpl-love.com\/es\/producto\/wpml-integration-with-amp\/","title":{"rendered":"WPML Integration with AMP 1.7.19"},"content":{"rendered":"<h3>WPML Integration with AMP Caracteristicas<\/h3>\n<p>Experimente la poderosa herramienta de integraci\u00f3n WPML con AMP, que le permite traducir sin esfuerzo el contenido de su sitio web en m\u00faltiples idiomas y mostrarlo sin problemas en p\u00e1ginas m\u00f3viles aceleradas (AMP). Al incorporar esta integraci\u00f3n, est\u00e1 garantizando una experiencia cohesiva e ininterrumpida para los visitantes provenientes de varios pa\u00edses, independientemente del dispositivo a trav\u00e9s del cual accedan a su contenido. La fusi\u00f3n de la integraci\u00f3n de WPML con AMP le permite no solo mejorar el SEO de su sitio web, sino tambi\u00e9n para impulsar el tr\u00e1fico y el compromiso, que finalmente culmin\u00f3 en una experiencia de usuario ejemplar. Esta soluci\u00f3n es particularmente adecuada para empresas e individuos que albergan aspiraciones de expandir su alcance global y proporcionar a su audiencia una experiencia incomparable y centrada en el usuario.<\/p>\n<ul>\n<li>Integre sin problemas WPML con AMP (p\u00e1ginas m\u00f3viles aceleradas) para mejorar la velocidad y el rendimiento del sitio web en dispositivos m\u00f3viles.<\/li>\n<li>Traducir autom\u00e1ticamente el contenido de varios idiomas al formato compatible con AMP.<\/li>\n<li>Aseg\u00farese de que todas las p\u00e1ginas traducidas se muestren correctamente en AMP, mejorando la experiencia del usuario para los visitantes internacionales.<\/li>\n<li>Optimice el SEO de su sitio web proporcionando contenido traducido al cach\u00e9 de AMP de Google, mejorando la visibilidad de su sitio web en los resultados de b\u00fasqueda.<\/li>\n<li>Instalaci\u00f3n f\u00e1cil y proceso de configuraci\u00f3n, sin necesidad de codificaci\u00f3n.<\/li>\n<li>Compatible con todos los idiomas respaldados por WPML y temas del sitio web.<\/li>\n<li>Actualizaciones regulares y soporte del desarrollador para garantizar un rendimiento y compatibilidad \u00f3ptimos con nuevas versiones de WPML y AMP.<\/li>\n<\/ul>\n","protected":false},"excerpt":{"rendered":"<p>Nuestra integraci\u00f3n de WPML con AMP presenta una notable capacidad para los propietarios de sitios web, permiti\u00e9ndoles traducir sin esfuerzo su contenido en numerosos idiomas y exhibirlo sin problemas en los dispositivos m\u00f3viles, todo el empleo de la tecnolog\u00eda AMP de vanguardia. Esta formidable integraci\u00f3n no solo amplifica la accesibilidad de su sitio web para una audiencia mundial, sino que tambi\u00e9n mejora su rendimiento de SEO a trav\u00e9s de la provisi\u00f3n de p\u00e1ginas m\u00f3viles que est\u00e1n meticulosamente optimizadas. Al incorporar la integraci\u00f3n WPML con AMP, puede optimizar de manera efectiva la gesti\u00f3n de su sitio web multiling\u00fce, todo al tiempo que garantiza un encuentro r\u00e1pido y f\u00e1cil de usar para todos sus estimados visitantes.<\/p>\n","protected":false},"featured_media":168522,"comment_status":"open","ping_status":"open","template":"","meta":[],"product_brand":[2351],"product_cat":[1220,1206,1211],"product_tag":[2229],"class_list":{"0":"post-121713","1":"product","2":"type-product","3":"status-publish","4":"has-post-thumbnail","6":"product_brand-amp-wp","7":"product_cat-multi-lenguaje","8":"product_cat-plugins","9":"product_cat-wordpress-plugins","10":"product_tag-amp-wp","11":"member-discount","12":"discount-restricted","14":"first","15":"instock","16":"sale","17":"downloadable","18":"virtual","19":"sold-individually","20":"purchasable","21":"product-type-simple"},"_links":{"self":[{"href":"https:\/\/gpl-love.com\/es\/wp-json\/wp\/v2\/product\/121713","targetHints":{"allow":["GET"]}}],"collection":[{"href":"https:\/\/gpl-love.com\/es\/wp-json\/wp\/v2\/product"}],"about":[{"href":"https:\/\/gpl-love.com\/es\/wp-json\/wp\/v2\/types\/product"}],"replies":[{"embeddable":true,"href":"https:\/\/gpl-love.com\/es\/wp-json\/wp\/v2\/comments?post=121713"}],"wp:featuredmedia":[{"embeddable":true,"href":"https:\/\/gpl-love.com\/es\/wp-json\/wp\/v2\/media\/168522"}],"wp:attachment":[{"href":"https:\/\/gpl-love.com\/es\/wp-json\/wp\/v2\/media?parent=121713"}],"wp:term":[{"taxonomy":"product_brand","embeddable":true,"href":"https:\/\/gpl-love.com\/es\/wp-json\/wp\/v2\/product_brand?post=121713"},{"taxonomy":"product_cat","embeddable":true,"href":"https:\/\/gpl-love.com\/es\/wp-json\/wp\/v2\/product_cat?post=121713"},{"taxonomy":"product_tag","embeddable":true,"href":"https:\/\/gpl-love.com\/es\/wp-json\/wp\/v2\/product_tag?post=121713"}],"curies":[{"name":"wp","href":"https:\/\/api.w.org\/{rel}","templated":true}]}}