{"id":121711,"date":"2026-02-14T00:00:00","date_gmt":"2026-02-14T05:00:00","guid":{"rendered":"https:\/\/gpl-love.com\/es\/producto\/wpforms-pro-drag-y-drop-wordpress-form-builder\/"},"modified":"2026-03-09T08:31:15","modified_gmt":"2026-03-09T13:31:15","slug":"wpforms-pro-drag-y-drop-wordpress-form-builder","status":"publish","type":"product","link":"https:\/\/gpl-love.com\/es\/producto\/wpforms-pro-drag-y-drop-wordpress-form-builder\/","title":{"rendered":"WPForms Pro Form Builder 1.9.9.2"},"content":{"rendered":"<h3>WPForms Pro Form Builder Caracteristicas<\/h3>\n<p>WPFORMS Pro Drag y Drop WordPress Form Builder, una herramienta verdaderamente excepcional, ofrece a los usuarios la capacidad de crear y publicar sin esfuerzo formularios visualmente cautivadores en sus sitios web. A trav\u00e9s de su interfaz de arrastrar y soltar f\u00e1cilmente de uso de usuarios, las personas pueden personalizar sin esfuerzo sus formularios para alinearse con sus requisitos \u00fanicos, incorporando una amplia gama de campos e integrarlos sin problemas con herramientas de terceros muy buscadas como MailChimp, Zapier, y PayPal. Adem\u00e1s, este complemento cuenta con una l\u00f3gica condicional inteligente, capacidades de forma m\u00faltiple de la p\u00e1gina y protecci\u00f3n de spam robusta, asegurando la m\u00e1xima seguridad, eficiencia y facilidad de uso de los formularios. WPFORMS Pro Drag y Drop WordPress Form Builder demuestra ser una opci\u00f3n ejemplar para las personas que buscan crear formularios extraordinarios sin la necesidad de codificaci\u00f3n o experiencia t\u00e9cnica.<\/p>\n<ul>\n<li>Potente generador de formulario de arrastre y soltar para sitios web de WordPress<\/li>\n<li>Crear formas de aspecto profesional en cuesti\u00f3n de minutos<\/li>\n<li>Plantillas de formularios personalizables para diferentes industrias y prop\u00f3sitos<\/li>\n<li>Capacidad para agregar m\u00faltiples campos de formulario, incluida la carga de archivos, la l\u00f3gica condicional e integraci\u00f3n de pagos<\/li>\n<li>Integraci\u00f3n perfecta con varios servicios de marketing por correo electr\u00f3nico y CRMS<\/li>\n<li>Caracter\u00edsticas avanzadas para gestionar las entradas de formularios y analizar estad\u00edsticas de env\u00edo de formulario<\/li>\n<li>Dise\u00f1o receptivo m\u00f3vil para un acceso conveniente en cualquier dispositivo<\/li>\n<li>F\u00e1cil integraci\u00f3n con el editor de WordPress Gutenberg<\/li>\n<li>No se requiere codificaci\u00f3n, interfaz para principiantes<\/li>\n<li>Atenci\u00f3n al cliente 24\/7 y actualizaciones regulares para correcciones de errores y nuevas funciones.<\/li>\n<\/ul>\n","protected":false},"excerpt":{"rendered":"<p>Si est\u00e1 en busca de un m\u00e9todo simple y conveniente para generar y personalizar los formularios de WordPress, definitivamente debe considerar WPFORMS Pro Drag y Sage WordPress Form Builder. Esta herramienta altamente eficiente ha sido dise\u00f1ada espec\u00edficamente con la facilidad de uso en mente, lo que le permite crear sin esfuerzo cualquier tipo de forma que pueda necesitar, desde formularios de contacto b\u00e1sicos hasta encuestas integrales, pruebas, formularios de pago y mucho m\u00e1s. La mejor parte es que no es necesario conocimientos de codificaci\u00f3n. Con su conveniente interfaz de arrastrar y soltar, plantillas personalizables, una estricta adherencia a las regulaciones de GDPR, la inclusi\u00f3n de campos de forma avanzados e integraci\u00f3n perfecta con sus herramientas de marketing preferidas, WPForms pro elimina efectivamente las complejidades asociadas con la construcci\u00f3n de formulario y le impulsa a expandir con confianza con confianza. Tu presencia en l\u00ednea.<\/p>\n","protected":false},"featured_media":168509,"comment_status":"open","ping_status":"open","template":"","meta":[],"product_brand":[2628],"product_cat":[1216,1206,1211],"product_tag":[1440],"class_list":{"0":"post-121711","1":"product","2":"type-product","3":"status-publish","4":"has-post-thumbnail","6":"product_brand-wp-forms","7":"product_cat-formas","8":"product_cat-plugins","9":"product_cat-wordpress-plugins","10":"product_tag-wp-forms","11":"member-discount","12":"discount-restricted","14":"first","15":"instock","16":"sale","17":"downloadable","18":"virtual","19":"sold-individually","20":"purchasable","21":"product-type-simple"},"_links":{"self":[{"href":"https:\/\/gpl-love.com\/es\/wp-json\/wp\/v2\/product\/121711","targetHints":{"allow":["GET"]}}],"collection":[{"href":"https:\/\/gpl-love.com\/es\/wp-json\/wp\/v2\/product"}],"about":[{"href":"https:\/\/gpl-love.com\/es\/wp-json\/wp\/v2\/types\/product"}],"replies":[{"embeddable":true,"href":"https:\/\/gpl-love.com\/es\/wp-json\/wp\/v2\/comments?post=121711"}],"wp:featuredmedia":[{"embeddable":true,"href":"https:\/\/gpl-love.com\/es\/wp-json\/wp\/v2\/media\/168509"}],"wp:attachment":[{"href":"https:\/\/gpl-love.com\/es\/wp-json\/wp\/v2\/media?parent=121711"}],"wp:term":[{"taxonomy":"product_brand","embeddable":true,"href":"https:\/\/gpl-love.com\/es\/wp-json\/wp\/v2\/product_brand?post=121711"},{"taxonomy":"product_cat","embeddable":true,"href":"https:\/\/gpl-love.com\/es\/wp-json\/wp\/v2\/product_cat?post=121711"},{"taxonomy":"product_tag","embeddable":true,"href":"https:\/\/gpl-love.com\/es\/wp-json\/wp\/v2\/product_tag?post=121711"}],"curies":[{"name":"wp","href":"https:\/\/api.w.org\/{rel}","templated":true}]}}